{"id":4640,"date":"2016-05-13T00:11:39","date_gmt":"2016-05-12T22:11:39","guid":{"rendered":"http:\/\/www.feuerwehr-matzen.at\/?page_id=4640"},"modified":"2020-09-18T14:15:23","modified_gmt":"2020-09-18T12:15:23","slug":"12-mai-2016-2","status":"publish","type":"page","link":"https:\/\/www.feuerwehr-matzen.at\/?page_id=4640","title":{"rendered":"12. Mai 2016"},"content":{"rendered":"<p><strong>Fahrzeugbergung<\/strong><a title=\"Eins\u00e4tze\" href=\"https:\/\/www.feuerwehr-matzen.at\/?page_id=4413\"><img loading=\"lazy\" decoding=\"async\" class=\"alignright size-full wp-image-1833\" alt=\"return\" src=\"https:\/\/www.feuerwehr-matzen.at\/wp-content\/uploads\/2013\/07\/return.jpg\" width=\"65\" height=\"30\" \/><\/a><\/p>\n<p>Unmittelbar nach dem Einr\u00fccken nach dem letzten Einsatz wurde die Feuerwehr Matzen telefonisch \u00fcber einen erneuten Verkehrsunfall informiert. Aufgrund der l\u00fcckenhaften Informationen r\u00fcckten zwei Kameraden mit dem Kommandofahrzeug zur Ungl\u00fccksstelle auf der L19 Richtung Gro\u00df Schweinbarth aus. Kurz nach der Kreuzung Richtung Raggendorf kollidierten zwei Fahrzeuge und landeten in Folge im angrenzenden Feld. Gl\u00fccklicherweise wurden auch bei diesem Verkehrsunfall die beiden PKW-Lenker nur leicht verletzt. Unverz\u00fcglich nach der Erkundung wurde die Einsatzstelle abgesichert und die zust\u00e4ndige Feuerwehr Raggendorf alarmiert. Gleichzeitig wurden die Kameraden der Matzner Feuerwehr \u00fcber den Folgeeinsatz informiert. Die gleichzeitig eintreffenden Feuerwehrfahrzeuge bargen die Unfallwracks und verbrachten diese. Nach der Fahrzeugbergung wurden noch durch die Feuerwehr Raggendorf die Verkehrsfl\u00e4chen gereinigt, bevor die Einsatzkr\u00e4fte wieder einr\u00fccken und ihre Einsatzbereitschaft herstellen konnten.<\/p>\n<p>Im Einsatz befindliche Fahrzeuge: RLF-A 2000, KDO<br \/>\nMannschaftsst\u00e4rke: 8<br \/>\nsonstige Einsatzkr\u00e4fte: Polizei, RK G\u00e4nserndorf, FF Raggendorf<\/p>\n<p><a href=\"https:\/\/www.feuerwehr-matzen.at\/wp-content\/uploads\/2016\/05\/DSC00838.jpg\"><img loading=\"lazy\" decoding=\"async\" src=\"https:\/\/www.feuerwehr-matzen.at\/wp-content\/uploads\/2016\/05\/DSC00838-150x150.jpg\" alt=\"DSC00838\" width=\"150\" height=\"150\" class=\"alignleft size-thumbnail wp-image-4643\" \/><\/a><\/p>\n<p><a href=\"https:\/\/www.feuerwehr-matzen.at\/wp-content\/uploads\/2016\/05\/DSC00842.jpg\"><img loading=\"lazy\" decoding=\"async\" src=\"https:\/\/www.feuerwehr-matzen.at\/wp-content\/uploads\/2016\/05\/DSC00842-150x150.jpg\" alt=\"DSC00842\" width=\"150\" height=\"150\" class=\"alignleft size-thumbnail wp-image-4644\" \/><\/a><\/p>\n<p><a href=\"https:\/\/www.feuerwehr-matzen.at\/wp-content\/uploads\/2016\/05\/DSC00843.jpg\"><img loading=\"lazy\" decoding=\"async\" src=\"https:\/\/www.feuerwehr-matzen.at\/wp-content\/uploads\/2016\/05\/DSC00843-150x150.jpg\" alt=\"DSC00843\" width=\"150\" height=\"150\" class=\"alignleft size-thumbnail wp-image-4645\" \/><\/a><\/p>\n<p><a href=\"https:\/\/www.feuerwehr-matzen.at\/wp-content\/uploads\/2016\/05\/DSC00846.jpg\"><img loading=\"lazy\" decoding=\"async\" src=\"https:\/\/www.feuerwehr-matzen.at\/wp-content\/uploads\/2016\/05\/DSC00846-150x150.jpg\" alt=\"DSC00846\" width=\"150\" height=\"150\" class=\"alignleft size-thumbnail wp-image-4646\" \/><\/a><\/p>\n<p><a href=\"https:\/\/www.feuerwehr-matzen.at\/wp-content\/uploads\/2016\/05\/DSC00847.jpg\"><img loading=\"lazy\" decoding=\"async\" src=\"https:\/\/www.feuerwehr-matzen.at\/wp-content\/uploads\/2016\/05\/DSC00847-150x150.jpg\" alt=\"DSC00847\" width=\"150\" height=\"150\" class=\"alignleft size-thumbnail wp-image-4647\" \/><\/a><\/p>\n","protected":false},"excerpt":{"rendered":"<p>Fahrzeugbergung Unmittelbar nach dem Einr\u00fccken nach dem letzten Einsatz wurde die Feuerwehr Matzen telefonisch \u00fcber einen erneuten Verkehrsunfall informiert. Aufgrund der l\u00fcckenhaften Informationen r\u00fcckten zwei Kameraden mit dem Kommandofahrzeug zur Ungl\u00fccksstelle auf der L19 Richtung Gro\u00df Schweinbarth aus. Kurz nach <a class=\"more-link\" href=\"https:\/\/www.feuerwehr-matzen.at\/?page_id=4640\">weiterlesen  <span class=\"screen-reader-text\">  12. Mai 2016<\/span><span class=\"meta-nav\">&rarr;<\/span><\/a><\/p>\n","protected":false},"author":6,"featured_media":0,"parent":0,"menu_order":0,"comment_status":"closed","ping_status":"closed","template":"","meta":{"footnotes":""},"class_list":["post-4640","page","type-page","status-publish","hentry"],"_links":{"self":[{"href":"https:\/\/www.feuerwehr-matzen.at\/index.php?rest_route=\/wp\/v2\/pages\/4640","targetHints":{"allow":["GET"]}}],"collection":[{"href":"https:\/\/www.feuerwehr-matzen.at\/index.php?rest_route=\/wp\/v2\/pages"}],"about":[{"href":"https:\/\/www.feuerwehr-matzen.at\/index.php?rest_route=\/wp\/v2\/types\/page"}],"author":[{"embeddable":true,"href":"https:\/\/www.feuerwehr-matzen.at\/index.php?rest_route=\/wp\/v2\/users\/6"}],"replies":[{"embeddable":true,"href":"https:\/\/www.feuerwehr-matzen.at\/index.php?rest_route=%2Fwp%2Fv2%2Fcomments&post=4640"}],"version-history":[{"count":2,"href":"https:\/\/www.feuerwehr-matzen.at\/index.php?rest_route=\/wp\/v2\/pages\/4640\/revisions"}],"predecessor-version":[{"id":4648,"href":"https:\/\/www.feuerwehr-matzen.at\/index.php?rest_route=\/wp\/v2\/pages\/4640\/revisions\/4648"}],"wp:attachment":[{"href":"https:\/\/www.feuerwehr-matzen.at\/index.php?rest_route=%2Fwp%2Fv2%2Fmedia&parent=4640"}],"curies":[{"name":"wp","href":"https:\/\/api.w.org\/{rel}","templated":true}]}}