{"id":4666,"date":"2016-06-22T10:15:52","date_gmt":"2016-06-22T08:15:52","guid":{"rendered":"http:\/\/www.feuerwehr-matzen.at\/?page_id=4666"},"modified":"2020-09-18T14:15:34","modified_gmt":"2020-09-18T12:15:34","slug":"21-juni-2016","status":"publish","type":"page","link":"https:\/\/www.feuerwehr-matzen.at\/?page_id=4666","title":{"rendered":"21. Juni 2016"},"content":{"rendered":"<p><strong>Fahrzeugbergung<\/strong><a title=\"Eins\u00e4tze\" href=\"https:\/\/www.feuerwehr-matzen.at\/?page_id=4413\"><img loading=\"lazy\" decoding=\"async\" class=\"alignright size-full wp-image-1833\" src=\"https:\/\/www.feuerwehr-matzen.at\/wp-content\/uploads\/2013\/07\/return.jpg\" alt=\"return\" width=\"65\" height=\"30\" \/><\/a><\/p>\n<p>Am 21. Juni 2016 wurde die Feuerwehr Matzen um 21:57 mittels Sirene, SMS-Alarm und Pager zu einer Fahrzeugbergung auf der Hauptstra\u00dfe alarmiert.<br \/>\nEin  polnischer Pkw kollidierte  mit einem am Fahrzeugrand abgestellten Bagger, drehte sich in Folge und kam quer zur Fahrtrichtung zum Stillstand. Zuf\u00e4llig wurde der Knall auch von einem Feuerwehrmitglied wahrgenommen, der unverz\u00fcglich die Einsatzkr\u00e4fte alarmierte. Kurz darauf r\u00fcckten 15 Mann mit 2 Fahrzeugen zur Unfallstelle aus. Am Einsatzort angekommen, wurde umgehend die Einsatzstelle abgesichert und der Brandschutz aufgebaut. Nach der Erstversorgung der Ungl\u00fcckslenker wurde das Rote Kreuz G\u00e4nserndorf nachalarmiert, um die Insassen zur Kontrolle ins n\u00e4chstgelegene Krankenhaus zu verbringen. Nach der Freigabe des Unfallfahrzeuges durch die Polizei, konnte mit der Fahrzeugbergung begonnen werden. Mittels Seilwinde des R\u00fcstl\u00f6schfahrzeuges wurde das Wrack wieder in Fahrtrichtung gezogen und mittels Abschleppachse verbracht. Nach der Reinigung der Verkehrsfl\u00e4chen konnten die Florianij\u00fcnger nach rund 2 Stunden wieder abr\u00fccken und die Einsatzbereitschaft herstellen.<\/p>\n<p>Im Einsatz befindliche Fahrzeuge: RLF-A 2000, KDO<br \/>\nMannschaftsst\u00e4rke: 15<br \/>\nsonstige Einsatzkr\u00e4fte: Polizei, RK G\u00e4nserndorf<\/p>\n<p><a href=\"https:\/\/www.feuerwehr-matzen.at\/wp-content\/uploads\/2016\/06\/DSC00882.jpg\"><img loading=\"lazy\" decoding=\"async\" src=\"https:\/\/www.feuerwehr-matzen.at\/wp-content\/uploads\/2016\/06\/DSC00882-150x150.jpg\" alt=\"DSC00810\" width=\"150\" height=\"150\" class=\"alignleft size-thumbnail wp-image-4631\" \/><\/a><\/p>\n<p><a href=\"https:\/\/www.feuerwehr-matzen.at\/wp-content\/uploads\/2016\/06\/DSC00885.jpg\"><img loading=\"lazy\" decoding=\"async\" src=\"https:\/\/www.feuerwehr-matzen.at\/wp-content\/uploads\/2016\/06\/DSC00885-150x150.jpg\" alt=\"DSC00812\" width=\"150\" height=\"150\" class=\"alignleft size-thumbnail wp-image-4632\" \/><\/a><\/p>\n<p><a href=\"https:\/\/www.feuerwehr-matzen.at\/wp-content\/uploads\/2016\/06\/DSC00889.jpg\"><img loading=\"lazy\" decoding=\"async\" src=\"https:\/\/www.feuerwehr-matzen.at\/wp-content\/uploads\/2016\/06\/DSC00889-150x150.jpg\" alt=\"DSC00819\" width=\"150\" height=\"150\" class=\"alignleft size-thumbnail wp-image-4633\" \/><\/a><\/p>\n<p><a href=\"https:\/\/www.feuerwehr-matzen.at\/wp-content\/uploads\/2016\/06\/DSC00895.jpg\"><img loading=\"lazy\" decoding=\"async\" src=\"https:\/\/www.feuerwehr-matzen.at\/wp-content\/uploads\/2016\/06\/DSC00895-150x150.jpg\" alt=\"DSC00821\" width=\"150\" height=\"150\" class=\"alignleft size-thumbnail wp-image-4634\" \/><\/a><\/p>\n","protected":false},"excerpt":{"rendered":"<p>Fahrzeugbergung Am 21. Juni 2016 wurde die Feuerwehr Matzen um 21:57 mittels Sirene, SMS-Alarm und Pager zu einer Fahrzeugbergung auf der Hauptstra\u00dfe alarmiert. Ein polnischer Pkw kollidierte mit einem am Fahrzeugrand abgestellten Bagger, drehte sich in Folge und kam quer <a class=\"more-link\" href=\"https:\/\/www.feuerwehr-matzen.at\/?page_id=4666\">weiterlesen  <span class=\"screen-reader-text\">  21. Juni 2016<\/span><span class=\"meta-nav\">&rarr;<\/span><\/a><\/p>\n","protected":false},"author":6,"featured_media":0,"parent":0,"menu_order":0,"comment_status":"closed","ping_status":"closed","template":"","meta":{"footnotes":""},"class_list":["post-4666","page","type-page","status-publish","hentry"],"_links":{"self":[{"href":"https:\/\/www.feuerwehr-matzen.at\/index.php?rest_route=\/wp\/v2\/pages\/4666","targetHints":{"allow":["GET"]}}],"collection":[{"href":"https:\/\/www.feuerwehr-matzen.at\/index.php?rest_route=\/wp\/v2\/pages"}],"about":[{"href":"https:\/\/www.feuerwehr-matzen.at\/index.php?rest_route=\/wp\/v2\/types\/page"}],"author":[{"embeddable":true,"href":"https:\/\/www.feuerwehr-matzen.at\/index.php?rest_route=\/wp\/v2\/users\/6"}],"replies":[{"embeddable":true,"href":"https:\/\/www.feuerwehr-matzen.at\/index.php?rest_route=%2Fwp%2Fv2%2Fcomments&post=4666"}],"version-history":[{"count":2,"href":"https:\/\/www.feuerwehr-matzen.at\/index.php?rest_route=\/wp\/v2\/pages\/4666\/revisions"}],"predecessor-version":[{"id":4674,"href":"https:\/\/www.feuerwehr-matzen.at\/index.php?rest_route=\/wp\/v2\/pages\/4666\/revisions\/4674"}],"wp:attachment":[{"href":"https:\/\/www.feuerwehr-matzen.at\/index.php?rest_route=%2Fwp%2Fv2%2Fmedia&parent=4666"}],"curies":[{"name":"wp","href":"https:\/\/api.w.org\/{rel}","templated":true}]}}