{"id":4721,"date":"2016-08-31T10:19:57","date_gmt":"2016-08-31T08:19:57","guid":{"rendered":"http:\/\/www.feuerwehr-matzen.at\/?page_id=4721"},"modified":"2020-09-18T14:15:35","modified_gmt":"2020-09-18T12:15:35","slug":"31-august-2016","status":"publish","type":"page","link":"https:\/\/www.feuerwehr-matzen.at\/?page_id=4721","title":{"rendered":"31. August 2016"},"content":{"rendered":"<p><strong>Fahrzeugbergung<\/strong><a title=\"Eins\u00e4tze\" href=\"https:\/\/www.feuerwehr-matzen.at\/?page_id=4413\"><img loading=\"lazy\" decoding=\"async\" class=\"alignright size-full wp-image-1833\" src=\"https:\/\/www.feuerwehr-matzen.at\/wp-content\/uploads\/2013\/07\/return.jpg\" alt=\"return\" width=\"65\" height=\"30\" \/><\/a><\/p>\n<p>Am 31. August 2016 wurde die Feuerwehr Matzen um 07.21 Uhr mittels Sirene, SMS-Alarm und Pager zu einem technischen Einsatz &#8211; Fahrzeugbergung nach Verkehrsunfall auf der L19 Richtung Prottes alarmiert.<br \/>\nUnverz\u00fcglich r\u00fcckten 11 Mann mit 2 Fahrzeugen zum Einsatzort aus. Ein Pkw-Lenker kam in der Nacht aus unbekannter Ursache ins Schleudern, touchierte in Folge einen Baum und kam im angrenzenden Feld zum Stillstand. Ein in der Fr\u00fch vorbeifahrender Fahrzeuglenker bemerkte das Unfallfahrzeug und alarmierte die Einsatzkr\u00e4fte. Nach dem Eintreffen der Florianij\u00fcnger wurde die Einsatzstelle abgesichert und die Polizei bei der Datenaufnahme unterst\u00fctzt. Im Anschluss wurden die zerstreuten Fahrzeugteile aufgesammelt und das Unfallwrack mittels Gemeindebagger auf einen von der Polizei zugewiesenen Platz gesichert abgestellt. Nach rund einer dreiviertel Stunde konnten die Einsatzkr\u00e4fte abr\u00fccken und die Einsatzbereitschaft wieder herstellen.<\/p>\n<p>Im Einsatz befindliche Fahrzeuge: RLF-A 2000, KDO<br \/>\nMannschaftsst\u00e4rke: 11<br \/>\nsonstige Einsatzkr\u00e4fte: Polizei<\/p>\n<p><a href=\"https:\/\/www.feuerwehr-matzen.at\/wp-content\/uploads\/2016\/08\/DSC01011.jpg\"><img loading=\"lazy\" decoding=\"async\" src=\"https:\/\/www.feuerwehr-matzen.at\/wp-content\/uploads\/2016\/08\/DSC01011-150x150.jpg\" alt=\"DSC01011\" width=\"150\" height=\"150\" class=\"alignleft size-thumbnail wp-image-4711\" \/><\/a><\/p>\n<p><a href=\"https:\/\/www.feuerwehr-matzen.at\/wp-content\/uploads\/2016\/08\/DSC01012.jpg\"><img loading=\"lazy\" decoding=\"async\" src=\"https:\/\/www.feuerwehr-matzen.at\/wp-content\/uploads\/2016\/08\/DSC01012-150x150.jpg\" alt=\"DSC01012\" width=\"150\" height=\"150\" class=\"alignleft size-thumbnail wp-image-4712\" \/><\/a><\/p>\n<p><a href=\"https:\/\/www.feuerwehr-matzen.at\/wp-content\/uploads\/2016\/08\/DSC01015.jpg\"><img loading=\"lazy\" decoding=\"async\" src=\"https:\/\/www.feuerwehr-matzen.at\/wp-content\/uploads\/2016\/08\/DSC01015-150x150.jpg\" alt=\"DSC01015\" width=\"150\" height=\"150\" class=\"alignleft size-thumbnail wp-image-4713\" \/><\/a><\/p>\n<p><a href=\"https:\/\/www.feuerwehr-matzen.at\/wp-content\/uploads\/2016\/08\/DSC01018.jpg\"><img loading=\"lazy\" decoding=\"async\" src=\"https:\/\/www.feuerwehr-matzen.at\/wp-content\/uploads\/2016\/08\/DSC01018-150x150.jpg\" alt=\"DSC01018\" width=\"150\" height=\"150\" class=\"alignleft size-thumbnail wp-image-4714\" \/><\/a><\/p>\n<p><a href=\"https:\/\/www.feuerwehr-matzen.at\/wp-content\/uploads\/2016\/08\/DSC01021.jpg\"><img loading=\"lazy\" decoding=\"async\" src=\"https:\/\/www.feuerwehr-matzen.at\/wp-content\/uploads\/2016\/08\/DSC01021-150x150.jpg\" alt=\"DSC01021\" width=\"150\" height=\"150\" class=\"alignleft size-thumbnail wp-image-4715\" \/><\/a><\/p>\n<p><a href=\"https:\/\/www.feuerwehr-matzen.at\/wp-content\/uploads\/2016\/08\/DSC01023.jpg\"><img loading=\"lazy\" decoding=\"async\" src=\"https:\/\/www.feuerwehr-matzen.at\/wp-content\/uploads\/2016\/08\/DSC01023-150x150.jpg\" alt=\"DSC01023\" width=\"150\" height=\"150\" class=\"alignleft size-thumbnail wp-image-4716\" \/><\/a><\/p>\n<p><a href=\"https:\/\/www.feuerwehr-matzen.at\/wp-content\/uploads\/2016\/08\/DSC01027.jpg\"><img loading=\"lazy\" decoding=\"async\" src=\"https:\/\/www.feuerwehr-matzen.at\/wp-content\/uploads\/2016\/08\/DSC01027-150x150.jpg\" alt=\"DSC01027\" width=\"150\" height=\"150\" class=\"alignleft size-thumbnail wp-image-4717\" \/><\/a><\/p>\n<p><a href=\"https:\/\/www.feuerwehr-matzen.at\/wp-content\/uploads\/2016\/08\/DSC01029.jpg\"><img loading=\"lazy\" decoding=\"async\" src=\"https:\/\/www.feuerwehr-matzen.at\/wp-content\/uploads\/2016\/08\/DSC01029-150x150.jpg\" alt=\"DSC01029\" width=\"150\" height=\"150\" class=\"alignleft size-thumbnail wp-image-4718\" \/><\/a><\/p>\n","protected":false},"excerpt":{"rendered":"<p>Fahrzeugbergung Am 31. August 2016 wurde die Feuerwehr Matzen um 07.21 Uhr mittels Sirene, SMS-Alarm und Pager zu einem technischen Einsatz &#8211; Fahrzeugbergung nach Verkehrsunfall auf der L19 Richtung Prottes alarmiert. Unverz\u00fcglich r\u00fcckten 11 Mann mit 2 Fahrzeugen zum Einsatzort <a class=\"more-link\" href=\"https:\/\/www.feuerwehr-matzen.at\/?page_id=4721\">weiterlesen  <span class=\"screen-reader-text\">  31. August 2016<\/span><span class=\"meta-nav\">&rarr;<\/span><\/a><\/p>\n","protected":false},"author":6,"featured_media":0,"parent":0,"menu_order":0,"comment_status":"closed","ping_status":"closed","template":"","meta":{"footnotes":""},"class_list":["post-4721","page","type-page","status-publish","hentry"],"_links":{"self":[{"href":"https:\/\/www.feuerwehr-matzen.at\/index.php?rest_route=\/wp\/v2\/pages\/4721","targetHints":{"allow":["GET"]}}],"collection":[{"href":"https:\/\/www.feuerwehr-matzen.at\/index.php?rest_route=\/wp\/v2\/pages"}],"about":[{"href":"https:\/\/www.feuerwehr-matzen.at\/index.php?rest_route=\/wp\/v2\/types\/page"}],"author":[{"embeddable":true,"href":"https:\/\/www.feuerwehr-matzen.at\/index.php?rest_route=\/wp\/v2\/users\/6"}],"replies":[{"embeddable":true,"href":"https:\/\/www.feuerwehr-matzen.at\/index.php?rest_route=%2Fwp%2Fv2%2Fcomments&post=4721"}],"version-history":[{"count":1,"href":"https:\/\/www.feuerwehr-matzen.at\/index.php?rest_route=\/wp\/v2\/pages\/4721\/revisions"}],"predecessor-version":[{"id":4722,"href":"https:\/\/www.feuerwehr-matzen.at\/index.php?rest_route=\/wp\/v2\/pages\/4721\/revisions\/4722"}],"wp:attachment":[{"href":"https:\/\/www.feuerwehr-matzen.at\/index.php?rest_route=%2Fwp%2Fv2%2Fmedia&parent=4721"}],"curies":[{"name":"wp","href":"https:\/\/api.w.org\/{rel}","templated":true}]}}