{"id":4725,"date":"2016-09-10T12:52:25","date_gmt":"2016-09-10T10:52:25","guid":{"rendered":"http:\/\/www.feuerwehr-matzen.at\/?page_id=4725"},"modified":"2020-09-18T14:15:11","modified_gmt":"2020-09-18T12:15:11","slug":"09-august-2016-2","status":"publish","type":"page","link":"https:\/\/www.feuerwehr-matzen.at\/?page_id=4725","title":{"rendered":"09. September 2016"},"content":{"rendered":"<p><strong>Person in Notlage<\/strong><a title=\"Eins\u00e4tze\" href=\"https:\/\/www.feuerwehr-matzen.at\/?page_id=4413\"><img loading=\"lazy\" decoding=\"async\" class=\"alignright size-full wp-image-1833\" src=\"https:\/\/www.feuerwehr-matzen.at\/wp-content\/uploads\/2013\/07\/return.jpg\" alt=\"return\" width=\"65\" height=\"30\" \/><\/a><\/p>\n<p>Am 8. September 2016 wurde die Feuerwehr Matzen um 11:54 Uhr mittels Sirene, SMS-Alarm und Pager zu einem Person in Notlage\/Medizinischer Notfall alarmiert. Nachdem ein Matzener einen Notruf bei der Rettung absetzte und diese den Anrufer nicht mehr erreichen konnte, wurden die beiden Feuerwehr Matzen und Raggendorf alarmiert. Am Einsatzort angekommen, st\u00fcrmte uns bereits eine Nachbarin mit dem Schl\u00fcssel entgegen. Wenige Augenblicke sp\u00e4ter konnte die Person aufgefunden werden. Da der Rettungsdienst noch nicht vor Ort war, versorgte ein Feuerwehrsanit\u00e4ter den Verletzten bis zum Eintreffen des Roten Kreuzes aus G\u00e4nserndorf. Nach rund 30 Minuten konnten die Einsatzkr\u00e4fte abr\u00fccken und die Einsatzbereitschaft wieder herstellen.<\/p>\n<p>Im Einsatz befindliche Fahrzeuge: RLF-A 2000, KDO<br \/>\nMannschaftsst\u00e4rke: 10<br \/>\nsonstige Einsatzkr\u00e4fte: FF Raggendorf, Polizei, RK G\u00e4nserndorf<\/p>\n<p><a href=\"https:\/\/www.feuerwehr-matzen.at\/wp-content\/uploads\/2016\/09\/DSC01047.jpg\"><img loading=\"lazy\" decoding=\"async\" src=\"https:\/\/www.feuerwehr-matzen.at\/wp-content\/uploads\/2016\/09\/DSC01047-150x150.jpg\" alt=\"DSC01047\" width=\"150\" height=\"150\" class=\"alignleft size-thumbnail wp-image-4726\" \/><\/a><\/p>\n<p><a href=\"https:\/\/www.feuerwehr-matzen.at\/wp-content\/uploads\/2016\/09\/DSC01049.jpg\"><img loading=\"lazy\" decoding=\"async\" src=\"https:\/\/www.feuerwehr-matzen.at\/wp-content\/uploads\/2016\/09\/DSC01049-150x150.jpg\" alt=\"DSC01049\" width=\"150\" height=\"150\" class=\"alignleft size-thumbnail wp-image-4727\" \/><\/a><\/p>\n<p><a href=\"https:\/\/www.feuerwehr-matzen.at\/wp-content\/uploads\/2016\/09\/DSC01050.jpg\"><img loading=\"lazy\" decoding=\"async\" src=\"https:\/\/www.feuerwehr-matzen.at\/wp-content\/uploads\/2016\/09\/DSC01050-150x150.jpg\" alt=\"DSC01050\" width=\"150\" height=\"150\" class=\"alignleft size-thumbnail wp-image-4728\" \/><\/a><\/p>\n","protected":false},"excerpt":{"rendered":"<p>Person in Notlage Am 8. September 2016 wurde die Feuerwehr Matzen um 11:54 Uhr mittels Sirene, SMS-Alarm und Pager zu einem Person in Notlage\/Medizinischer Notfall alarmiert. Nachdem ein Matzener einen Notruf bei der Rettung absetzte und diese den Anrufer nicht <a class=\"more-link\" href=\"https:\/\/www.feuerwehr-matzen.at\/?page_id=4725\">weiterlesen  <span class=\"screen-reader-text\">  09. September 2016<\/span><span class=\"meta-nav\">&rarr;<\/span><\/a><\/p>\n","protected":false},"author":6,"featured_media":0,"parent":0,"menu_order":0,"comment_status":"closed","ping_status":"closed","template":"","meta":{"footnotes":""},"class_list":["post-4725","page","type-page","status-publish","hentry"],"_links":{"self":[{"href":"https:\/\/www.feuerwehr-matzen.at\/index.php?rest_route=\/wp\/v2\/pages\/4725","targetHints":{"allow":["GET"]}}],"collection":[{"href":"https:\/\/www.feuerwehr-matzen.at\/index.php?rest_route=\/wp\/v2\/pages"}],"about":[{"href":"https:\/\/www.feuerwehr-matzen.at\/index.php?rest_route=\/wp\/v2\/types\/page"}],"author":[{"embeddable":true,"href":"https:\/\/www.feuerwehr-matzen.at\/index.php?rest_route=\/wp\/v2\/users\/6"}],"replies":[{"embeddable":true,"href":"https:\/\/www.feuerwehr-matzen.at\/index.php?rest_route=%2Fwp%2Fv2%2Fcomments&post=4725"}],"version-history":[{"count":2,"href":"https:\/\/www.feuerwehr-matzen.at\/index.php?rest_route=\/wp\/v2\/pages\/4725\/revisions"}],"predecessor-version":[{"id":4731,"href":"https:\/\/www.feuerwehr-matzen.at\/index.php?rest_route=\/wp\/v2\/pages\/4725\/revisions\/4731"}],"wp:attachment":[{"href":"https:\/\/www.feuerwehr-matzen.at\/index.php?rest_route=%2Fwp%2Fv2%2Fmedia&parent=4725"}],"curies":[{"name":"wp","href":"https:\/\/api.w.org\/{rel}","templated":true}]}}