{"id":4737,"date":"2016-09-10T12:56:14","date_gmt":"2016-09-10T10:56:14","guid":{"rendered":"http:\/\/www.feuerwehr-matzen.at\/?page_id=4737"},"modified":"2020-09-18T14:15:11","modified_gmt":"2020-09-18T12:15:11","slug":"02-september-2016","status":"publish","type":"page","link":"https:\/\/www.feuerwehr-matzen.at\/?page_id=4737","title":{"rendered":"02. September 2016"},"content":{"rendered":"<p><strong>Brandeinsatz\u00fcbung<\/strong><a title=\"\u00dcbungen 2016\" href=\"https:\/\/www.feuerwehr-matzen.at\/?page_id=4530\"><img loading=\"lazy\" decoding=\"async\" class=\"alignright size-full wp-image-1833\" alt=\"return\" src=\"https:\/\/www.feuerwehr-matzen.at\/wp-content\/uploads\/2013\/07\/return.jpg\" width=\"65\" height=\"30\" \/><\/a><\/p>\n<p> Am 9. September fand in Spannberg eine gr\u00f6\u00dfere \u00dcbung statt, an der die Florianij\u00fcnger aus Matzen teilnehmen durften. Auf einem landwirtschaftlichen Objekt wurde unter realen Bedingungen ein Brand mit vermissten Personen simuliert. Die Aufgabe der Einsatzkr\u00e4fte aus Matzen war die Menschenrettung aus dem oberen Gescho\u00df sowie eine Brandbek\u00e4mpfung von au\u00dfen. Nach der erfolgreichen Rettung im Obergescho\u00df, wurden die Einsatzkr\u00e4fte bei der Menschenrettung im Erdgesch0\u00df unterst\u00fctzt. Nach \u00dcbungsende und der Nachbesprechung konnten alle Einsatzkr\u00e4fte wieder abr\u00fccken.<\/p>\n<p><a href=\"https:\/\/www.feuerwehr-matzen.at\/wp-content\/uploads\/2016\/04\/DSC01037.jpg\"><img loading=\"lazy\" decoding=\"async\" src=\"https:\/\/www.feuerwehr-matzen.at\/wp-content\/uploads\/2016\/04\/DSC01037-150x150.jpg\" alt=\"DSC01037\" width=\"150\" height=\"150\" class=\"alignleft size-thumbnail wp-image-4733\" \/><\/a><\/p>\n<p><a href=\"https:\/\/www.feuerwehr-matzen.at\/wp-content\/uploads\/2016\/04\/DSC01043.jpg\"><img loading=\"lazy\" decoding=\"async\" src=\"https:\/\/www.feuerwehr-matzen.at\/wp-content\/uploads\/2016\/04\/DSC01043-150x150.jpg\" alt=\"DSC01043\" width=\"150\" height=\"150\" class=\"alignleft size-thumbnail wp-image-4734\" \/><\/a><\/p>\n<p><a href=\"https:\/\/www.feuerwehr-matzen.at\/wp-content\/uploads\/2016\/04\/DSC01035.jpg\"><img loading=\"lazy\" decoding=\"async\" src=\"https:\/\/www.feuerwehr-matzen.at\/wp-content\/uploads\/2016\/04\/DSC01035-150x150.jpg\" alt=\"DSC01035\" width=\"150\" height=\"150\" class=\"alignleft size-thumbnail wp-image-4732\" \/><\/a><\/p>\n","protected":false},"excerpt":{"rendered":"<p>Brandeinsatz\u00fcbung Am 9. September fand in Spannberg eine gr\u00f6\u00dfere \u00dcbung statt, an der die Florianij\u00fcnger aus Matzen teilnehmen durften. Auf einem landwirtschaftlichen Objekt wurde unter realen Bedingungen ein Brand mit vermissten Personen simuliert. Die Aufgabe der Einsatzkr\u00e4fte aus Matzen war <a class=\"more-link\" href=\"https:\/\/www.feuerwehr-matzen.at\/?page_id=4737\">weiterlesen  <span class=\"screen-reader-text\">  02. September 2016<\/span><span class=\"meta-nav\">&rarr;<\/span><\/a><\/p>\n","protected":false},"author":6,"featured_media":0,"parent":0,"menu_order":0,"comment_status":"closed","ping_status":"closed","template":"","meta":{"footnotes":""},"class_list":["post-4737","page","type-page","status-publish","hentry"],"_links":{"self":[{"href":"https:\/\/www.feuerwehr-matzen.at\/index.php?rest_route=\/wp\/v2\/pages\/4737","targetHints":{"allow":["GET"]}}],"collection":[{"href":"https:\/\/www.feuerwehr-matzen.at\/index.php?rest_route=\/wp\/v2\/pages"}],"about":[{"href":"https:\/\/www.feuerwehr-matzen.at\/index.php?rest_route=\/wp\/v2\/types\/page"}],"author":[{"embeddable":true,"href":"https:\/\/www.feuerwehr-matzen.at\/index.php?rest_route=\/wp\/v2\/users\/6"}],"replies":[{"embeddable":true,"href":"https:\/\/www.feuerwehr-matzen.at\/index.php?rest_route=%2Fwp%2Fv2%2Fcomments&post=4737"}],"version-history":[{"count":2,"href":"https:\/\/www.feuerwehr-matzen.at\/index.php?rest_route=\/wp\/v2\/pages\/4737\/revisions"}],"predecessor-version":[{"id":5933,"href":"https:\/\/www.feuerwehr-matzen.at\/index.php?rest_route=\/wp\/v2\/pages\/4737\/revisions\/5933"}],"wp:attachment":[{"href":"https:\/\/www.feuerwehr-matzen.at\/index.php?rest_route=%2Fwp%2Fv2%2Fmedia&parent=4737"}],"curies":[{"name":"wp","href":"https:\/\/api.w.org\/{rel}","templated":true}]}}