{"id":4740,"date":"2016-09-18T10:21:43","date_gmt":"2016-09-18T08:21:43","guid":{"rendered":"http:\/\/www.feuerwehr-matzen.at\/?page_id=4740"},"modified":"2020-09-18T14:15:23","modified_gmt":"2020-09-18T12:15:23","slug":"16-september-2016","status":"publish","type":"page","link":"https:\/\/www.feuerwehr-matzen.at\/?page_id=4740","title":{"rendered":"16. September 2016"},"content":{"rendered":"<p><strong>Technische \u00dcbung<\/strong><a title=\"\u00dcbungen 2016\" href=\"https:\/\/www.feuerwehr-matzen.at\/?page_id=4530\"><img loading=\"lazy\" decoding=\"async\" class=\"alignright size-full wp-image-1833\" alt=\"return\" src=\"https:\/\/www.feuerwehr-matzen.at\/wp-content\/uploads\/2013\/07\/return.jpg\" width=\"65\" height=\"30\" \/><\/a><\/p>\n<p>Am 16. September 2016 fand die Monats\u00fcbung der Feuerwehr Matzen am Feuerwehrgel\u00e4nde statt. \u00dcbungsannahme war eine Person in Notlage, wobei aufgrund der gro\u00dfen Anzahl der Florianij\u00fcnger, diese in zwei Gruppen geteilt wurden. Die Erste musste eine Menschenrettung einer unter einem LKW eingeklemmten Person durchf\u00fchren. Nach der Einteilung der Mannschaft, wurde das Fahrzeug gesichert und die Beleuchtung aufgebaut. Mittels hydr. Rettungszylinder wurde eine Achse soweit angehoben, dass der Verletzte unter den R\u00e4dern per Spineboard gerettet werden konnte. Die Zweite Gruppe hatte die Aufgabe, einen LKW-Fahrer mit einem Schlaganfall und halbseitiger L\u00e4hmung aus dem F\u00fchrerhaus seiner Zugmaschine zu befreien. Nach der medizinischen Betreuung wurde die zu rettende Person auf unser Spineboard gezogen und aus der F\u00fchrerkabine getragen. Im Anschluss wurden beide Szenarien besprochen und die Ger\u00e4tschaften in den Fahrzeugen versorgt. <\/p>\n<p><a href=\"https:\/\/www.feuerwehr-matzen.at\/wp-content\/uploads\/2016\/09\/DSC01053-1.jpg\"><img loading=\"lazy\" decoding=\"async\" src=\"https:\/\/www.feuerwehr-matzen.at\/wp-content\/uploads\/2016\/09\/DSC01053-1-150x150.jpg\" alt=\"DSC01053\" width=\"150\" height=\"150\" class=\"alignleft size-thumbnail wp-image-4761\" \/><\/a><\/p>\n<p><a href=\"https:\/\/www.feuerwehr-matzen.at\/wp-content\/uploads\/2016\/09\/DSC01056-1.jpg\"><img loading=\"lazy\" decoding=\"async\" src=\"https:\/\/www.feuerwehr-matzen.at\/wp-content\/uploads\/2016\/09\/DSC01056-1-150x150.jpg\" alt=\"DSC01056\" width=\"150\" height=\"150\" class=\"alignleft size-thumbnail wp-image-4762\" \/><\/a><\/p>\n<p><a href=\"https:\/\/www.feuerwehr-matzen.at\/wp-content\/uploads\/2016\/09\/DSC01058-1.jpg\"><img loading=\"lazy\" decoding=\"async\" src=\"https:\/\/www.feuerwehr-matzen.at\/wp-content\/uploads\/2016\/09\/DSC01058-1-150x150.jpg\" alt=\"DSC01058\" width=\"150\" height=\"150\" class=\"alignleft size-thumbnail wp-image-4763\" \/><\/a><\/p>\n<p><a href=\"https:\/\/www.feuerwehr-matzen.at\/wp-content\/uploads\/2016\/09\/DSC01062-1.jpg\"><img loading=\"lazy\" decoding=\"async\" src=\"https:\/\/www.feuerwehr-matzen.at\/wp-content\/uploads\/2016\/09\/DSC01062-1-150x150.jpg\" alt=\"DSC01062\" width=\"150\" height=\"150\" class=\"alignleft size-thumbnail wp-image-4764\" \/><\/a><\/p>\n<p><a href=\"https:\/\/www.feuerwehr-matzen.at\/wp-content\/uploads\/2016\/09\/DSC01071-1.jpg\"><img loading=\"lazy\" decoding=\"async\" src=\"https:\/\/www.feuerwehr-matzen.at\/wp-content\/uploads\/2016\/09\/DSC01071-1-150x150.jpg\" alt=\"DSC01071\" width=\"150\" height=\"150\" class=\"alignleft size-thumbnail wp-image-4765\" \/><\/a><\/p>\n<p><a href=\"https:\/\/www.feuerwehr-matzen.at\/wp-content\/uploads\/2016\/09\/DSC01081-2.jpg\"><img loading=\"lazy\" decoding=\"async\" src=\"https:\/\/www.feuerwehr-matzen.at\/wp-content\/uploads\/2016\/09\/DSC01081-2-150x150.jpg\" alt=\"DSC01081\" width=\"150\" height=\"150\" class=\"alignleft size-thumbnail wp-image-4766\" \/><\/a><\/p>\n","protected":false},"excerpt":{"rendered":"<p>Technische \u00dcbung Am 16. September 2016 fand die Monats\u00fcbung der Feuerwehr Matzen am Feuerwehrgel\u00e4nde statt. \u00dcbungsannahme war eine Person in Notlage, wobei aufgrund der gro\u00dfen Anzahl der Florianij\u00fcnger, diese in zwei Gruppen geteilt wurden. Die Erste musste eine Menschenrettung einer <a class=\"more-link\" href=\"https:\/\/www.feuerwehr-matzen.at\/?page_id=4740\">weiterlesen  <span class=\"screen-reader-text\">  16. September 2016<\/span><span class=\"meta-nav\">&rarr;<\/span><\/a><\/p>\n","protected":false},"author":6,"featured_media":0,"parent":0,"menu_order":0,"comment_status":"closed","ping_status":"closed","template":"","meta":{"footnotes":""},"class_list":["post-4740","page","type-page","status-publish","hentry"],"_links":{"self":[{"href":"https:\/\/www.feuerwehr-matzen.at\/index.php?rest_route=\/wp\/v2\/pages\/4740","targetHints":{"allow":["GET"]}}],"collection":[{"href":"https:\/\/www.feuerwehr-matzen.at\/index.php?rest_route=\/wp\/v2\/pages"}],"about":[{"href":"https:\/\/www.feuerwehr-matzen.at\/index.php?rest_route=\/wp\/v2\/types\/page"}],"author":[{"embeddable":true,"href":"https:\/\/www.feuerwehr-matzen.at\/index.php?rest_route=\/wp\/v2\/users\/6"}],"replies":[{"embeddable":true,"href":"https:\/\/www.feuerwehr-matzen.at\/index.php?rest_route=%2Fwp%2Fv2%2Fcomments&post=4740"}],"version-history":[{"count":4,"href":"https:\/\/www.feuerwehr-matzen.at\/index.php?rest_route=\/wp\/v2\/pages\/4740\/revisions"}],"predecessor-version":[{"id":5932,"href":"https:\/\/www.feuerwehr-matzen.at\/index.php?rest_route=\/wp\/v2\/pages\/4740\/revisions\/5932"}],"wp:attachment":[{"href":"https:\/\/www.feuerwehr-matzen.at\/index.php?rest_route=%2Fwp%2Fv2%2Fmedia&parent=4740"}],"curies":[{"name":"wp","href":"https:\/\/api.w.org\/{rel}","templated":true}]}}