{"id":4768,"date":"2016-10-20T15:50:40","date_gmt":"2016-10-20T13:50:40","guid":{"rendered":"http:\/\/www.feuerwehr-matzen.at\/?page_id=4768"},"modified":"2020-09-18T14:15:23","modified_gmt":"2020-09-18T12:15:23","slug":"19-oktober-2016","status":"publish","type":"page","link":"https:\/\/www.feuerwehr-matzen.at\/?page_id=4768","title":{"rendered":"19. Oktober 2016"},"content":{"rendered":"<p><strong>Sauergas\u00fcbung<\/strong><a title=\"\u00dcbungen 2016\" href=\"https:\/\/www.feuerwehr-matzen.at\/?page_id=4530\"><img loading=\"lazy\" decoding=\"async\" class=\"alignright size-full wp-image-1833\" alt=\"return\" src=\"https:\/\/www.feuerwehr-matzen.at\/wp-content\/uploads\/2013\/07\/return.jpg\" width=\"65\" height=\"30\" \/><\/a><\/p>\n<p>Am 19.Oktober 2016 fand die allj\u00e4hrliche Sauergas\u00fcbung der OMV statt. Die Feuerwehr Matzen hat mit dem RLF-A 2000 und 7 Mann teilgenommen. \u00dcbungsannahme war ein Leck auf einer Gasstation (ST42) mit einem \u201eNot-Aus\u201c, hierbei werden die Leitungen sowie die Sonden durch abfackeln des Gases auf den umliegenden Stationen drucklos gemacht. Da Die Feuerwehr Matzen einer solchen Station zugewiesen ist, wurden wir nach der Alarmierung zur ST62 beordert. Angekommen erkundete der Gruppenkommandant einen Sekund\u00e4rbrand der mittels Schaum gel\u00f6scht werden musste. Bereits nach wenigen Minuten konnten an die Einsatzleitung der OMV G\u00e4nserndorf \u201eBrand Aus\u201c gegeben werden. Nachdem alle Sekund\u00e4rbr\u00e4nde auf den umliegenden Stationen gel\u00f6scht  und das Hauptszenario abgearbeitet wurde, konnten sich alle Einsatzkr\u00e4fte im Gasthaus Sommer vor der Heimfahrt noch st\u00e4rken. Insgesamt nahmen neben den Verantwortlichen der OMV G\u00e4nserndorf und der Beh\u00f6rde, 12 Feuerwehren und das Rote Kreuz G\u00e4nserndorf statt.<\/p>\n<p><a href=\"https:\/\/www.feuerwehr-matzen.at\/wp-content\/uploads\/2016\/10\/DSC01102.jpg\"><img loading=\"lazy\" decoding=\"async\" src=\"https:\/\/www.feuerwehr-matzen.at\/wp-content\/uploads\/2016\/10\/DSC01102-150x150.jpg\" alt=\"DSC01102\" width=\"150\" height=\"150\" class=\"alignleft size-thumbnail wp-image-4771\" \/><\/a><\/p>\n<p><a href=\"https:\/\/www.feuerwehr-matzen.at\/wp-content\/uploads\/2016\/10\/DSC01104.jpg\"><img loading=\"lazy\" decoding=\"async\" src=\"https:\/\/www.feuerwehr-matzen.at\/wp-content\/uploads\/2016\/10\/DSC01104-150x150.jpg\" alt=\"DSC01104\" width=\"150\" height=\"150\" class=\"alignleft size-thumbnail wp-image-4772\" \/><\/a><\/p>\n<p><a href=\"https:\/\/www.feuerwehr-matzen.at\/wp-content\/uploads\/2016\/10\/DSC01110.jpg\"><img loading=\"lazy\" decoding=\"async\" src=\"https:\/\/www.feuerwehr-matzen.at\/wp-content\/uploads\/2016\/10\/DSC01110-150x150.jpg\" alt=\"DSC01110\" width=\"150\" height=\"150\" class=\"alignleft size-thumbnail wp-image-4773\" \/><\/a><\/p>\n<p><a href=\"https:\/\/www.feuerwehr-matzen.at\/wp-content\/uploads\/2016\/10\/DSC01112.jpg\"><img loading=\"lazy\" decoding=\"async\" src=\"https:\/\/www.feuerwehr-matzen.at\/wp-content\/uploads\/2016\/10\/DSC01112-150x150.jpg\" alt=\"DSC01112\" width=\"150\" height=\"150\" class=\"alignleft size-thumbnail wp-image-4774\" \/><\/a><\/p>\n","protected":false},"excerpt":{"rendered":"<p>Sauergas\u00fcbung Am 19.Oktober 2016 fand die allj\u00e4hrliche Sauergas\u00fcbung der OMV statt. Die Feuerwehr Matzen hat mit dem RLF-A 2000 und 7 Mann teilgenommen. \u00dcbungsannahme war ein Leck auf einer Gasstation (ST42) mit einem \u201eNot-Aus\u201c, hierbei werden die Leitungen sowie die <a class=\"more-link\" href=\"https:\/\/www.feuerwehr-matzen.at\/?page_id=4768\">weiterlesen  <span class=\"screen-reader-text\">  19. Oktober 2016<\/span><span class=\"meta-nav\">&rarr;<\/span><\/a><\/p>\n","protected":false},"author":6,"featured_media":0,"parent":0,"menu_order":0,"comment_status":"closed","ping_status":"closed","template":"","meta":{"footnotes":""},"class_list":["post-4768","page","type-page","status-publish","hentry"],"_links":{"self":[{"href":"https:\/\/www.feuerwehr-matzen.at\/index.php?rest_route=\/wp\/v2\/pages\/4768","targetHints":{"allow":["GET"]}}],"collection":[{"href":"https:\/\/www.feuerwehr-matzen.at\/index.php?rest_route=\/wp\/v2\/pages"}],"about":[{"href":"https:\/\/www.feuerwehr-matzen.at\/index.php?rest_route=\/wp\/v2\/types\/page"}],"author":[{"embeddable":true,"href":"https:\/\/www.feuerwehr-matzen.at\/index.php?rest_route=\/wp\/v2\/users\/6"}],"replies":[{"embeddable":true,"href":"https:\/\/www.feuerwehr-matzen.at\/index.php?rest_route=%2Fwp%2Fv2%2Fcomments&post=4768"}],"version-history":[{"count":3,"href":"https:\/\/www.feuerwehr-matzen.at\/index.php?rest_route=\/wp\/v2\/pages\/4768\/revisions"}],"predecessor-version":[{"id":5931,"href":"https:\/\/www.feuerwehr-matzen.at\/index.php?rest_route=\/wp\/v2\/pages\/4768\/revisions\/5931"}],"wp:attachment":[{"href":"https:\/\/www.feuerwehr-matzen.at\/index.php?rest_route=%2Fwp%2Fv2%2Fmedia&parent=4768"}],"curies":[{"name":"wp","href":"https:\/\/api.w.org\/{rel}","templated":true}]}}