{"id":4777,"date":"2016-11-07T10:55:23","date_gmt":"2016-11-07T08:55:23","guid":{"rendered":"http:\/\/www.feuerwehr-matzen.at\/?page_id=4777"},"modified":"2020-09-18T14:15:11","modified_gmt":"2020-09-18T12:15:11","slug":"06-november-2016","status":"publish","type":"page","link":"https:\/\/www.feuerwehr-matzen.at\/?page_id=4777","title":{"rendered":"06. November 2016"},"content":{"rendered":"<p><strong>Brandverdacht<\/strong><a title=\"Eins\u00e4tze\" href=\"https:\/\/www.feuerwehr-matzen.at\/?page_id=4413\"><img loading=\"lazy\" decoding=\"async\" class=\"alignright size-full wp-image-1833\" src=\"https:\/\/www.feuerwehr-matzen.at\/wp-content\/uploads\/2013\/07\/return.jpg\" alt=\"return\" width=\"65\" height=\"30\" \/><\/a><\/p>\n<p>Am 6. November 2016 wurde die Feuerwehr Matzen um 15:47 mittels Sirene, SMS-Alarm und Pager zu einem Brandverdacht in der Suttnergasse in Matzen alarmiert. Laut diensthabenden Disponenten der BAZ Mistelbach handelte es sich um einen verrauchten Heizungsraum. Unverz\u00fcglich r\u00fcckte ein vollbesetztes R\u00fcstl\u00f6schfahrzeug zum Einsatzort aus. Der noch w\u00e4hrend der Fahrt ausger\u00fcstete Atemschutztrupp musste aber keine Ma\u00dfnahmen mehr setzen. Der mitalarmierte Rauchfangkehrer wurde von einem Kameraden mit der W\u00e4rmebildkamera unterst\u00fctzt. Noch an der Einsatzstelle wurde der Einsatzleiter von der BAZ \u00fcber einen Folgeeinsatz informiert. Auf der Schweinbartherstra\u00dfe in Matzen kam es zu einem Auffahrunfall. Da im Feuerwehrhaus noch einige Kameraden auf Abruf standen, r\u00fcckte das Kommandofahrzeug nur wenige Augenblicke nach der Alarmierung aus. Nach der Absicherung der Einsatzstelle und der Freigabe durch die Polizei, wurde eines der beiden Unfallfahrzeuge mittels Abschleppachse auf einen von der Polizei zugewiesenen Platz abgestellt. Der zweite, beteiligte PKW konnte die Fahrt weiterf\u00fchren. Im Anschluss an die Reinigung der Verkehrsfl\u00e4chen konnten alle Einsatzkr\u00e4fte wieder abr\u00fccken.<\/p>\n<p>Im Einsatz befindliche Fahrzeuge: RLF-A 2000, KDO<br \/>\nMannschaftsst\u00e4rke: 16<br \/>\nsonstige Einsatzkr\u00e4fte: Polizei<\/p>\n<p><a href=\"https:\/\/www.feuerwehr-matzen.at\/wp-content\/uploads\/2016\/11\/DSC01154.jpg\"><img loading=\"lazy\" decoding=\"async\" src=\"https:\/\/www.feuerwehr-matzen.at\/wp-content\/uploads\/2016\/11\/DSC01154-150x150.jpg\" alt=\"DSC01154\" width=\"150\" height=\"150\" class=\"alignleft size-thumbnail wp-image-4779\" \/><\/a><\/p>\n<p><a href=\"https:\/\/www.feuerwehr-matzen.at\/wp-content\/uploads\/2016\/11\/DSC01155.jpg\"><img loading=\"lazy\" decoding=\"async\" src=\"https:\/\/www.feuerwehr-matzen.at\/wp-content\/uploads\/2016\/11\/DSC01155-150x150.jpg\" alt=\"DSC01155\" width=\"150\" height=\"150\" class=\"alignleft size-thumbnail wp-image-4780\" \/><\/a><\/p>\n<p><a href=\"https:\/\/www.feuerwehr-matzen.at\/wp-content\/uploads\/2016\/11\/DSC01161.jpg\"><img loading=\"lazy\" decoding=\"async\" src=\"https:\/\/www.feuerwehr-matzen.at\/wp-content\/uploads\/2016\/11\/DSC01161-150x150.jpg\" alt=\"DSC01161\" width=\"150\" height=\"150\" class=\"alignleft size-thumbnail wp-image-4781\" \/><\/a><\/p>\n<p><a href=\"https:\/\/www.feuerwehr-matzen.at\/wp-content\/uploads\/2016\/11\/DSC01164.jpg\"><img loading=\"lazy\" decoding=\"async\" src=\"https:\/\/www.feuerwehr-matzen.at\/wp-content\/uploads\/2016\/11\/DSC01164-150x150.jpg\" alt=\"DSC01164\" width=\"150\" height=\"150\" class=\"alignleft size-thumbnail wp-image-4782\" \/><\/a><\/p>\n","protected":false},"excerpt":{"rendered":"<p>Brandverdacht Am 6. November 2016 wurde die Feuerwehr Matzen um 15:47 mittels Sirene, SMS-Alarm und Pager zu einem Brandverdacht in der Suttnergasse in Matzen alarmiert. Laut diensthabenden Disponenten der BAZ Mistelbach handelte es sich um einen verrauchten Heizungsraum. Unverz\u00fcglich r\u00fcckte <a class=\"more-link\" href=\"https:\/\/www.feuerwehr-matzen.at\/?page_id=4777\">weiterlesen  <span class=\"screen-reader-text\">  06. November 2016<\/span><span class=\"meta-nav\">&rarr;<\/span><\/a><\/p>\n","protected":false},"author":6,"featured_media":0,"parent":0,"menu_order":0,"comment_status":"closed","ping_status":"closed","template":"","meta":{"footnotes":""},"class_list":["post-4777","page","type-page","status-publish","hentry"],"_links":{"self":[{"href":"https:\/\/www.feuerwehr-matzen.at\/index.php?rest_route=\/wp\/v2\/pages\/4777","targetHints":{"allow":["GET"]}}],"collection":[{"href":"https:\/\/www.feuerwehr-matzen.at\/index.php?rest_route=\/wp\/v2\/pages"}],"about":[{"href":"https:\/\/www.feuerwehr-matzen.at\/index.php?rest_route=\/wp\/v2\/types\/page"}],"author":[{"embeddable":true,"href":"https:\/\/www.feuerwehr-matzen.at\/index.php?rest_route=\/wp\/v2\/users\/6"}],"replies":[{"embeddable":true,"href":"https:\/\/www.feuerwehr-matzen.at\/index.php?rest_route=%2Fwp%2Fv2%2Fcomments&post=4777"}],"version-history":[{"count":1,"href":"https:\/\/www.feuerwehr-matzen.at\/index.php?rest_route=\/wp\/v2\/pages\/4777\/revisions"}],"predecessor-version":[{"id":4783,"href":"https:\/\/www.feuerwehr-matzen.at\/index.php?rest_route=\/wp\/v2\/pages\/4777\/revisions\/4783"}],"wp:attachment":[{"href":"https:\/\/www.feuerwehr-matzen.at\/index.php?rest_route=%2Fwp%2Fv2%2Fmedia&parent=4777"}],"curies":[{"name":"wp","href":"https:\/\/api.w.org\/{rel}","templated":true}]}}