{"id":4785,"date":"2016-11-11T11:55:43","date_gmt":"2016-11-11T09:55:43","guid":{"rendered":"http:\/\/www.feuerwehr-matzen.at\/?page_id=4785"},"modified":"2020-09-18T14:15:23","modified_gmt":"2020-09-18T12:15:23","slug":"10-november-2016","status":"publish","type":"page","link":"https:\/\/www.feuerwehr-matzen.at\/?page_id=4785","title":{"rendered":"10. November 2016"},"content":{"rendered":"<p><strong>PKW gegen Zug<\/strong><a title=\"Eins\u00e4tze\" href=\"https:\/\/www.feuerwehr-matzen.at\/?page_id=4413\"><img loading=\"lazy\" decoding=\"async\" class=\"alignright size-full wp-image-1833\" src=\"https:\/\/www.feuerwehr-matzen.at\/wp-content\/uploads\/2013\/07\/return.jpg\" alt=\"return\" width=\"65\" height=\"30\" \/><\/a><\/p>\n<p>Am Abend des 10. Novembers 2016 wurden die Einsatzkr\u00e4fte der Feuerwehr Matzen und Sch\u00f6nkirchen-Reyersdorf zu einem Verkehrsunfall mit vermutlich einer eingeklemmten Person auf der L18 Richtung Reyersdorf mittels Sirene, SMS Alarm und Pager alarmiert. Wenige Minuten nach der Alarmierung um 19:42 r\u00fcckten die Florianij\u00fcnger aus Matzen mit 3 Fahrzeugen und 23 Mann zur Einsatzstelle aus. Aus bisher ungekl\u00e4rter Ursache kollidierte ein Fahrzeug mit einem Zug und wurde in Folge \u00fcber eine B\u00f6schung ins angrenzende Feld geschleudert. Bei der Ankunft der Matzner Feuerwehrkameraden wurde der verletzte Fahrer bereits vom eingetroffenen RK G\u00e4nserndorf betreut und in sp\u00e4terer Folge dem Notarztteam \u00fcbergeben. Nach der Erstversorgung des Verletzten wurde deiser mit Verletzungen unbestimmten Grades abtransportiert. Nach der Unfallaufnahme durch die Polizei wurde das Unfallwrack mittels Traktor aus dem Feld gezogen und gesichert abgestellt. Im Anschluss an die Freigabe des \u00d6BB Einsatzleiters wurden die Gleisbereiche gereinigt, bevor die Einsatzkr\u00e4fte nach rund 1 Stunde wieder abr\u00fccken konnten.<\/p>\n<p>Im Einsatz befindliche Fahrzeuge: RLF-A 2000, KDO, LAST<br \/>\nMannschaftsst\u00e4rke: 23<br \/>\nsonstige Einsatzkr\u00e4fte: Polizei, RK G\u00e4nserndorf, FF Sch\u00f6nkirchen-Reyersdorf<\/p>\n<p><a href=\"https:\/\/www.feuerwehr-matzen.at\/wp-content\/uploads\/2016\/11\/DSC01165.jpg\"><img loading=\"lazy\" decoding=\"async\" src=\"https:\/\/www.feuerwehr-matzen.at\/wp-content\/uploads\/2016\/11\/DSC01165-150x150.jpg\" alt=\"DSC01165\" width=\"150\" height=\"150\" class=\"alignleft size-thumbnail wp-image-4786\" \/><\/a><\/p>\n<p><a href=\"https:\/\/www.feuerwehr-matzen.at\/wp-content\/uploads\/2016\/11\/DSC01167.jpg\"><img loading=\"lazy\" decoding=\"async\" src=\"https:\/\/www.feuerwehr-matzen.at\/wp-content\/uploads\/2016\/11\/DSC01167-150x150.jpg\" alt=\"DSC01167\" width=\"150\" height=\"150\" class=\"alignleft size-thumbnail wp-image-4787\" \/><\/a><\/p>\n<p><a href=\"https:\/\/www.feuerwehr-matzen.at\/wp-content\/uploads\/2016\/11\/DSC01168.jpg\"><img loading=\"lazy\" decoding=\"async\" src=\"https:\/\/www.feuerwehr-matzen.at\/wp-content\/uploads\/2016\/11\/DSC01168-150x150.jpg\" alt=\"DSC01168\" width=\"150\" height=\"150\" class=\"alignleft size-thumbnail wp-image-4788\" \/><\/a><\/p>\n<p><a href=\"https:\/\/www.feuerwehr-matzen.at\/wp-content\/uploads\/2016\/11\/DSC01173.jpg\"><img loading=\"lazy\" decoding=\"async\" src=\"https:\/\/www.feuerwehr-matzen.at\/wp-content\/uploads\/2016\/11\/DSC01173-150x150.jpg\" alt=\"DSC01173\" width=\"150\" height=\"150\" class=\"alignleft size-thumbnail wp-image-4789\" \/><\/a><\/p>\n<p><a href=\"https:\/\/www.feuerwehr-matzen.at\/wp-content\/uploads\/2016\/11\/DSC01175.jpg\"><img loading=\"lazy\" decoding=\"async\" src=\"https:\/\/www.feuerwehr-matzen.at\/wp-content\/uploads\/2016\/11\/DSC01175-150x150.jpg\" alt=\"DSC01175\" width=\"150\" height=\"150\" class=\"alignleft size-thumbnail wp-image-4790\" \/><\/a><\/p>\n<p><a href=\"https:\/\/www.feuerwehr-matzen.at\/wp-content\/uploads\/2016\/11\/DSC01186.jpg\"><img loading=\"lazy\" decoding=\"async\" src=\"https:\/\/www.feuerwehr-matzen.at\/wp-content\/uploads\/2016\/11\/DSC01186-150x150.jpg\" alt=\"DSC01186\" width=\"150\" height=\"150\" class=\"alignleft size-thumbnail wp-image-4791\" \/><\/a><\/p>\n","protected":false},"excerpt":{"rendered":"<p>PKW gegen Zug Am Abend des 10. Novembers 2016 wurden die Einsatzkr\u00e4fte der Feuerwehr Matzen und Sch\u00f6nkirchen-Reyersdorf zu einem Verkehrsunfall mit vermutlich einer eingeklemmten Person auf der L18 Richtung Reyersdorf mittels Sirene, SMS Alarm und Pager alarmiert. Wenige Minuten nach <a class=\"more-link\" href=\"https:\/\/www.feuerwehr-matzen.at\/?page_id=4785\">weiterlesen  <span class=\"screen-reader-text\">  10. November 2016<\/span><span class=\"meta-nav\">&rarr;<\/span><\/a><\/p>\n","protected":false},"author":6,"featured_media":0,"parent":0,"menu_order":0,"comment_status":"closed","ping_status":"closed","template":"","meta":{"footnotes":""},"class_list":["post-4785","page","type-page","status-publish","hentry"],"_links":{"self":[{"href":"https:\/\/www.feuerwehr-matzen.at\/index.php?rest_route=\/wp\/v2\/pages\/4785","targetHints":{"allow":["GET"]}}],"collection":[{"href":"https:\/\/www.feuerwehr-matzen.at\/index.php?rest_route=\/wp\/v2\/pages"}],"about":[{"href":"https:\/\/www.feuerwehr-matzen.at\/index.php?rest_route=\/wp\/v2\/types\/page"}],"author":[{"embeddable":true,"href":"https:\/\/www.feuerwehr-matzen.at\/index.php?rest_route=\/wp\/v2\/users\/6"}],"replies":[{"embeddable":true,"href":"https:\/\/www.feuerwehr-matzen.at\/index.php?rest_route=%2Fwp%2Fv2%2Fcomments&post=4785"}],"version-history":[{"count":1,"href":"https:\/\/www.feuerwehr-matzen.at\/index.php?rest_route=\/wp\/v2\/pages\/4785\/revisions"}],"predecessor-version":[{"id":4792,"href":"https:\/\/www.feuerwehr-matzen.at\/index.php?rest_route=\/wp\/v2\/pages\/4785\/revisions\/4792"}],"wp:attachment":[{"href":"https:\/\/www.feuerwehr-matzen.at\/index.php?rest_route=%2Fwp%2Fv2%2Fmedia&parent=4785"}],"curies":[{"name":"wp","href":"https:\/\/api.w.org\/{rel}","templated":true}]}}