{"id":4794,"date":"2016-11-20T18:07:55","date_gmt":"2016-11-20T16:07:55","guid":{"rendered":"http:\/\/www.feuerwehr-matzen.at\/?page_id=4794"},"modified":"2020-09-18T14:15:34","modified_gmt":"2020-09-18T12:15:34","slug":"20-november-2016","status":"publish","type":"page","link":"https:\/\/www.feuerwehr-matzen.at\/?page_id=4794","title":{"rendered":"20. November 2016"},"content":{"rendered":"<p><strong>Wohnhausbrand<\/strong><a title=\"Eins\u00e4tze\" href=\"https:\/\/www.feuerwehr-matzen.at\/?page_id=4413\"><img loading=\"lazy\" decoding=\"async\" class=\"alignright size-full wp-image-1833\" src=\"https:\/\/www.feuerwehr-matzen.at\/wp-content\/uploads\/2013\/07\/return.jpg\" alt=\"return\" width=\"65\" height=\"30\" \/><\/a><\/p>\n<p>Am 20. November 2016 wurde die Feuerwehr Matzen um 15:06 Uhr mittels Sirene, SMS-Alarm und Pager zu einem Wohnhausbrand in Matzen alarmiert. Unverz\u00fcglich r\u00fcckten 20 Mann mit 3 Fahrzeugen der \u00f6rtlichen Feuerwehr aus. Zeitgleich wurde weitere 4 Feuerwehr aus Gr. Schweinbarth, Sch\u00f6nkirchen-Reyersdorf, G\u00e4nserndorf und Raggendorf alarmiert.<br \/>\nBei der Ankunft der Einsatzkr\u00e4fte drang bereits dichter Rauch aus der Eingangst\u00fcr. Der bereits ausger\u00fcstete Atemschutztrupp der Matzner Florianij\u00fcnger r\u00fcckte mit dem HD-Rohr und der W\u00e4rmebildkamera vor. Gleichzeitig wurde die Wasserversorgung f\u00fcr das R\u00fcstl\u00f6schfahrzeug hergestellt und die Einsatzleitung vom Kommandofahrzeug aufgebaut. Beim Eindringen des ersten Atemschutztrupps stand der Dunstabzug sowie die K\u00e4sten der K\u00fcchenzeile im Vollbrand. Durch den Einsatz der W\u00e4rmebildkamera konnte eine rasche und gezielte Brandbek\u00e4mpfung durchgef\u00fchrt werden. Bereits 18 Minuten nach der Alarmierung konnte Brand-Aus gegeben werden. Die Feuerwehr Gr. Schweinbarth brachte w\u00e4hren dessen den Druckbel\u00fcfter in Stellung. Nachdem der Luftstrom im Brandraum kanalisiert wurde, konnte mit der Druckbel\u00fcftung gestartet werden.  Noch vor Eintreffen der ersten Feuerwehren wurden drei leicht verletzte durch das RK G\u00e4nserndorf versorgt und abtransportiert. Nach der Nachkontrolle mittels W\u00e4rmebildkamera konnten alle Einsatzkr\u00e4fte nach rund einer Stunde abr\u00fccken. Insgesamt standen 104 Mann mit 14 Fahrzeugen der Feuerwehr, 2 Fahrzeuge der Polizei sowie Kr\u00e4fte des RK G\u00e4nserndorf mit Notarzt.<\/p>\n<p>Im Einsatz befindliche Fahrzeuge: RLF-A 2000, KDO, LAST<br \/>\nMannschaftsst\u00e4rke: 20<br \/>\nsonstige Einsatzkr\u00e4fte: Polizei, RK G\u00e4nserndorf, FF Sch\u00f6nkirchen-Reyersdorf, FF G\u00e4nserndorf, FF Gr. Schweinbarth, FF Raggendorf<\/p>\n<p><a href=\"https:\/\/www.feuerwehr-matzen.at\/wp-content\/uploads\/2016\/11\/DSC01191.jpg\"><img loading=\"lazy\" decoding=\"async\" src=\"https:\/\/www.feuerwehr-matzen.at\/wp-content\/uploads\/2016\/11\/DSC01191-150x150.jpg\" alt=\"DSC01191\" width=\"150\" height=\"150\" class=\"alignleft size-thumbnail wp-image-4796\" \/><\/a><\/p>\n<p><a href=\"https:\/\/www.feuerwehr-matzen.at\/wp-content\/uploads\/2016\/11\/DSC01194.jpg\"><img loading=\"lazy\" decoding=\"async\" src=\"https:\/\/www.feuerwehr-matzen.at\/wp-content\/uploads\/2016\/11\/DSC01194-150x150.jpg\" alt=\"DSC01194\" width=\"150\" height=\"150\" class=\"alignleft size-thumbnail wp-image-4797\" \/><\/a><\/p>\n<p><a href=\"https:\/\/www.feuerwehr-matzen.at\/wp-content\/uploads\/2016\/11\/DSC01197.jpg\"><img loading=\"lazy\" decoding=\"async\" src=\"https:\/\/www.feuerwehr-matzen.at\/wp-content\/uploads\/2016\/11\/DSC01197-150x150.jpg\" alt=\"DSC01197\" width=\"150\" height=\"150\" class=\"alignleft size-thumbnail wp-image-4798\" \/><\/a><\/p>\n<p><a href=\"https:\/\/www.feuerwehr-matzen.at\/wp-content\/uploads\/2016\/11\/DSC01200.jpg\"><img loading=\"lazy\" decoding=\"async\" src=\"https:\/\/www.feuerwehr-matzen.at\/wp-content\/uploads\/2016\/11\/DSC01200-150x150.jpg\" alt=\"DSC01200\" width=\"150\" height=\"150\" class=\"alignleft size-thumbnail wp-image-4799\" \/><\/a><\/p>\n<p><a href=\"https:\/\/www.feuerwehr-matzen.at\/wp-content\/uploads\/2016\/11\/DSC01209.jpg\"><img loading=\"lazy\" decoding=\"async\" src=\"https:\/\/www.feuerwehr-matzen.at\/wp-content\/uploads\/2016\/11\/DSC01209-150x150.jpg\" alt=\"DSC01209\" width=\"150\" height=\"150\" class=\"alignleft size-thumbnail wp-image-4800\" \/><\/a><\/p>\n<p><a href=\"https:\/\/www.feuerwehr-matzen.at\/wp-content\/uploads\/2016\/11\/DSC01212.jpg\"><img loading=\"lazy\" decoding=\"async\" src=\"https:\/\/www.feuerwehr-matzen.at\/wp-content\/uploads\/2016\/11\/DSC01212-150x150.jpg\" alt=\"DSC01212\" width=\"150\" height=\"150\" class=\"alignleft size-thumbnail wp-image-4801\" \/><\/a><\/p>\n<p><a href=\"https:\/\/www.feuerwehr-matzen.at\/wp-content\/uploads\/2016\/11\/DSC01217.jpg\"><img loading=\"lazy\" decoding=\"async\" src=\"https:\/\/www.feuerwehr-matzen.at\/wp-content\/uploads\/2016\/11\/DSC01217-150x150.jpg\" alt=\"DSC01217\" width=\"150\" height=\"150\" class=\"alignleft size-thumbnail wp-image-4802\" \/><\/a><\/p>\n<p><a href=\"https:\/\/www.feuerwehr-matzen.at\/wp-content\/uploads\/2016\/11\/DSC01220.jpg\"><img loading=\"lazy\" decoding=\"async\" src=\"https:\/\/www.feuerwehr-matzen.at\/wp-content\/uploads\/2016\/11\/DSC01220-150x150.jpg\" alt=\"DSC01220\" width=\"150\" height=\"150\" class=\"alignleft size-thumbnail wp-image-4803\" \/><\/a><\/p>\n<p><a href=\"https:\/\/www.feuerwehr-matzen.at\/wp-content\/uploads\/2016\/11\/DSC01231.jpg\"><img loading=\"lazy\" decoding=\"async\" src=\"https:\/\/www.feuerwehr-matzen.at\/wp-content\/uploads\/2016\/11\/DSC01231-150x150.jpg\" alt=\"DSC01231\" width=\"150\" height=\"150\" class=\"alignleft size-thumbnail wp-image-4804\" \/><\/a><\/p>\n<p><a href=\"https:\/\/www.feuerwehr-matzen.at\/wp-content\/uploads\/2016\/11\/DSC01238.jpg\"><img loading=\"lazy\" decoding=\"async\" src=\"https:\/\/www.feuerwehr-matzen.at\/wp-content\/uploads\/2016\/11\/DSC01238-150x150.jpg\" alt=\"DSC01238\" width=\"150\" height=\"150\" class=\"alignleft size-thumbnail wp-image-4805\" \/><\/a><\/p>\n<p><a href=\"https:\/\/www.feuerwehr-matzen.at\/wp-content\/uploads\/2016\/11\/DSC01239.jpg\"><img loading=\"lazy\" decoding=\"async\" src=\"https:\/\/www.feuerwehr-matzen.at\/wp-content\/uploads\/2016\/11\/DSC01239-150x150.jpg\" alt=\"DSC01239\" width=\"150\" height=\"150\" class=\"alignleft size-thumbnail wp-image-4806\" \/><\/a><\/p>\n","protected":false},"excerpt":{"rendered":"<p>Wohnhausbrand Am 20. November 2016 wurde die Feuerwehr Matzen um 15:06 Uhr mittels Sirene, SMS-Alarm und Pager zu einem Wohnhausbrand in Matzen alarmiert. Unverz\u00fcglich r\u00fcckten 20 Mann mit 3 Fahrzeugen der \u00f6rtlichen Feuerwehr aus. Zeitgleich wurde weitere 4 Feuerwehr aus <a class=\"more-link\" href=\"https:\/\/www.feuerwehr-matzen.at\/?page_id=4794\">weiterlesen  <span class=\"screen-reader-text\">  20. November 2016<\/span><span class=\"meta-nav\">&rarr;<\/span><\/a><\/p>\n","protected":false},"author":6,"featured_media":0,"parent":0,"menu_order":0,"comment_status":"closed","ping_status":"closed","template":"","meta":{"footnotes":""},"class_list":["post-4794","page","type-page","status-publish","hentry"],"_links":{"self":[{"href":"https:\/\/www.feuerwehr-matzen.at\/index.php?rest_route=\/wp\/v2\/pages\/4794","targetHints":{"allow":["GET"]}}],"collection":[{"href":"https:\/\/www.feuerwehr-matzen.at\/index.php?rest_route=\/wp\/v2\/pages"}],"about":[{"href":"https:\/\/www.feuerwehr-matzen.at\/index.php?rest_route=\/wp\/v2\/types\/page"}],"author":[{"embeddable":true,"href":"https:\/\/www.feuerwehr-matzen.at\/index.php?rest_route=\/wp\/v2\/users\/6"}],"replies":[{"embeddable":true,"href":"https:\/\/www.feuerwehr-matzen.at\/index.php?rest_route=%2Fwp%2Fv2%2Fcomments&post=4794"}],"version-history":[{"count":1,"href":"https:\/\/www.feuerwehr-matzen.at\/index.php?rest_route=\/wp\/v2\/pages\/4794\/revisions"}],"predecessor-version":[{"id":4807,"href":"https:\/\/www.feuerwehr-matzen.at\/index.php?rest_route=\/wp\/v2\/pages\/4794\/revisions\/4807"}],"wp:attachment":[{"href":"https:\/\/www.feuerwehr-matzen.at\/index.php?rest_route=%2Fwp%2Fv2%2Fmedia&parent=4794"}],"curies":[{"name":"wp","href":"https:\/\/api.w.org\/{rel}","templated":true}]}}