{"id":4814,"date":"2017-01-11T12:28:20","date_gmt":"2017-01-11T10:28:20","guid":{"rendered":"http:\/\/www.feuerwehr-matzen.at\/?page_id=4814"},"modified":"2020-09-18T14:15:11","modified_gmt":"2020-09-18T12:15:11","slug":"07-jaenner-2017","status":"publish","type":"page","link":"https:\/\/www.feuerwehr-matzen.at\/?page_id=4814","title":{"rendered":"07. J\u00e4nner 2017"},"content":{"rendered":"<p><strong>Feuerwehrball<\/strong><a title=\"Veranstaltungen 2015\" href=\"https:\/\/www.feuerwehr-matzen.at\/?page_id=4812\"><img loading=\"lazy\" decoding=\"async\" class=\"alignright size-full wp-image-1833\" alt=\"return\" src=\"https:\/\/www.feuerwehr-matzen.at\/wp-content\/uploads\/2013\/07\/return.jpg\" width=\"65\" height=\"30\" \/><\/a><\/p>\n<p>Traditionell startete die Ballsaison mit dem Feuerwehrball am 7. J\u00e4nner 2017. Nach der Er\u00f6ffnungsbolognese der Feuerwehrkameraden mit ihren Ehrendamen begr\u00fc\u00dfte Kommandant HBI Manfred Neubauer die zahlreichen G\u00e4ste. Im Anschluss startete die Band \u201eMike\u00b4s Crew\u201c durch und sorgte f\u00fcr eine durchgehend,gef\u00fcllte Tanzfl\u00e4che. Um Mitternacht durften sich zahlreiche G\u00e4ste \u00fcber den Gewinn bei der Tombola freuen. Die Ballgesellschaft wurde vom Team Caf\u00e9 Matzen rund um Fritz Karina versorgt. Bis in die fr\u00fchen Morgenstunden sorgte die Band f\u00fcr gute Laune. Die Feuerwehr Matzen bedankt sich bei den vielen Tombola Spendern und unz\u00e4hligen G\u00e4sten, die den Feuerwehrball 2017 wieder unvergesslich machten.<\/p>\n<p><a href=\"https:\/\/www.feuerwehr-matzen.at\/wp-content\/uploads\/2017\/01\/DSC_0336.jpg\"><img loading=\"lazy\" decoding=\"async\" src=\"https:\/\/www.feuerwehr-matzen.at\/wp-content\/uploads\/2017\/01\/DSC_0336-150x150.jpg\" alt=\"DSC_0336\" width=\"150\" height=\"150\" class=\"alignleft size-thumbnail wp-image-4815\" \/><\/a><\/p>\n<p><a href=\"https:\/\/www.feuerwehr-matzen.at\/wp-content\/uploads\/2017\/01\/DSC_0345.jpg\"><img loading=\"lazy\" decoding=\"async\" src=\"https:\/\/www.feuerwehr-matzen.at\/wp-content\/uploads\/2017\/01\/DSC_0345-150x150.jpg\" alt=\"DSC_0345\" width=\"150\" height=\"150\" class=\"alignleft size-thumbnail wp-image-4816\" \/><\/a><\/p>\n<p><a href=\"https:\/\/www.feuerwehr-matzen.at\/wp-content\/uploads\/2017\/01\/DSC_0352.jpg\"><img loading=\"lazy\" decoding=\"async\" src=\"https:\/\/www.feuerwehr-matzen.at\/wp-content\/uploads\/2017\/01\/DSC_0352-150x150.jpg\" alt=\"DSC_0352\" width=\"150\" height=\"150\" class=\"alignleft size-thumbnail wp-image-4817\" \/><\/a><\/p>\n<p><a href=\"https:\/\/www.feuerwehr-matzen.at\/wp-content\/uploads\/2017\/01\/DSC_0368.jpg\"><img loading=\"lazy\" decoding=\"async\" src=\"https:\/\/www.feuerwehr-matzen.at\/wp-content\/uploads\/2017\/01\/DSC_0368-150x150.jpg\" alt=\"DSC_0368\" width=\"150\" height=\"150\" class=\"alignleft size-thumbnail wp-image-4818\" \/><\/a><\/p>\n<p><a href=\"https:\/\/www.feuerwehr-matzen.at\/wp-content\/uploads\/2017\/01\/DSC_0393.jpg\"><img loading=\"lazy\" decoding=\"async\" src=\"https:\/\/www.feuerwehr-matzen.at\/wp-content\/uploads\/2017\/01\/DSC_0393-150x150.jpg\" alt=\"DSC_0393\" width=\"150\" height=\"150\" class=\"alignleft size-thumbnail wp-image-4819\" \/><\/a><\/p>\n<p><a href=\"https:\/\/www.feuerwehr-matzen.at\/wp-content\/uploads\/2017\/01\/DSC_0398.jpg\"><img loading=\"lazy\" decoding=\"async\" src=\"https:\/\/www.feuerwehr-matzen.at\/wp-content\/uploads\/2017\/01\/DSC_0398-150x150.jpg\" alt=\"DSC_0398\" width=\"150\" height=\"150\" class=\"alignleft size-thumbnail wp-image-4820\" \/><\/a><\/p>\n<p><a href=\"https:\/\/www.feuerwehr-matzen.at\/wp-content\/uploads\/2017\/01\/DSC_0407.jpg\"><img loading=\"lazy\" decoding=\"async\" src=\"https:\/\/www.feuerwehr-matzen.at\/wp-content\/uploads\/2017\/01\/DSC_0407-150x150.jpg\" alt=\"DSC_0407\" width=\"150\" height=\"150\" class=\"alignleft size-thumbnail wp-image-4821\" \/><\/a><\/p>\n","protected":false},"excerpt":{"rendered":"<p>Feuerwehrball Traditionell startete die Ballsaison mit dem Feuerwehrball am 7. J\u00e4nner 2017. Nach der Er\u00f6ffnungsbolognese der Feuerwehrkameraden mit ihren Ehrendamen begr\u00fc\u00dfte Kommandant HBI Manfred Neubauer die zahlreichen G\u00e4ste. Im Anschluss startete die Band \u201eMike\u00b4s Crew\u201c durch und sorgte f\u00fcr eine <a class=\"more-link\" href=\"https:\/\/www.feuerwehr-matzen.at\/?page_id=4814\">weiterlesen  <span class=\"screen-reader-text\">  07. J\u00e4nner 2017<\/span><span class=\"meta-nav\">&rarr;<\/span><\/a><\/p>\n","protected":false},"author":6,"featured_media":0,"parent":0,"menu_order":0,"comment_status":"closed","ping_status":"closed","template":"","meta":{"footnotes":""},"class_list":["post-4814","page","type-page","status-publish","hentry"],"_links":{"self":[{"href":"https:\/\/www.feuerwehr-matzen.at\/index.php?rest_route=\/wp\/v2\/pages\/4814","targetHints":{"allow":["GET"]}}],"collection":[{"href":"https:\/\/www.feuerwehr-matzen.at\/index.php?rest_route=\/wp\/v2\/pages"}],"about":[{"href":"https:\/\/www.feuerwehr-matzen.at\/index.php?rest_route=\/wp\/v2\/types\/page"}],"author":[{"embeddable":true,"href":"https:\/\/www.feuerwehr-matzen.at\/index.php?rest_route=\/wp\/v2\/users\/6"}],"replies":[{"embeddable":true,"href":"https:\/\/www.feuerwehr-matzen.at\/index.php?rest_route=%2Fwp%2Fv2%2Fcomments&post=4814"}],"version-history":[{"count":2,"href":"https:\/\/www.feuerwehr-matzen.at\/index.php?rest_route=\/wp\/v2\/pages\/4814\/revisions"}],"predecessor-version":[{"id":4823,"href":"https:\/\/www.feuerwehr-matzen.at\/index.php?rest_route=\/wp\/v2\/pages\/4814\/revisions\/4823"}],"wp:attachment":[{"href":"https:\/\/www.feuerwehr-matzen.at\/index.php?rest_route=%2Fwp%2Fv2%2Fmedia&parent=4814"}],"curies":[{"name":"wp","href":"https:\/\/api.w.org\/{rel}","templated":true}]}}