{"id":4849,"date":"2017-01-25T13:20:56","date_gmt":"2017-01-25T11:20:56","guid":{"rendered":"http:\/\/www.feuerwehr-matzen.at\/?page_id=4849"},"modified":"2020-09-18T14:15:34","modified_gmt":"2020-09-18T12:15:34","slug":"25-jaenner-2017","status":"publish","type":"page","link":"https:\/\/www.feuerwehr-matzen.at\/?page_id=4849","title":{"rendered":"25. J\u00e4nner 2017"},"content":{"rendered":"<p><strong>Wohnhausbrand<\/strong><a title=\"Eins\u00e4tze\" href=\"https:\/\/www.feuerwehr-matzen.at\/?page_id=4827\"><img loading=\"lazy\" decoding=\"async\" class=\"alignright size-full wp-image-1833\" alt=\"return\" src=\"https:\/\/www.feuerwehr-matzen.at\/wp-content\/uploads\/2013\/07\/return.jpg\" width=\"65\" height=\"30\" \/><\/a><\/p>\n<p>Am 25. J\u00e4nner 2017 wurde die Feuerwehr Matzen zum ersten Einsatz im neuen Jahr um 10:31 Uhr mittels Sirene, SMS-Alarm und Pager zu einem Wohnhausbrand in Prottes alarmiert. Unverz\u00fcglich r\u00fcckten 11 Mann mit 2 Fahrzeugen zum Einsatzort aus. Noch w\u00e4hrend der Anfahrt r\u00fcstete sich der Atemschutztrupp aus. Am Einsatzort angekommen bekam der Gruppenkommandant den Einsatzbefehl. Eine Werkstatt im Hof eines Gundst\u00fcckes stand im Vollbrand. Sofort wurde eine L\u00f6schleitung f\u00fcr den Atemschutztrupp Matzen hergerichtet. Der Trupp r\u00fcckte mit der W\u00e4rmebildkamera in das Brandobjekt vor. W\u00e4hrend der L\u00f6scharbeiten konnte ein Schwei\u00dfger\u00e4t mit einer Gasflasche sichergestellt werden. Nach rund 20 Minuten konnte Brand aus gegeben werden. Bis auf die Feuerwehr Prottes, die noch Nachl\u00f6scharbeiten durchf\u00fchrte, r\u00fcckten alle Einsatzkr\u00e4fte wieder ab.<\/p>\n<p>Im Einsatz befindliche Fahrzeuge: RLF-A 2000, KDO<br \/>\nMannschaftsst\u00e4rke: 11<br \/>\nsonstige Einsatzkr\u00e4fte: FF Prottes, FF Sch\u00f6nkirchen-Reyersdorf, FF G\u00e4nserndorf, RK G\u00e4nserndorf, Polizei<\/p>\n<p><a href=\"https:\/\/www.feuerwehr-matzen.at\/wp-content\/uploads\/2016\/04\/DSC01251.jpg\"><img loading=\"lazy\" decoding=\"async\" src=\"https:\/\/www.feuerwehr-matzen.at\/wp-content\/uploads\/2016\/04\/DSC01251-150x150.jpg\" alt=\"DSC01251\" width=\"150\" height=\"150\" class=\"alignleft size-thumbnail wp-image-4832\" \/><\/a><\/p>\n<p><a href=\"https:\/\/www.feuerwehr-matzen.at\/wp-content\/uploads\/2016\/04\/DSC01253.jpg\"><img loading=\"lazy\" decoding=\"async\" src=\"https:\/\/www.feuerwehr-matzen.at\/wp-content\/uploads\/2016\/04\/DSC01253-150x150.jpg\" alt=\"DSC01253\" width=\"150\" height=\"150\" class=\"alignleft size-thumbnail wp-image-4833\" \/><\/a><\/p>\n<p><a href=\"https:\/\/www.feuerwehr-matzen.at\/wp-content\/uploads\/2016\/04\/DSC01254.jpg\"><img loading=\"lazy\" decoding=\"async\" src=\"https:\/\/www.feuerwehr-matzen.at\/wp-content\/uploads\/2016\/04\/DSC01254-150x150.jpg\" alt=\"DSC01254\" width=\"150\" height=\"150\" class=\"alignleft size-thumbnail wp-image-4834\" \/><\/a><\/p>\n<p><a href=\"https:\/\/www.feuerwehr-matzen.at\/wp-content\/uploads\/2016\/04\/DSC01255.jpg\"><img loading=\"lazy\" decoding=\"async\" src=\"https:\/\/www.feuerwehr-matzen.at\/wp-content\/uploads\/2016\/04\/DSC01255-150x150.jpg\" alt=\"DSC01255\" width=\"150\" height=\"150\" class=\"alignleft size-thumbnail wp-image-4835\" \/><\/a><\/p>\n<p><a href=\"https:\/\/www.feuerwehr-matzen.at\/wp-content\/uploads\/2016\/04\/DSC01257.jpg\"><img loading=\"lazy\" decoding=\"async\" src=\"https:\/\/www.feuerwehr-matzen.at\/wp-content\/uploads\/2016\/04\/DSC01257-150x150.jpg\" alt=\"DSC01257\" width=\"150\" height=\"150\" class=\"alignleft size-thumbnail wp-image-4836\" \/><\/a><\/p>\n<p><a href=\"https:\/\/www.feuerwehr-matzen.at\/wp-content\/uploads\/2016\/04\/DSC01259.jpg\"><img loading=\"lazy\" decoding=\"async\" src=\"https:\/\/www.feuerwehr-matzen.at\/wp-content\/uploads\/2016\/04\/DSC01259-150x150.jpg\" alt=\"DSC01259\" width=\"150\" height=\"150\" class=\"alignleft size-thumbnail wp-image-4837\" \/><\/a><\/p>\n<p><a href=\"https:\/\/www.feuerwehr-matzen.at\/wp-content\/uploads\/2016\/04\/DSC01262.jpg\"><img loading=\"lazy\" decoding=\"async\" src=\"https:\/\/www.feuerwehr-matzen.at\/wp-content\/uploads\/2016\/04\/DSC01262-150x150.jpg\" alt=\"DSC01262\" width=\"150\" height=\"150\" class=\"alignleft size-thumbnail wp-image-4838\" \/><\/a><\/p>\n<p><a href=\"https:\/\/www.feuerwehr-matzen.at\/wp-content\/uploads\/2016\/04\/DSC01265.jpg\"><img loading=\"lazy\" decoding=\"async\" src=\"https:\/\/www.feuerwehr-matzen.at\/wp-content\/uploads\/2016\/04\/DSC01265-150x150.jpg\" alt=\"DSC01265\" width=\"150\" height=\"150\" class=\"alignleft size-thumbnail wp-image-4839\" \/><\/a><\/p>\n<p><a href=\"https:\/\/www.feuerwehr-matzen.at\/wp-content\/uploads\/2016\/04\/DSC01270.jpg\"><img loading=\"lazy\" decoding=\"async\" src=\"https:\/\/www.feuerwehr-matzen.at\/wp-content\/uploads\/2016\/04\/DSC01270-150x150.jpg\" alt=\"DSC01270\" width=\"150\" height=\"150\" class=\"alignleft size-thumbnail wp-image-4840\" \/><\/a><\/p>\n<p><a href=\"https:\/\/www.feuerwehr-matzen.at\/wp-content\/uploads\/2016\/04\/DSC01271.jpg\"><img loading=\"lazy\" decoding=\"async\" src=\"https:\/\/www.feuerwehr-matzen.at\/wp-content\/uploads\/2016\/04\/DSC01271-150x150.jpg\" alt=\"DSC01271\" width=\"150\" height=\"150\" class=\"alignleft size-thumbnail wp-image-4841\" \/><\/a><\/p>\n<p><a href=\"https:\/\/www.feuerwehr-matzen.at\/wp-content\/uploads\/2016\/04\/DSC01273.jpg\"><img loading=\"lazy\" decoding=\"async\" src=\"https:\/\/www.feuerwehr-matzen.at\/wp-content\/uploads\/2016\/04\/DSC01273-150x150.jpg\" alt=\"DSC01273\" width=\"150\" height=\"150\" class=\"alignleft size-thumbnail wp-image-4842\" \/><\/a><\/p>\n<p><a href=\"https:\/\/www.feuerwehr-matzen.at\/wp-content\/uploads\/2016\/04\/DSC01276.jpg\"><img loading=\"lazy\" decoding=\"async\" src=\"https:\/\/www.feuerwehr-matzen.at\/wp-content\/uploads\/2016\/04\/DSC01276-150x150.jpg\" alt=\"DSC01276\" width=\"150\" height=\"150\" class=\"alignleft size-thumbnail wp-image-4843\" \/><\/a><\/p>\n<p><a href=\"https:\/\/www.feuerwehr-matzen.at\/wp-content\/uploads\/2016\/04\/DSC01280.jpg\"><img loading=\"lazy\" decoding=\"async\" src=\"https:\/\/www.feuerwehr-matzen.at\/wp-content\/uploads\/2016\/04\/DSC01280-150x150.jpg\" alt=\"DSC01280\" width=\"150\" height=\"150\" class=\"alignleft size-thumbnail wp-image-4844\" \/><\/a><\/p>\n<p><a href=\"https:\/\/www.feuerwehr-matzen.at\/wp-content\/uploads\/2016\/04\/DSC01281.jpg\"><img loading=\"lazy\" decoding=\"async\" src=\"https:\/\/www.feuerwehr-matzen.at\/wp-content\/uploads\/2016\/04\/DSC01281-150x150.jpg\" alt=\"DSC01281\" width=\"150\" height=\"150\" class=\"alignleft size-thumbnail wp-image-4845\" \/><\/a><\/p>\n<p><a href=\"https:\/\/www.feuerwehr-matzen.at\/wp-content\/uploads\/2016\/04\/DSC01285.jpg\"><img loading=\"lazy\" decoding=\"async\" src=\"https:\/\/www.feuerwehr-matzen.at\/wp-content\/uploads\/2016\/04\/DSC01285-150x150.jpg\" alt=\"DSC01285\" width=\"150\" height=\"150\" class=\"alignleft size-thumbnail wp-image-4846\" \/><\/a><\/p>\n<p><a href=\"https:\/\/www.feuerwehr-matzen.at\/wp-content\/uploads\/2016\/04\/DSC01286.jpg\"><img loading=\"lazy\" decoding=\"async\" src=\"https:\/\/www.feuerwehr-matzen.at\/wp-content\/uploads\/2016\/04\/DSC01286-150x150.jpg\" alt=\"DSC01286\" width=\"150\" height=\"150\" class=\"alignleft size-thumbnail wp-image-4847\" \/><\/a><\/p>\n","protected":false},"excerpt":{"rendered":"<p>Wohnhausbrand Am 25. J\u00e4nner 2017 wurde die Feuerwehr Matzen zum ersten Einsatz im neuen Jahr um 10:31 Uhr mittels Sirene, SMS-Alarm und Pager zu einem Wohnhausbrand in Prottes alarmiert. Unverz\u00fcglich r\u00fcckten 11 Mann mit 2 Fahrzeugen zum Einsatzort aus. Noch <a class=\"more-link\" href=\"https:\/\/www.feuerwehr-matzen.at\/?page_id=4849\">weiterlesen  <span class=\"screen-reader-text\">  25. J\u00e4nner 2017<\/span><span class=\"meta-nav\">&rarr;<\/span><\/a><\/p>\n","protected":false},"author":6,"featured_media":0,"parent":0,"menu_order":0,"comment_status":"closed","ping_status":"closed","template":"","meta":{"footnotes":""},"class_list":["post-4849","page","type-page","status-publish","hentry"],"_links":{"self":[{"href":"https:\/\/www.feuerwehr-matzen.at\/index.php?rest_route=\/wp\/v2\/pages\/4849","targetHints":{"allow":["GET"]}}],"collection":[{"href":"https:\/\/www.feuerwehr-matzen.at\/index.php?rest_route=\/wp\/v2\/pages"}],"about":[{"href":"https:\/\/www.feuerwehr-matzen.at\/index.php?rest_route=\/wp\/v2\/types\/page"}],"author":[{"embeddable":true,"href":"https:\/\/www.feuerwehr-matzen.at\/index.php?rest_route=\/wp\/v2\/users\/6"}],"replies":[{"embeddable":true,"href":"https:\/\/www.feuerwehr-matzen.at\/index.php?rest_route=%2Fwp%2Fv2%2Fcomments&post=4849"}],"version-history":[{"count":2,"href":"https:\/\/www.feuerwehr-matzen.at\/index.php?rest_route=\/wp\/v2\/pages\/4849\/revisions"}],"predecessor-version":[{"id":4861,"href":"https:\/\/www.feuerwehr-matzen.at\/index.php?rest_route=\/wp\/v2\/pages\/4849\/revisions\/4861"}],"wp:attachment":[{"href":"https:\/\/www.feuerwehr-matzen.at\/index.php?rest_route=%2Fwp%2Fv2%2Fmedia&parent=4849"}],"curies":[{"name":"wp","href":"https:\/\/api.w.org\/{rel}","templated":true}]}}