{"id":4853,"date":"2017-02-09T10:55:57","date_gmt":"2017-02-09T08:55:57","guid":{"rendered":"http:\/\/www.feuerwehr-matzen.at\/?page_id=4853"},"modified":"2020-09-18T14:15:35","modified_gmt":"2020-09-18T12:15:35","slug":"6-februar-2017","status":"publish","type":"page","link":"https:\/\/www.feuerwehr-matzen.at\/?page_id=4853","title":{"rendered":"6. Februar 2017"},"content":{"rendered":"<p><strong>Auspumparbeiten<\/strong><a title=\"Eins\u00e4tze\" href=\"https:\/\/www.feuerwehr-matzen.at\/?page_id=4827\"><img loading=\"lazy\" decoding=\"async\" class=\"alignright size-full wp-image-1833\" alt=\"return\" src=\"https:\/\/www.feuerwehr-matzen.at\/wp-content\/uploads\/2013\/07\/return.jpg\" width=\"65\" height=\"30\" \/><\/a><\/p>\n<p>Am 6. Februar 2017 wurde die Feuerwehr Matzen mittels Sirene, SMS-Alarm und Pager zu einem  technischen Einsatz\/Auspumparbeiten alarmiert. Unverz\u00fcglich r\u00fcckten 10 Mann mit 2 Fahrzeugen zum Einsatzort auf der Schweinbartherstra\u00dfe aus. Durch die Schneeschmelze und den Regenf\u00e4llen wurde ein Erdkeller unter Wasser gesetzt. Mittels Schlammpumpe wurde der Keller wieder abgepumpt. Bei der weiteren Erkundung wurde festgestellt, dass sich hinter dem Geb\u00e4ude ein ausgesp\u00fcltes Erdloch befindet. Unverz\u00fcglich wurde gro\u00dfr\u00e4umig abgesperrt und mit der Gemeinde R\u00fccksprache gehalten. Aufgrund der anhaltenden Regenf\u00e4lle r\u00fcckten einige Kameraden gegen 17:00 erneut zur selben Einsatzadresse aus und pumpten den Keller aus. Bei einer Nachkontrolle am n\u00e4chsten Tag konnten alle Einsatzger\u00e4te wiederabgeholt und der Einsatz beendet werden.<\/p>\n<p>Im Einsatz befindliche Fahrzeuge: RLF-A 2000, KDO<br \/>\nMannschaftsst\u00e4rke: 10<br \/>\nsonstige Einsatzkr\u00e4fte: Gemeinde Matzen<\/p>\n<p><a href=\"https:\/\/www.feuerwehr-matzen.at\/wp-content\/uploads\/2017\/02\/dsc01291.jpg\"><img loading=\"lazy\" decoding=\"async\" src=\"https:\/\/www.feuerwehr-matzen.at\/wp-content\/uploads\/2017\/02\/dsc01291-150x150.jpg\" alt=\"dsc01291\" width=\"150\" height=\"150\" class=\"alignleft size-thumbnail wp-image-4854\" \/><\/a><\/p>\n<p><a href=\"https:\/\/www.feuerwehr-matzen.at\/wp-content\/uploads\/2017\/02\/dsc01303.jpg\"><img loading=\"lazy\" decoding=\"async\" src=\"https:\/\/www.feuerwehr-matzen.at\/wp-content\/uploads\/2017\/02\/dsc01303-150x150.jpg\" alt=\"dsc01303\" width=\"150\" height=\"150\" class=\"alignleft size-thumbnail wp-image-4855\" \/><\/a><\/p>\n<p><a href=\"https:\/\/www.feuerwehr-matzen.at\/wp-content\/uploads\/2017\/02\/dsc01304.jpg\"><img loading=\"lazy\" decoding=\"async\" src=\"https:\/\/www.feuerwehr-matzen.at\/wp-content\/uploads\/2017\/02\/dsc01304-150x150.jpg\" alt=\"dsc01304\" width=\"150\" height=\"150\" class=\"alignleft size-thumbnail wp-image-4856\" \/><\/a><\/p>\n<p><a href=\"https:\/\/www.feuerwehr-matzen.at\/wp-content\/uploads\/2017\/02\/dsc01305.jpg\"><img loading=\"lazy\" decoding=\"async\" src=\"https:\/\/www.feuerwehr-matzen.at\/wp-content\/uploads\/2017\/02\/dsc01305-150x150.jpg\" alt=\"dsc01305\" width=\"150\" height=\"150\" class=\"alignleft size-thumbnail wp-image-4857\" \/><\/a><\/p>\n<p><a href=\"https:\/\/www.feuerwehr-matzen.at\/wp-content\/uploads\/2017\/02\/dsc01309.jpg\"><img loading=\"lazy\" decoding=\"async\" src=\"https:\/\/www.feuerwehr-matzen.at\/wp-content\/uploads\/2017\/02\/dsc01309-150x150.jpg\" alt=\"dsc01309\" width=\"150\" height=\"150\" class=\"alignleft size-thumbnail wp-image-4858\" \/><\/a><\/p>\n","protected":false},"excerpt":{"rendered":"<p>Auspumparbeiten Am 6. Februar 2017 wurde die Feuerwehr Matzen mittels Sirene, SMS-Alarm und Pager zu einem technischen Einsatz\/Auspumparbeiten alarmiert. Unverz\u00fcglich r\u00fcckten 10 Mann mit 2 Fahrzeugen zum Einsatzort auf der Schweinbartherstra\u00dfe aus. Durch die Schneeschmelze und den Regenf\u00e4llen wurde ein <a class=\"more-link\" href=\"https:\/\/www.feuerwehr-matzen.at\/?page_id=4853\">weiterlesen  <span class=\"screen-reader-text\">  6. Februar 2017<\/span><span class=\"meta-nav\">&rarr;<\/span><\/a><\/p>\n","protected":false},"author":6,"featured_media":0,"parent":0,"menu_order":0,"comment_status":"closed","ping_status":"closed","template":"","meta":{"footnotes":""},"class_list":["post-4853","page","type-page","status-publish","hentry"],"_links":{"self":[{"href":"https:\/\/www.feuerwehr-matzen.at\/index.php?rest_route=\/wp\/v2\/pages\/4853","targetHints":{"allow":["GET"]}}],"collection":[{"href":"https:\/\/www.feuerwehr-matzen.at\/index.php?rest_route=\/wp\/v2\/pages"}],"about":[{"href":"https:\/\/www.feuerwehr-matzen.at\/index.php?rest_route=\/wp\/v2\/types\/page"}],"author":[{"embeddable":true,"href":"https:\/\/www.feuerwehr-matzen.at\/index.php?rest_route=\/wp\/v2\/users\/6"}],"replies":[{"embeddable":true,"href":"https:\/\/www.feuerwehr-matzen.at\/index.php?rest_route=%2Fwp%2Fv2%2Fcomments&post=4853"}],"version-history":[{"count":2,"href":"https:\/\/www.feuerwehr-matzen.at\/index.php?rest_route=\/wp\/v2\/pages\/4853\/revisions"}],"predecessor-version":[{"id":4860,"href":"https:\/\/www.feuerwehr-matzen.at\/index.php?rest_route=\/wp\/v2\/pages\/4853\/revisions\/4860"}],"wp:attachment":[{"href":"https:\/\/www.feuerwehr-matzen.at\/index.php?rest_route=%2Fwp%2Fv2%2Fmedia&parent=4853"}],"curies":[{"name":"wp","href":"https:\/\/api.w.org\/{rel}","templated":true}]}}