{"id":4864,"date":"2017-02-23T09:57:38","date_gmt":"2017-02-23T07:57:38","guid":{"rendered":"http:\/\/www.feuerwehr-matzen.at\/?page_id=4864"},"modified":"2020-09-18T14:15:34","modified_gmt":"2020-09-18T12:15:34","slug":"23-februar-2017","status":"publish","type":"page","link":"https:\/\/www.feuerwehr-matzen.at\/?page_id=4864","title":{"rendered":"23. Februar 2017"},"content":{"rendered":"<p><strong>Fahrzeugbergung<\/strong><a title=\"Eins\u00e4tze\" href=\"https:\/\/www.feuerwehr-matzen.at\/?page_id=4827\"><img loading=\"lazy\" decoding=\"async\" class=\"alignright size-full wp-image-1833\" alt=\"return\" src=\"https:\/\/www.feuerwehr-matzen.at\/wp-content\/uploads\/2013\/07\/return.jpg\" width=\"65\" height=\"30\" \/><\/a><\/p>\n<p>Am 23. Februar 2017 wurden die Matzner Florianij\u00fcnger um 05:22 mittels Sirene, SMS-Alarm und Pager zu einer Fahrzeugbergung auf der L18 Richtung Spannberg alarmiert.<br \/>\nEin ausl\u00e4ndischer PKW-Lenker lies sein Fahrzeug nach einer Panne unbeleuchtet auf seinem Fahrstreifen stehen und versuchte Hilfe zu holen. Da der PKW versperrt war und kein Fahrer vorgefunden wurde, alarmierte die Polizei die Feuerwehr. 11 Mann r\u00fcckten mit 3 Fahrzeugen zum Einsatzort aus. Nach kurzer Absprache mit der Polizei wurde die Einsatzstelle abgesichert und ein Abschleppunternehmen informiert. Kurze Zeit sp\u00e4ter kam der Fahrer wieder zu seinem Fahrzeug zur\u00fcck. Gemeinsam konnte das Fahrzeug samt Anh\u00e4nger von der Fahrbahn entfernt werden. Im Anschluss wurden die ausgetretenen Betriebsmittel gebunden. Nach rund 1 Stunde konnten die Kameraden der Feuerwehr wieder abr\u00fccken.<\/p>\n<p>Im Einsatz befindliche Fahrzeuge: RLF-A 2000, KDO, LAST<br \/>\nMannschaftsst\u00e4rke: 11<br \/>\nsonstige Einsatzkr\u00e4fte: Polizei<\/p>\n<p><a href=\"https:\/\/www.feuerwehr-matzen.at\/wp-content\/uploads\/2017\/02\/dsc01313.jpg\"><img loading=\"lazy\" decoding=\"async\" src=\"https:\/\/www.feuerwehr-matzen.at\/wp-content\/uploads\/2017\/02\/dsc01313-150x150.jpg\" alt=\"dsc01313\" width=\"150\" height=\"150\" class=\"alignleft size-thumbnail wp-image-4872\" \/><\/a><\/p>\n<p><a href=\"https:\/\/www.feuerwehr-matzen.at\/wp-content\/uploads\/2017\/02\/dsc01318.jpg\"><img loading=\"lazy\" decoding=\"async\" src=\"https:\/\/www.feuerwehr-matzen.at\/wp-content\/uploads\/2017\/02\/dsc01318-150x150.jpg\" alt=\"dsc01318\" width=\"150\" height=\"150\" class=\"alignleft size-thumbnail wp-image-4869\" \/><\/a><\/p>\n","protected":false},"excerpt":{"rendered":"<p>Fahrzeugbergung Am 23. Februar 2017 wurden die Matzner Florianij\u00fcnger um 05:22 mittels Sirene, SMS-Alarm und Pager zu einer Fahrzeugbergung auf der L18 Richtung Spannberg alarmiert. Ein ausl\u00e4ndischer PKW-Lenker lies sein Fahrzeug nach einer Panne unbeleuchtet auf seinem Fahrstreifen stehen und <a class=\"more-link\" href=\"https:\/\/www.feuerwehr-matzen.at\/?page_id=4864\">weiterlesen  <span class=\"screen-reader-text\">  23. Februar 2017<\/span><span class=\"meta-nav\">&rarr;<\/span><\/a><\/p>\n","protected":false},"author":6,"featured_media":0,"parent":0,"menu_order":0,"comment_status":"closed","ping_status":"closed","template":"","meta":{"footnotes":""},"class_list":["post-4864","page","type-page","status-publish","hentry"],"_links":{"self":[{"href":"https:\/\/www.feuerwehr-matzen.at\/index.php?rest_route=\/wp\/v2\/pages\/4864","targetHints":{"allow":["GET"]}}],"collection":[{"href":"https:\/\/www.feuerwehr-matzen.at\/index.php?rest_route=\/wp\/v2\/pages"}],"about":[{"href":"https:\/\/www.feuerwehr-matzen.at\/index.php?rest_route=\/wp\/v2\/types\/page"}],"author":[{"embeddable":true,"href":"https:\/\/www.feuerwehr-matzen.at\/index.php?rest_route=\/wp\/v2\/users\/6"}],"replies":[{"embeddable":true,"href":"https:\/\/www.feuerwehr-matzen.at\/index.php?rest_route=%2Fwp%2Fv2%2Fcomments&post=4864"}],"version-history":[{"count":5,"href":"https:\/\/www.feuerwehr-matzen.at\/index.php?rest_route=\/wp\/v2\/pages\/4864\/revisions"}],"predecessor-version":[{"id":4873,"href":"https:\/\/www.feuerwehr-matzen.at\/index.php?rest_route=\/wp\/v2\/pages\/4864\/revisions\/4873"}],"wp:attachment":[{"href":"https:\/\/www.feuerwehr-matzen.at\/index.php?rest_route=%2Fwp%2Fv2%2Fmedia&parent=4864"}],"curies":[{"name":"wp","href":"https:\/\/api.w.org\/{rel}","templated":true}]}}