{"id":4874,"date":"2017-02-25T21:10:33","date_gmt":"2017-02-25T19:10:33","guid":{"rendered":"http:\/\/www.feuerwehr-matzen.at\/?page_id=4874"},"modified":"2020-09-18T14:15:34","modified_gmt":"2020-09-18T12:15:34","slug":"25-februar-2017","status":"publish","type":"page","link":"https:\/\/www.feuerwehr-matzen.at\/?page_id=4874","title":{"rendered":"25. Februar 2017"},"content":{"rendered":"<p><strong>Forstunfall<\/strong><a title=\"Eins\u00e4tze\" href=\"https:\/\/www.feuerwehr-matzen.at\/?page_id=4827\"><img loading=\"lazy\" decoding=\"async\" class=\"alignright size-full wp-image-1833\" alt=\"return\" src=\"https:\/\/www.feuerwehr-matzen.at\/wp-content\/uploads\/2013\/07\/return.jpg\" width=\"65\" height=\"30\" \/><\/a><\/p>\n<p>Am 25. Februar 2017 wurde die Feuerwehr Matzen um 10:37 mittels Sirene, SMS-Alarm und Pager zu einer Technischen Hilfeleistung im Matzner Wald alarmiert. Das Rote Kreuz hatte die \u00f6rtliche Feuerwehr nach einem Forstunfall angefordert. Unverz\u00fcglich r\u00fcckten 13 Mann mit 2 Fahrzeugen zum Treffpunkt mit dem RTW aus. Nachdem ein Lotse am \u201eKarpatenblick\u201c gefunden werden konnte, fuhren die Einsatzkr\u00e4fte im Konvoi zum Ungl\u00fccksort. Nach rund 2 Kilometern wurde der verletzte Forstarbeiter aufgefunden und sofort \u00e4rztlich betreut. Gemeinsam mit der Mannschaft des RTWs wurde der Verletzte mit Verdacht auf Schien- und Wadenbeinbruch aus dem unwegsamen Gel\u00e4nde geborgen und von der Rettung ins n\u00e4chstgelegene Krankenhaus gebracht. Nach rund 1 Stunde konnten die Matzner Florianij\u00fcnger wieder abr\u00fccken und die Einsatzbereitschaft herstellen.<\/p>\n<p>Im Einsatz befindliche Fahrzeuge: RLF-A 2000, KDO<br \/>\nMannschaftsst\u00e4rke: 13<br \/>\nsonstige Einsatzkr\u00e4fte: Polizei, Rotes Kreuz<\/p>\n<p><a href=\"https:\/\/www.feuerwehr-matzen.at\/wp-content\/uploads\/2017\/02\/IMAG0165.jpg\"><img loading=\"lazy\" decoding=\"async\" src=\"https:\/\/www.feuerwehr-matzen.at\/wp-content\/uploads\/2017\/02\/IMAG0165-150x150.jpg\" alt=\"IMAG0165\" width=\"150\" height=\"150\" class=\"alignleft size-thumbnail wp-image-4878\" \/><\/a><\/p>\n<p><a href=\"https:\/\/www.feuerwehr-matzen.at\/wp-content\/uploads\/2017\/02\/IMAG0168.jpg\"><img loading=\"lazy\" decoding=\"async\" src=\"https:\/\/www.feuerwehr-matzen.at\/wp-content\/uploads\/2017\/02\/IMAG0168-150x150.jpg\" alt=\"IMAG0168\" width=\"150\" height=\"150\" class=\"alignleft size-thumbnail wp-image-4879\" \/><\/a><\/p>\n<p><a href=\"https:\/\/www.feuerwehr-matzen.at\/wp-content\/uploads\/2017\/02\/IMAG0172.jpg\"><img loading=\"lazy\" decoding=\"async\" src=\"https:\/\/www.feuerwehr-matzen.at\/wp-content\/uploads\/2017\/02\/IMAG0172-150x150.jpg\" alt=\"IMAG0172\" width=\"150\" height=\"150\" class=\"alignleft size-thumbnail wp-image-4880\" \/><\/a><\/p>\n<p><a href=\"https:\/\/www.feuerwehr-matzen.at\/wp-content\/uploads\/2017\/02\/IMAG0178.jpg\"><img loading=\"lazy\" decoding=\"async\" src=\"https:\/\/www.feuerwehr-matzen.at\/wp-content\/uploads\/2017\/02\/IMAG0178-150x150.jpg\" alt=\"IMAG0178\" width=\"150\" height=\"150\" class=\"alignleft size-thumbnail wp-image-4881\" \/><\/a><\/p>\n<p><a href=\"https:\/\/www.feuerwehr-matzen.at\/wp-content\/uploads\/2017\/02\/IMAG0180.jpg\"><img loading=\"lazy\" decoding=\"async\" src=\"https:\/\/www.feuerwehr-matzen.at\/wp-content\/uploads\/2017\/02\/IMAG0180-150x150.jpg\" alt=\"IMAG0180\" width=\"150\" height=\"150\" class=\"alignleft size-thumbnail wp-image-4882\" \/><\/a><\/p>\n","protected":false},"excerpt":{"rendered":"<p>Forstunfall Am 25. Februar 2017 wurde die Feuerwehr Matzen um 10:37 mittels Sirene, SMS-Alarm und Pager zu einer Technischen Hilfeleistung im Matzner Wald alarmiert. Das Rote Kreuz hatte die \u00f6rtliche Feuerwehr nach einem Forstunfall angefordert. Unverz\u00fcglich r\u00fcckten 13 Mann mit <a class=\"more-link\" href=\"https:\/\/www.feuerwehr-matzen.at\/?page_id=4874\">weiterlesen  <span class=\"screen-reader-text\">  25. Februar 2017<\/span><span class=\"meta-nav\">&rarr;<\/span><\/a><\/p>\n","protected":false},"author":6,"featured_media":0,"parent":0,"menu_order":0,"comment_status":"closed","ping_status":"closed","template":"","meta":{"footnotes":""},"class_list":["post-4874","page","type-page","status-publish","hentry"],"_links":{"self":[{"href":"https:\/\/www.feuerwehr-matzen.at\/index.php?rest_route=\/wp\/v2\/pages\/4874","targetHints":{"allow":["GET"]}}],"collection":[{"href":"https:\/\/www.feuerwehr-matzen.at\/index.php?rest_route=\/wp\/v2\/pages"}],"about":[{"href":"https:\/\/www.feuerwehr-matzen.at\/index.php?rest_route=\/wp\/v2\/types\/page"}],"author":[{"embeddable":true,"href":"https:\/\/www.feuerwehr-matzen.at\/index.php?rest_route=\/wp\/v2\/users\/6"}],"replies":[{"embeddable":true,"href":"https:\/\/www.feuerwehr-matzen.at\/index.php?rest_route=%2Fwp%2Fv2%2Fcomments&post=4874"}],"version-history":[{"count":4,"href":"https:\/\/www.feuerwehr-matzen.at\/index.php?rest_route=\/wp\/v2\/pages\/4874\/revisions"}],"predecessor-version":[{"id":4883,"href":"https:\/\/www.feuerwehr-matzen.at\/index.php?rest_route=\/wp\/v2\/pages\/4874\/revisions\/4883"}],"wp:attachment":[{"href":"https:\/\/www.feuerwehr-matzen.at\/index.php?rest_route=%2Fwp%2Fv2%2Fmedia&parent=4874"}],"curies":[{"name":"wp","href":"https:\/\/api.w.org\/{rel}","templated":true}]}}