{"id":4886,"date":"2017-02-28T17:56:54","date_gmt":"2017-02-28T15:56:54","guid":{"rendered":"http:\/\/www.feuerwehr-matzen.at\/?page_id=4886"},"modified":"2020-09-18T14:15:34","modified_gmt":"2020-09-18T12:15:34","slug":"28-februar-2017","status":"publish","type":"page","link":"https:\/\/www.feuerwehr-matzen.at\/?page_id=4886","title":{"rendered":"28.Februar 2017"},"content":{"rendered":"<p><strong>Fahrzeugbergung<\/strong><a title=\"Eins\u00e4tze\" href=\"https:\/\/www.feuerwehr-matzen.at\/?page_id=4827\"><img loading=\"lazy\" decoding=\"async\" class=\"alignright size-full wp-image-1833\" alt=\"return\" src=\"https:\/\/www.feuerwehr-matzen.at\/wp-content\/uploads\/2013\/07\/return.jpg\" width=\"65\" height=\"30\" \/><\/a><\/p>\n<p>Am 28. Februar wurde die Feuerwehr Matzen mittels SMS-Alarm zu einer Fahrzeugbergung auf der L18 Richtung Spannberg alarmiert. Kurz nach der Alarmierung r\u00fcckten 10 Mann mit 2 Fahrzeugen zum Einsatzort aus. Angekommen wurde unverz\u00fcglich die Einsatzstelle abgesichert, um mit der Bergung des Unfallfahrzeuges beginnen zu k\u00f6nnen. Mittels Seilwinde wurde das Wrack aus dem Graben gezogen und mit der Abschleppachse verbracht. Nach der Reinigung der Verkehrsfl\u00e4chen konnten die Einsatzkr\u00e4fte nach rund 1 Stunde wieder einr\u00fccken.<\/p>\n<p>Im Einsatz befindliche Fahrzeuge: RLF-A 2000, KDO<br \/>\nMannschaftsst\u00e4rke: 10<br \/>\nsonstige Einsatzkr\u00e4fte: Polizei<\/p>\n<p><a href=\"https:\/\/www.feuerwehr-matzen.at\/wp-content\/uploads\/2017\/02\/IMAG0187.jpg\"><img loading=\"lazy\" decoding=\"async\" src=\"https:\/\/www.feuerwehr-matzen.at\/wp-content\/uploads\/2017\/02\/IMAG0187-150x150.jpg\" alt=\"IMAG0187\" width=\"150\" height=\"150\" class=\"alignleft size-thumbnail wp-image-4889\" \/><\/a><\/p>\n<p><a href=\"https:\/\/www.feuerwehr-matzen.at\/wp-content\/uploads\/2017\/02\/IMAG0189.jpg\"><img loading=\"lazy\" decoding=\"async\" src=\"https:\/\/www.feuerwehr-matzen.at\/wp-content\/uploads\/2017\/02\/IMAG0189-150x150.jpg\" alt=\"IMAG0189\" width=\"150\" height=\"150\" class=\"alignleft size-thumbnail wp-image-4890\" \/><\/a><\/p>\n<p><a href=\"https:\/\/www.feuerwehr-matzen.at\/wp-content\/uploads\/2017\/02\/IMAG0191.jpg\"><img loading=\"lazy\" decoding=\"async\" src=\"https:\/\/www.feuerwehr-matzen.at\/wp-content\/uploads\/2017\/02\/IMAG0191-150x150.jpg\" alt=\"IMAG0191\" width=\"150\" height=\"150\" class=\"alignleft size-thumbnail wp-image-4891\" \/><\/a><\/p>\n<p><a href=\"https:\/\/www.feuerwehr-matzen.at\/wp-content\/uploads\/2017\/02\/IMAG0192.jpg\"><img loading=\"lazy\" decoding=\"async\" src=\"https:\/\/www.feuerwehr-matzen.at\/wp-content\/uploads\/2017\/02\/IMAG0192-150x150.jpg\" alt=\"IMAG0192\" width=\"150\" height=\"150\" class=\"alignleft size-thumbnail wp-image-4892\" \/><\/a><\/p>\n<p><a href=\"https:\/\/www.feuerwehr-matzen.at\/wp-content\/uploads\/2017\/02\/IMAG0198.jpg\"><img loading=\"lazy\" decoding=\"async\" src=\"https:\/\/www.feuerwehr-matzen.at\/wp-content\/uploads\/2017\/02\/IMAG0198-150x150.jpg\" alt=\"IMAG0198\" width=\"150\" height=\"150\" class=\"alignleft size-thumbnail wp-image-4893\" \/><\/a><\/p>\n<p><a href=\"https:\/\/www.feuerwehr-matzen.at\/wp-content\/uploads\/2017\/02\/IMAG0202.jpg\"><img loading=\"lazy\" decoding=\"async\" src=\"https:\/\/www.feuerwehr-matzen.at\/wp-content\/uploads\/2017\/02\/IMAG0202-150x150.jpg\" alt=\"IMAG0202\" width=\"150\" height=\"150\" class=\"alignleft size-thumbnail wp-image-4894\" \/><\/a><\/p>\n<p><a href=\"https:\/\/www.feuerwehr-matzen.at\/wp-content\/uploads\/2017\/02\/IMAG0207.jpg\"><img loading=\"lazy\" decoding=\"async\" src=\"https:\/\/www.feuerwehr-matzen.at\/wp-content\/uploads\/2017\/02\/IMAG0207-150x150.jpg\" alt=\"IMAG0207\" width=\"150\" height=\"150\" class=\"alignleft size-thumbnail wp-image-4895\" \/><\/a><\/p>\n","protected":false},"excerpt":{"rendered":"<p>Fahrzeugbergung Am 28. Februar wurde die Feuerwehr Matzen mittels SMS-Alarm zu einer Fahrzeugbergung auf der L18 Richtung Spannberg alarmiert. Kurz nach der Alarmierung r\u00fcckten 10 Mann mit 2 Fahrzeugen zum Einsatzort aus. Angekommen wurde unverz\u00fcglich die Einsatzstelle abgesichert, um mit <a class=\"more-link\" href=\"https:\/\/www.feuerwehr-matzen.at\/?page_id=4886\">weiterlesen  <span class=\"screen-reader-text\">  28.Februar 2017<\/span><span class=\"meta-nav\">&rarr;<\/span><\/a><\/p>\n","protected":false},"author":6,"featured_media":0,"parent":0,"menu_order":0,"comment_status":"closed","ping_status":"closed","template":"","meta":{"footnotes":""},"class_list":["post-4886","page","type-page","status-publish","hentry"],"_links":{"self":[{"href":"https:\/\/www.feuerwehr-matzen.at\/index.php?rest_route=\/wp\/v2\/pages\/4886","targetHints":{"allow":["GET"]}}],"collection":[{"href":"https:\/\/www.feuerwehr-matzen.at\/index.php?rest_route=\/wp\/v2\/pages"}],"about":[{"href":"https:\/\/www.feuerwehr-matzen.at\/index.php?rest_route=\/wp\/v2\/types\/page"}],"author":[{"embeddable":true,"href":"https:\/\/www.feuerwehr-matzen.at\/index.php?rest_route=\/wp\/v2\/users\/6"}],"replies":[{"embeddable":true,"href":"https:\/\/www.feuerwehr-matzen.at\/index.php?rest_route=%2Fwp%2Fv2%2Fcomments&post=4886"}],"version-history":[{"count":2,"href":"https:\/\/www.feuerwehr-matzen.at\/index.php?rest_route=\/wp\/v2\/pages\/4886\/revisions"}],"predecessor-version":[{"id":4896,"href":"https:\/\/www.feuerwehr-matzen.at\/index.php?rest_route=\/wp\/v2\/pages\/4886\/revisions\/4896"}],"wp:attachment":[{"href":"https:\/\/www.feuerwehr-matzen.at\/index.php?rest_route=%2Fwp%2Fv2%2Fmedia&parent=4886"}],"curies":[{"name":"wp","href":"https:\/\/api.w.org\/{rel}","templated":true}]}}