{"id":4913,"date":"2017-03-15T09:39:28","date_gmt":"2017-03-15T07:39:28","guid":{"rendered":"http:\/\/www.feuerwehr-matzen.at\/?page_id=4913"},"modified":"2020-09-18T14:15:45","modified_gmt":"2020-09-18T12:15:45","slug":"uebungen-2017","status":"publish","type":"page","link":"https:\/\/www.feuerwehr-matzen.at\/?page_id=4913","title":{"rendered":"\u00dcbungen 2017"},"content":{"rendered":"<table style=\"table-layout: fixed; text-align: left;\" border=\"0\">\n<tbody>\n<tr>\n<th class=\"ffdatum\">11. Dezember<\/th>\n<td class=\"fftext\">Funk\u00fcbung<\/td>\n<td class=\"fffoto\"><\/td>\n<\/tr>\n<tr>\n<th class=\"ffdatum\">17. November<\/th>\n<td class=\"fftext\">Monats\u00fcbung<\/td>\n<td class=\"fffoto\"><\/td>\n<\/tr>\n<tr>\n<th class=\"ffdatum\">07. November<\/th>\n<td class=\"fftext\">Schadstoff\u00fcbung<\/td>\n<td class=\"fffoto\"><\/td>\n<\/tr>\n<tr>\n<th class=\"ffdatum\">13. Oktober<\/th>\n<td class=\"fftext\">Einsatz\u00fcbung<\/td>\n<td class=\"fffoto\"><a title=\"13. Oktober 2017\" href=\"https:\/\/www.feuerwehr-matzen.at\/?page_id=5131\"><img decoding=\"async\" src=\"https:\/\/www.feuerwehr-matzen.at\/wp-content\/uploads\/2013\/07\/bericht_bilder.png\" alt=\"Bericht und Fotos\" \/><\/a><\/td>\n<\/tr>\n<tr>\n<th class=\"ffdatum\">11. September<\/th>\n<td class=\"fftext\">Branddienst\u00fcbung<\/td>\n<td class=\"fffoto\"><\/td>\n<\/tr>\n<tr>\n<th class=\"ffdatum\">17. Mai <\/th>\n<td class=\"fftext\">Monats\u00fcbung<\/td>\n<td class=\"fffoto\"><\/td>\n<\/tr>\n<tr>\n<th class=\"ffdatum\">21. April <\/th>\n<td class=\"fftext\">Maschinistenschulung<\/td>\n<td class=\"fffoto\"><\/td>\n<\/tr>\n<tr>\n<th class=\"ffdatum\">11. M\u00e4rz<\/th>\n<td class=\"fftext\">KHD-\u00dcbung<\/td>\n<td class=\"fffoto\"><\/td>\n<\/tr>\n<tr>\n<th class=\"ffdatum\">15. Februar<\/th>\n<td class=\"fftext\">Monats\u00fcbung<\/td>\n<td class=\"fffoto\"><\/td>\n<\/tr>\n<tr>\n<th class=\"ffdatum\">16.J\u00e4nner<\/th>\n<td class=\"fftext\">Winterschulung<\/td>\n<td class=\"fffoto\"><\/td>\n<\/tr>\n<\/tbody>\n<\/table>\n","protected":false},"excerpt":{"rendered":"<p>11. Dezember Funk\u00fcbung 17. November Monats\u00fcbung 07. November Schadstoff\u00fcbung 13. Oktober Einsatz\u00fcbung 11. September Branddienst\u00fcbung 17. Mai Monats\u00fcbung 21. April Maschinistenschulung 11. M\u00e4rz KHD-\u00dcbung 15. Februar Monats\u00fcbung 16.J\u00e4nner Winterschulung<\/p>\n","protected":false},"author":6,"featured_media":0,"parent":0,"menu_order":0,"comment_status":"closed","ping_status":"closed","template":"","meta":{"footnotes":""},"class_list":["post-4913","page","type-page","status-publish","hentry"],"_links":{"self":[{"href":"https:\/\/www.feuerwehr-matzen.at\/index.php?rest_route=\/wp\/v2\/pages\/4913","targetHints":{"allow":["GET"]}}],"collection":[{"href":"https:\/\/www.feuerwehr-matzen.at\/index.php?rest_route=\/wp\/v2\/pages"}],"about":[{"href":"https:\/\/www.feuerwehr-matzen.at\/index.php?rest_route=\/wp\/v2\/types\/page"}],"author":[{"embeddable":true,"href":"https:\/\/www.feuerwehr-matzen.at\/index.php?rest_route=\/wp\/v2\/users\/6"}],"replies":[{"embeddable":true,"href":"https:\/\/www.feuerwehr-matzen.at\/index.php?rest_route=%2Fwp%2Fv2%2Fcomments&post=4913"}],"version-history":[{"count":5,"href":"https:\/\/www.feuerwehr-matzen.at\/index.php?rest_route=\/wp\/v2\/pages\/4913\/revisions"}],"predecessor-version":[{"id":5329,"href":"https:\/\/www.feuerwehr-matzen.at\/index.php?rest_route=\/wp\/v2\/pages\/4913\/revisions\/5329"}],"wp:attachment":[{"href":"https:\/\/www.feuerwehr-matzen.at\/index.php?rest_route=%2Fwp%2Fv2%2Fmedia&parent=4913"}],"curies":[{"name":"wp","href":"https:\/\/api.w.org\/{rel}","templated":true}]}}