{"id":4921,"date":"2017-03-20T23:04:04","date_gmt":"2017-03-20T21:04:04","guid":{"rendered":"http:\/\/www.feuerwehr-matzen.at\/?page_id=4921"},"modified":"2020-09-18T14:15:24","modified_gmt":"2020-09-18T12:15:24","slug":"20-maerz-2017","status":"publish","type":"page","link":"https:\/\/www.feuerwehr-matzen.at\/?page_id=4921","title":{"rendered":"20. M\u00e4rz 2017"},"content":{"rendered":"<p><strong>Fahrzeugbergung<\/strong><a title=\"Eins\u00e4tze\" href=\"https:\/\/www.feuerwehr-matzen.at\/?page_id=4827\"><img loading=\"lazy\" decoding=\"async\" class=\"alignright size-full wp-image-1833\" alt=\"return\" src=\"https:\/\/www.feuerwehr-matzen.at\/wp-content\/uploads\/2013\/07\/return.jpg\" width=\"65\" height=\"30\" \/><\/a><\/p>\n<p>Am 20. M\u00e4rz 2017 wurde die Feuerwehr Matzen um 16:34 mittels Sirene, SMS-Alarm und Pager zu einer Fahrzeugbergung auf der L 19 Richtung Prottes alarmiert. Unverz\u00fcglich r\u00fcckten 12 Mann mit 2 Fahrzeugen zum Einsatzort aus. Ein PKW kam beim Befahren eines Feldweges leicht von der Fahrbahn ab und drohte umzukippen. Mittels Rundschlingen wurde das Fahrzeug gesichert und in Folge mit dem Greifzug wieder hinaufgezogen. Das Fahrzeug konnte seine Fahrt selbstst\u00e4ndig weiterf\u00fchren. Nach rund einer Stunde konnten die Einsatzkr\u00e4fte wieder abr\u00fccken und die Einsatzbereitschaft herstellen.<\/p>\n<p>Im Einsatz befindliche Fahrzeuge: RLF-A 2000, KDO<br \/>\nMannschaftsst\u00e4rke: 12<\/p>\n<p><a href=\"https:\/\/www.feuerwehr-matzen.at\/wp-content\/uploads\/2017\/03\/dsc01390.jpg\"><img loading=\"lazy\" decoding=\"async\" src=\"https:\/\/www.feuerwehr-matzen.at\/wp-content\/uploads\/2017\/03\/dsc01390-150x150.jpg\" alt=\"dsc01390\" width=\"150\" height=\"150\" class=\"alignleft size-thumbnail wp-image-4922\" \/><\/a><\/p>\n<p><a href=\"https:\/\/www.feuerwehr-matzen.at\/wp-content\/uploads\/2017\/03\/dsc01391.jpg\"><img loading=\"lazy\" decoding=\"async\" src=\"https:\/\/www.feuerwehr-matzen.at\/wp-content\/uploads\/2017\/03\/dsc01391-150x150.jpg\" alt=\"dsc01391\" width=\"150\" height=\"150\" class=\"alignleft size-thumbnail wp-image-4923\" \/><\/a><\/p>\n<p><a href=\"https:\/\/www.feuerwehr-matzen.at\/wp-content\/uploads\/2017\/03\/dsc01397.jpg\"><img loading=\"lazy\" decoding=\"async\" src=\"https:\/\/www.feuerwehr-matzen.at\/wp-content\/uploads\/2017\/03\/dsc01397-150x150.jpg\" alt=\"dsc01397\" width=\"150\" height=\"150\" class=\"alignleft size-thumbnail wp-image-4924\" \/><\/a><\/p>\n<p><a href=\"https:\/\/www.feuerwehr-matzen.at\/wp-content\/uploads\/2017\/03\/dsc01402.jpg\"><img loading=\"lazy\" decoding=\"async\" src=\"https:\/\/www.feuerwehr-matzen.at\/wp-content\/uploads\/2017\/03\/dsc01402-150x150.jpg\" alt=\"dsc01402\" width=\"150\" height=\"150\" class=\"alignleft size-thumbnail wp-image-4925\" \/><\/a><\/p>\n","protected":false},"excerpt":{"rendered":"<p>Fahrzeugbergung Am 20. M\u00e4rz 2017 wurde die Feuerwehr Matzen um 16:34 mittels Sirene, SMS-Alarm und Pager zu einer Fahrzeugbergung auf der L 19 Richtung Prottes alarmiert. Unverz\u00fcglich r\u00fcckten 12 Mann mit 2 Fahrzeugen zum Einsatzort aus. Ein PKW kam beim <a class=\"more-link\" href=\"https:\/\/www.feuerwehr-matzen.at\/?page_id=4921\">weiterlesen  <span class=\"screen-reader-text\">  20. M\u00e4rz 2017<\/span><span class=\"meta-nav\">&rarr;<\/span><\/a><\/p>\n","protected":false},"author":6,"featured_media":0,"parent":0,"menu_order":0,"comment_status":"closed","ping_status":"closed","template":"","meta":{"footnotes":""},"class_list":["post-4921","page","type-page","status-publish","hentry"],"_links":{"self":[{"href":"https:\/\/www.feuerwehr-matzen.at\/index.php?rest_route=\/wp\/v2\/pages\/4921","targetHints":{"allow":["GET"]}}],"collection":[{"href":"https:\/\/www.feuerwehr-matzen.at\/index.php?rest_route=\/wp\/v2\/pages"}],"about":[{"href":"https:\/\/www.feuerwehr-matzen.at\/index.php?rest_route=\/wp\/v2\/types\/page"}],"author":[{"embeddable":true,"href":"https:\/\/www.feuerwehr-matzen.at\/index.php?rest_route=\/wp\/v2\/users\/6"}],"replies":[{"embeddable":true,"href":"https:\/\/www.feuerwehr-matzen.at\/index.php?rest_route=%2Fwp%2Fv2%2Fcomments&post=4921"}],"version-history":[{"count":1,"href":"https:\/\/www.feuerwehr-matzen.at\/index.php?rest_route=\/wp\/v2\/pages\/4921\/revisions"}],"predecessor-version":[{"id":4926,"href":"https:\/\/www.feuerwehr-matzen.at\/index.php?rest_route=\/wp\/v2\/pages\/4921\/revisions\/4926"}],"wp:attachment":[{"href":"https:\/\/www.feuerwehr-matzen.at\/index.php?rest_route=%2Fwp%2Fv2%2Fmedia&parent=4921"}],"curies":[{"name":"wp","href":"https:\/\/api.w.org\/{rel}","templated":true}]}}