{"id":4929,"date":"2017-03-20T23:25:02","date_gmt":"2017-03-20T21:25:02","guid":{"rendered":"http:\/\/www.feuerwehr-matzen.at\/?page_id=4929"},"modified":"2020-09-18T14:15:23","modified_gmt":"2020-09-18T12:15:23","slug":"18-maerz-2017","status":"publish","type":"page","link":"https:\/\/www.feuerwehr-matzen.at\/?page_id=4929","title":{"rendered":"18. M\u00e4rz 2017"},"content":{"rendered":"<p><strong>Kanalgebrechen<\/strong><a title=\"Eins\u00e4tze\" href=\"https:\/\/www.feuerwehr-matzen.at\/?page_id=4827\"><img loading=\"lazy\" decoding=\"async\" class=\"alignright size-full wp-image-1833\" alt=\"return\" src=\"https:\/\/www.feuerwehr-matzen.at\/wp-content\/uploads\/2013\/07\/return.jpg\" width=\"65\" height=\"30\" \/><\/a><\/p>\n<p>Am 18. M\u00e4rz 2017 wurde die Feuerwehr Matzen telefonisch \u00fcber ein Kanalgebrechen im Optimum Matzen informiert. Um 09:15 r\u00fcckten 6 Mann mit dem R\u00fcstl\u00f6schfahrzeug zum Einsatzort aus. Nachdem das Kanalgebrechen lokalisiert wurde, konnte gemeinsam mit der Firma Kanalherrmann versucht werden, den Kanal wieder freizubekommen. Nachdem eine abgerissene Kanalrohrhalterung wieder fixiert werden konnte, gelang es auch das Abwasserrohr wieder freizubekommen. Nach rund 2 Stunden konnten die Einsatzkr\u00e4fte wieder abr\u00fccken.<\/p>\n<p>Im Einsatz befindliche Fahrzeuge: RLF-A 2000<br \/>\nMannschaftsst\u00e4rke: 6<br \/>\nsonstige Kr\u00e4fte: Gemeinde Matzen<\/p>\n<p><a href=\"https:\/\/www.feuerwehr-matzen.at\/wp-content\/uploads\/2017\/03\/IMAG0239.jpg\"><img loading=\"lazy\" decoding=\"async\" src=\"https:\/\/www.feuerwehr-matzen.at\/wp-content\/uploads\/2017\/03\/IMAG0239-150x150.jpg\" alt=\"IMAG0239\" width=\"150\" height=\"150\" class=\"alignleft size-thumbnail wp-image-4930\" \/><\/a><\/p>\n<p><a href=\"https:\/\/www.feuerwehr-matzen.at\/wp-content\/uploads\/2017\/03\/IMAG0240.jpg\"><img loading=\"lazy\" decoding=\"async\" src=\"https:\/\/www.feuerwehr-matzen.at\/wp-content\/uploads\/2017\/03\/IMAG0240-150x150.jpg\" alt=\"IMAG0240\" width=\"150\" height=\"150\" class=\"alignleft size-thumbnail wp-image-4931\" \/><\/a><\/p>\n","protected":false},"excerpt":{"rendered":"<p>Kanalgebrechen Am 18. M\u00e4rz 2017 wurde die Feuerwehr Matzen telefonisch \u00fcber ein Kanalgebrechen im Optimum Matzen informiert. Um 09:15 r\u00fcckten 6 Mann mit dem R\u00fcstl\u00f6schfahrzeug zum Einsatzort aus. Nachdem das Kanalgebrechen lokalisiert wurde, konnte gemeinsam mit der Firma Kanalherrmann versucht <a class=\"more-link\" href=\"https:\/\/www.feuerwehr-matzen.at\/?page_id=4929\">weiterlesen  <span class=\"screen-reader-text\">  18. M\u00e4rz 2017<\/span><span class=\"meta-nav\">&rarr;<\/span><\/a><\/p>\n","protected":false},"author":6,"featured_media":0,"parent":0,"menu_order":0,"comment_status":"closed","ping_status":"closed","template":"","meta":{"footnotes":""},"class_list":["post-4929","page","type-page","status-publish","hentry"],"_links":{"self":[{"href":"https:\/\/www.feuerwehr-matzen.at\/index.php?rest_route=\/wp\/v2\/pages\/4929","targetHints":{"allow":["GET"]}}],"collection":[{"href":"https:\/\/www.feuerwehr-matzen.at\/index.php?rest_route=\/wp\/v2\/pages"}],"about":[{"href":"https:\/\/www.feuerwehr-matzen.at\/index.php?rest_route=\/wp\/v2\/types\/page"}],"author":[{"embeddable":true,"href":"https:\/\/www.feuerwehr-matzen.at\/index.php?rest_route=\/wp\/v2\/users\/6"}],"replies":[{"embeddable":true,"href":"https:\/\/www.feuerwehr-matzen.at\/index.php?rest_route=%2Fwp%2Fv2%2Fcomments&post=4929"}],"version-history":[{"count":1,"href":"https:\/\/www.feuerwehr-matzen.at\/index.php?rest_route=\/wp\/v2\/pages\/4929\/revisions"}],"predecessor-version":[{"id":4932,"href":"https:\/\/www.feuerwehr-matzen.at\/index.php?rest_route=\/wp\/v2\/pages\/4929\/revisions\/4932"}],"wp:attachment":[{"href":"https:\/\/www.feuerwehr-matzen.at\/index.php?rest_route=%2Fwp%2Fv2%2Fmedia&parent=4929"}],"curies":[{"name":"wp","href":"https:\/\/api.w.org\/{rel}","templated":true}]}}