{"id":4934,"date":"2017-03-20T23:26:09","date_gmt":"2017-03-20T21:26:09","guid":{"rendered":"http:\/\/www.feuerwehr-matzen.at\/?page_id=4934"},"modified":"2020-09-18T14:15:23","modified_gmt":"2020-09-18T12:15:23","slug":"19-maerz-2017","status":"publish","type":"page","link":"https:\/\/www.feuerwehr-matzen.at\/?page_id=4934","title":{"rendered":"19. M\u00e4rz 2017"},"content":{"rendered":"<p><strong>Wassergebrechen<\/strong><a title=\"Eins\u00e4tze\" href=\"https:\/\/www.feuerwehr-matzen.at\/?page_id=4827\"><img loading=\"lazy\" decoding=\"async\" class=\"alignright size-full wp-image-1833\" alt=\"return\" src=\"https:\/\/www.feuerwehr-matzen.at\/wp-content\/uploads\/2013\/07\/return.jpg\" width=\"65\" height=\"30\" \/><\/a><\/p>\n<p>Am 19. M\u00e4rz wurde die Feuerwehr Matzen \u00fcber einen Wassereintritt in einen Keller informiert. Nach einen Lokalaugenschein durch den Feuerwehrkommandanten wurde ein Wassergebrechen im benachbarten Keller festgestellt. Unverz\u00fcglich r\u00fcckten 4 Mann mit dem R\u00fcstl\u00f6schfahrzeug zur Einsatzstelle aus. Nachdem sich die Kameraden Zugang zum Keller verschafft hatten, konnte das Wassergebrechen binnen weniger Minuten lokalisiert und das schadhafte Rohr abgesperrt werden. Nach rund einer halben Stunde r\u00fcckten die Einsatzkr\u00e4fte wieder ab.<\/p>\n<p>Im Einsatz befindliche Fahrzeuge: RLF-A 2000<br \/>\nMannschaftsst\u00e4rke: 4<br \/>\nsonstige Kr\u00e4fte: Gemeinde Matzen<\/p>\n<p><a href=\"https:\/\/www.feuerwehr-matzen.at\/wp-content\/uploads\/2017\/03\/IMAG0248.jpg\"><img loading=\"lazy\" decoding=\"async\" src=\"https:\/\/www.feuerwehr-matzen.at\/wp-content\/uploads\/2017\/03\/IMAG0248-150x150.jpg\" alt=\"IMAG0248\" width=\"150\" height=\"150\" class=\"alignleft size-thumbnail wp-image-4935\" \/><\/a><\/p>\n","protected":false},"excerpt":{"rendered":"<p>Wassergebrechen Am 19. M\u00e4rz wurde die Feuerwehr Matzen \u00fcber einen Wassereintritt in einen Keller informiert. Nach einen Lokalaugenschein durch den Feuerwehrkommandanten wurde ein Wassergebrechen im benachbarten Keller festgestellt. Unverz\u00fcglich r\u00fcckten 4 Mann mit dem R\u00fcstl\u00f6schfahrzeug zur Einsatzstelle aus. Nachdem sich <a class=\"more-link\" href=\"https:\/\/www.feuerwehr-matzen.at\/?page_id=4934\">weiterlesen  <span class=\"screen-reader-text\">  19. M\u00e4rz 2017<\/span><span class=\"meta-nav\">&rarr;<\/span><\/a><\/p>\n","protected":false},"author":6,"featured_media":0,"parent":0,"menu_order":0,"comment_status":"closed","ping_status":"closed","template":"","meta":{"footnotes":""},"class_list":["post-4934","page","type-page","status-publish","hentry"],"_links":{"self":[{"href":"https:\/\/www.feuerwehr-matzen.at\/index.php?rest_route=\/wp\/v2\/pages\/4934","targetHints":{"allow":["GET"]}}],"collection":[{"href":"https:\/\/www.feuerwehr-matzen.at\/index.php?rest_route=\/wp\/v2\/pages"}],"about":[{"href":"https:\/\/www.feuerwehr-matzen.at\/index.php?rest_route=\/wp\/v2\/types\/page"}],"author":[{"embeddable":true,"href":"https:\/\/www.feuerwehr-matzen.at\/index.php?rest_route=\/wp\/v2\/users\/6"}],"replies":[{"embeddable":true,"href":"https:\/\/www.feuerwehr-matzen.at\/index.php?rest_route=%2Fwp%2Fv2%2Fcomments&post=4934"}],"version-history":[{"count":1,"href":"https:\/\/www.feuerwehr-matzen.at\/index.php?rest_route=\/wp\/v2\/pages\/4934\/revisions"}],"predecessor-version":[{"id":4936,"href":"https:\/\/www.feuerwehr-matzen.at\/index.php?rest_route=\/wp\/v2\/pages\/4934\/revisions\/4936"}],"wp:attachment":[{"href":"https:\/\/www.feuerwehr-matzen.at\/index.php?rest_route=%2Fwp%2Fv2%2Fmedia&parent=4934"}],"curies":[{"name":"wp","href":"https:\/\/api.w.org\/{rel}","templated":true}]}}