{"id":4938,"date":"2017-04-06T18:15:06","date_gmt":"2017-04-06T16:15:06","guid":{"rendered":"http:\/\/www.feuerwehr-matzen.at\/?page_id=4938"},"modified":"2020-09-18T14:15:35","modified_gmt":"2020-09-18T12:15:35","slug":"6-april-2017","status":"publish","type":"page","link":"https:\/\/www.feuerwehr-matzen.at\/?page_id=4938","title":{"rendered":"6. April 2017"},"content":{"rendered":"<p><strong>Fahrzeugbergung<\/strong><a title=\"Eins\u00e4tze\" href=\"https:\/\/www.feuerwehr-matzen.at\/?page_id=4827\"><img loading=\"lazy\" decoding=\"async\" class=\"alignright size-full wp-image-1833\" alt=\"return\" src=\"https:\/\/www.feuerwehr-matzen.at\/wp-content\/uploads\/2013\/07\/return.jpg\" width=\"65\" height=\"30\" \/><\/a><\/p>\n<p>Am 6. April 2017 wurde die Feuerwehr Matzen um 12:46 \u00fcber die BAZ Mistelbach mittels Sirene, SMS-Alarm und Pager zu einer LKW Bergung alarmiert.<br \/>\nUnverz\u00fcglich r\u00fcckten 8 Mann mit dem R\u00fcstl\u00f6schfahrzeug zum Einsatzort auf eine Bahn\u00fcbersetzung Richtung Prottes. Noch w\u00e4hrend der Anfahrt wurde der Bahnverkehr \u00fcber den Disponenten gesperrt. Angekommen erkundete der Einsatzleiter einen Sattelschlepper, der beim \u00dcberqueren einer Bahn\u00fcbersetzung h\u00e4ngengeblieben war. In Absprache mit dem Fahrer wurde das Zur\u00fccksetzen mit der Seilwinde unterst\u00fctzt. Mit gemeinsamen Kr\u00e4ften konnte der LKW ohne weitere Besch\u00e4digungen den Gleisbereich verlassen. Nachdem der \u00d6BB Einsatzleiter die Freigabe erteilte, konnte der bereits vor der Einsatzstelle eingetroffene Zug seine Fahrt fortsetzen. Nach rund 45 Minuten konnten alle Einsatzkr\u00e4fte wieder abr\u00fccken.<\/p>\n<p>Im Einsatz befindliche Fahrzeuge: RLF-A 2000<br \/>\nMannschaftsst\u00e4rke: 8<br \/>\nsonstige Kr\u00e4fte: BTF OMV G\u00e4nserndorf, \u00d6BB Einsatzleiter<\/p>\n<p><a href=\"https:\/\/www.feuerwehr-matzen.at\/wp-content\/uploads\/2017\/04\/dsc01430.jpg\"><img loading=\"lazy\" decoding=\"async\" src=\"https:\/\/www.feuerwehr-matzen.at\/wp-content\/uploads\/2017\/04\/dsc01430-150x150.jpg\" alt=\"dsc01430\" width=\"150\" height=\"150\" class=\"alignleft size-thumbnail wp-image-4939\" \/><\/a><\/p>\n<p><a href=\"https:\/\/www.feuerwehr-matzen.at\/wp-content\/uploads\/2017\/04\/dsc01431.jpg\"><img loading=\"lazy\" decoding=\"async\" src=\"https:\/\/www.feuerwehr-matzen.at\/wp-content\/uploads\/2017\/04\/dsc01431-150x150.jpg\" alt=\"dsc01431\" width=\"150\" height=\"150\" class=\"alignleft size-thumbnail wp-image-4940\" \/><\/a><\/p>\n<p><a href=\"https:\/\/www.feuerwehr-matzen.at\/wp-content\/uploads\/2017\/04\/dsc01440.jpg\"><img loading=\"lazy\" decoding=\"async\" src=\"https:\/\/www.feuerwehr-matzen.at\/wp-content\/uploads\/2017\/04\/dsc01440-150x150.jpg\" alt=\"dsc01440\" width=\"150\" height=\"150\" class=\"alignleft size-thumbnail wp-image-4941\" \/><\/a><\/p>\n<p><a href=\"https:\/\/www.feuerwehr-matzen.at\/wp-content\/uploads\/2017\/04\/dsc01445.jpg\"><img loading=\"lazy\" decoding=\"async\" src=\"https:\/\/www.feuerwehr-matzen.at\/wp-content\/uploads\/2017\/04\/dsc01445-150x150.jpg\" alt=\"dsc01445\" width=\"150\" height=\"150\" class=\"alignleft size-thumbnail wp-image-4942\" \/><\/a><\/p>\n<p><a href=\"https:\/\/www.feuerwehr-matzen.at\/wp-content\/uploads\/2017\/04\/dsc01446.jpg\"><img loading=\"lazy\" decoding=\"async\" src=\"https:\/\/www.feuerwehr-matzen.at\/wp-content\/uploads\/2017\/04\/dsc01446-150x150.jpg\" alt=\"dsc01446\" width=\"150\" height=\"150\" class=\"alignleft size-thumbnail wp-image-4943\" \/><\/a><\/p>\n<p><a href=\"https:\/\/www.feuerwehr-matzen.at\/wp-content\/uploads\/2017\/04\/dsc01447.jpg\"><img loading=\"lazy\" decoding=\"async\" src=\"https:\/\/www.feuerwehr-matzen.at\/wp-content\/uploads\/2017\/04\/dsc01447-150x150.jpg\" alt=\"dsc01447\" width=\"150\" height=\"150\" class=\"alignleft size-thumbnail wp-image-4944\" \/><\/a><\/p>\n<p><a href=\"https:\/\/www.feuerwehr-matzen.at\/wp-content\/uploads\/2017\/04\/dsc01449.jpg\"><img loading=\"lazy\" decoding=\"async\" src=\"https:\/\/www.feuerwehr-matzen.at\/wp-content\/uploads\/2017\/04\/dsc01449-150x150.jpg\" alt=\"dsc01449\" width=\"150\" height=\"150\" class=\"alignleft size-thumbnail wp-image-4945\" \/><\/a><\/p>\n<p><a href=\"https:\/\/www.feuerwehr-matzen.at\/wp-content\/uploads\/2017\/04\/dsc01450.jpg\"><img loading=\"lazy\" decoding=\"async\" src=\"https:\/\/www.feuerwehr-matzen.at\/wp-content\/uploads\/2017\/04\/dsc01450-150x150.jpg\" alt=\"dsc01450\" width=\"150\" height=\"150\" class=\"alignleft size-thumbnail wp-image-4946\" \/><\/a><\/p>\n","protected":false},"excerpt":{"rendered":"<p>Fahrzeugbergung Am 6. April 2017 wurde die Feuerwehr Matzen um 12:46 \u00fcber die BAZ Mistelbach mittels Sirene, SMS-Alarm und Pager zu einer LKW Bergung alarmiert. Unverz\u00fcglich r\u00fcckten 8 Mann mit dem R\u00fcstl\u00f6schfahrzeug zum Einsatzort auf eine Bahn\u00fcbersetzung Richtung Prottes. Noch <a class=\"more-link\" href=\"https:\/\/www.feuerwehr-matzen.at\/?page_id=4938\">weiterlesen  <span class=\"screen-reader-text\">  6. April 2017<\/span><span class=\"meta-nav\">&rarr;<\/span><\/a><\/p>\n","protected":false},"author":6,"featured_media":0,"parent":0,"menu_order":0,"comment_status":"closed","ping_status":"closed","template":"","meta":{"footnotes":""},"class_list":["post-4938","page","type-page","status-publish","hentry"],"_links":{"self":[{"href":"https:\/\/www.feuerwehr-matzen.at\/index.php?rest_route=\/wp\/v2\/pages\/4938","targetHints":{"allow":["GET"]}}],"collection":[{"href":"https:\/\/www.feuerwehr-matzen.at\/index.php?rest_route=\/wp\/v2\/pages"}],"about":[{"href":"https:\/\/www.feuerwehr-matzen.at\/index.php?rest_route=\/wp\/v2\/types\/page"}],"author":[{"embeddable":true,"href":"https:\/\/www.feuerwehr-matzen.at\/index.php?rest_route=\/wp\/v2\/users\/6"}],"replies":[{"embeddable":true,"href":"https:\/\/www.feuerwehr-matzen.at\/index.php?rest_route=%2Fwp%2Fv2%2Fcomments&post=4938"}],"version-history":[{"count":1,"href":"https:\/\/www.feuerwehr-matzen.at\/index.php?rest_route=\/wp\/v2\/pages\/4938\/revisions"}],"predecessor-version":[{"id":4947,"href":"https:\/\/www.feuerwehr-matzen.at\/index.php?rest_route=\/wp\/v2\/pages\/4938\/revisions\/4947"}],"wp:attachment":[{"href":"https:\/\/www.feuerwehr-matzen.at\/index.php?rest_route=%2Fwp%2Fv2%2Fmedia&parent=4938"}],"curies":[{"name":"wp","href":"https:\/\/api.w.org\/{rel}","templated":true}]}}