{"id":4972,"date":"2017-05-22T20:13:52","date_gmt":"2017-05-22T18:13:52","guid":{"rendered":"http:\/\/www.feuerwehr-matzen.at\/?page_id=4972"},"modified":"2020-09-18T14:15:34","modified_gmt":"2020-09-18T12:15:34","slug":"22-mai-2017","status":"publish","type":"page","link":"https:\/\/www.feuerwehr-matzen.at\/?page_id=4972","title":{"rendered":"22. Mai 2017"},"content":{"rendered":"<p><strong>Fahrzeugbergung<\/strong><a title=\"Eins\u00e4tze\" href=\"https:\/\/www.feuerwehr-matzen.at\/?page_id=4827\"><img loading=\"lazy\" decoding=\"async\" class=\"alignright size-full wp-image-1833\" alt=\"return\" src=\"https:\/\/www.feuerwehr-matzen.at\/wp-content\/uploads\/2013\/07\/return.jpg\" width=\"65\" height=\"30\" \/><\/a><\/p>\n<p>Am 22. Mai 2017 wurde die Feuerwehr Matzen um 16:15 mittels Sirene, SMS-Alarm und Pager zu einer Fahrzeugbergung auf die L 18 Richtung Spannberg alarmiert. Unverz\u00fcglich r\u00fcckten 10 Mann mit 2 Fahrzeugen zum Einsatzort aus. Angekommen wurde sofort die Einsatzstelle abgesichert. Nach einem Auffahrunfall blieb ein Fahrzeug fahrunf\u00e4hig am Stra\u00dfenrand stehen. Die Fahrerin wurde vom RK G\u00e4nserndorf bereits abtransportiert. Nach der Freigabe durch die Polizei wurde das Unfallfahrzeug mittels Abschleppachse von der Fahrbahn entfernt. Nach rund einer Stunde konnten die Matzner Florianij\u00fcnger abr\u00fccken und die Einsatzbereitschaft wieder herstellen.<\/p>\n<p>Im Einsatz befindliche Fahrzeuge: RLF-A 2000, KDO-F<br \/>\nMannschaftsst\u00e4rke: 10<br \/>\nsonstige Kr\u00e4fte: Polizei, RK G\u00e4nserndorf<\/p>\n<p><a href=\"https:\/\/www.feuerwehr-matzen.at\/wp-content\/uploads\/2017\/05\/DSC01592.jpg\"><img loading=\"lazy\" decoding=\"async\" src=\"https:\/\/www.feuerwehr-matzen.at\/wp-content\/uploads\/2017\/05\/DSC01592-150x150.jpg\" alt=\"DSC01592\" width=\"150\" height=\"150\" class=\"alignleft size-thumbnail wp-image-4973\" \/><\/a><\/p>\n<p><a href=\"https:\/\/www.feuerwehr-matzen.at\/wp-content\/uploads\/2017\/05\/DSC01593.jpg\"><img loading=\"lazy\" decoding=\"async\" src=\"https:\/\/www.feuerwehr-matzen.at\/wp-content\/uploads\/2017\/05\/DSC01593-150x150.jpg\" alt=\"DSC01593\" width=\"150\" height=\"150\" class=\"alignleft size-thumbnail wp-image-4974\" \/><\/a><\/p>\n<p><a href=\"https:\/\/www.feuerwehr-matzen.at\/wp-content\/uploads\/2017\/05\/DSC01597.jpg\"><img loading=\"lazy\" decoding=\"async\" src=\"https:\/\/www.feuerwehr-matzen.at\/wp-content\/uploads\/2017\/05\/DSC01597-150x150.jpg\" alt=\"DSC01597\" width=\"150\" height=\"150\" class=\"alignleft size-thumbnail wp-image-4975\" \/><\/a><\/p>\n<p><a href=\"https:\/\/www.feuerwehr-matzen.at\/wp-content\/uploads\/2017\/05\/DSC01598.jpg\"><img loading=\"lazy\" decoding=\"async\" src=\"https:\/\/www.feuerwehr-matzen.at\/wp-content\/uploads\/2017\/05\/DSC01598-150x150.jpg\" alt=\"DSC01598\" width=\"150\" height=\"150\" class=\"alignleft size-thumbnail wp-image-4976\" \/><\/a><\/p>\n","protected":false},"excerpt":{"rendered":"<p>Fahrzeugbergung Am 22. Mai 2017 wurde die Feuerwehr Matzen um 16:15 mittels Sirene, SMS-Alarm und Pager zu einer Fahrzeugbergung auf die L 18 Richtung Spannberg alarmiert. Unverz\u00fcglich r\u00fcckten 10 Mann mit 2 Fahrzeugen zum Einsatzort aus. Angekommen wurde sofort die <a class=\"more-link\" href=\"https:\/\/www.feuerwehr-matzen.at\/?page_id=4972\">weiterlesen  <span class=\"screen-reader-text\">  22. Mai 2017<\/span><span class=\"meta-nav\">&rarr;<\/span><\/a><\/p>\n","protected":false},"author":6,"featured_media":0,"parent":0,"menu_order":0,"comment_status":"closed","ping_status":"closed","template":"","meta":{"footnotes":""},"class_list":["post-4972","page","type-page","status-publish","hentry"],"_links":{"self":[{"href":"https:\/\/www.feuerwehr-matzen.at\/index.php?rest_route=\/wp\/v2\/pages\/4972","targetHints":{"allow":["GET"]}}],"collection":[{"href":"https:\/\/www.feuerwehr-matzen.at\/index.php?rest_route=\/wp\/v2\/pages"}],"about":[{"href":"https:\/\/www.feuerwehr-matzen.at\/index.php?rest_route=\/wp\/v2\/types\/page"}],"author":[{"embeddable":true,"href":"https:\/\/www.feuerwehr-matzen.at\/index.php?rest_route=\/wp\/v2\/users\/6"}],"replies":[{"embeddable":true,"href":"https:\/\/www.feuerwehr-matzen.at\/index.php?rest_route=%2Fwp%2Fv2%2Fcomments&post=4972"}],"version-history":[{"count":1,"href":"https:\/\/www.feuerwehr-matzen.at\/index.php?rest_route=\/wp\/v2\/pages\/4972\/revisions"}],"predecessor-version":[{"id":4977,"href":"https:\/\/www.feuerwehr-matzen.at\/index.php?rest_route=\/wp\/v2\/pages\/4972\/revisions\/4977"}],"wp:attachment":[{"href":"https:\/\/www.feuerwehr-matzen.at\/index.php?rest_route=%2Fwp%2Fv2%2Fmedia&parent=4972"}],"curies":[{"name":"wp","href":"https:\/\/api.w.org\/{rel}","templated":true}]}}