{"id":4979,"date":"2017-06-02T17:15:56","date_gmt":"2017-06-02T15:15:56","guid":{"rendered":"http:\/\/www.feuerwehr-matzen.at\/?page_id=4979"},"modified":"2020-09-18T14:15:11","modified_gmt":"2020-09-18T12:15:11","slug":"02-juni-2017","status":"publish","type":"page","link":"https:\/\/www.feuerwehr-matzen.at\/?page_id=4979","title":{"rendered":"02. Juni 2017"},"content":{"rendered":"<p><strong>Fahrzeugbergung<\/strong><a title=\"Eins\u00e4tze\" href=\"https:\/\/www.feuerwehr-matzen.at\/?page_id=4827\"><img loading=\"lazy\" decoding=\"async\" class=\"alignright size-full wp-image-1833\" alt=\"return\" src=\"https:\/\/www.feuerwehr-matzen.at\/wp-content\/uploads\/2013\/07\/return.jpg\" width=\"65\" height=\"30\" \/><\/a><\/p>\n<p>Am 2. Juni wurde die Feuerwehr Matzen um 11:42 mittels Sirene, SMS-Alarm und Pager zu einer Fahrzeugbergung nach Verkehrsunfall auf der Hauptstra\u00dfe alarmiert. Unverz\u00fcglich r\u00fcckten 11 Mann mit 2 Fahrzeugen zum Einsatzort direkt am Hauptplatz aus. 2 Fahrzeuge stie\u00dfen im Kreuzungsbereich zusammen. Einer der beide Fahrer wurde bei der Ankunft der Feuerwehr bereits vom Roten Kreuz G\u00e4nserndorf erstversorgt. Nach der Freigabe durch die Polizei wurde eines der beiden Fahrzeuge am gegen\u00fcberliegenden Gemeindeparkplatz abgestellt und das Zweite abtransportiert. Nachdem die Verkehrsfl\u00e4chen gereinigt wurden, konnten alle EInsatzkr\u00e4fte nach rund 30 Minuten wieder abr\u00fccken. <\/p>\n<p>Im Einsatz befindliche Fahrzeuge: RLF-A 2000, KDO-F<br \/>\nMannschaftsst\u00e4rke: 11<br \/>\nsonstige Kr\u00e4fte: Polizei, RK G\u00e4nserndorf<\/p>\n<p><a href=\"https:\/\/www.feuerwehr-matzen.at\/wp-content\/uploads\/2017\/06\/DSC01601.jpg\"><img loading=\"lazy\" decoding=\"async\" src=\"https:\/\/www.feuerwehr-matzen.at\/wp-content\/uploads\/2017\/06\/DSC01601-150x150.jpg\" alt=\"DSC01601\" width=\"150\" height=\"150\" class=\"alignleft size-thumbnail wp-image-4983\" \/><\/a><\/p>\n<p><a href=\"https:\/\/www.feuerwehr-matzen.at\/wp-content\/uploads\/2017\/06\/DSC01605.jpg\"><img loading=\"lazy\" decoding=\"async\" src=\"https:\/\/www.feuerwehr-matzen.at\/wp-content\/uploads\/2017\/06\/DSC01605-150x150.jpg\" alt=\"DSC01605\" width=\"150\" height=\"150\" class=\"alignleft size-thumbnail wp-image-4984\" \/><\/a><\/p>\n<p><a href=\"https:\/\/www.feuerwehr-matzen.at\/wp-content\/uploads\/2017\/06\/DSC01608.jpg\"><img loading=\"lazy\" decoding=\"async\" src=\"https:\/\/www.feuerwehr-matzen.at\/wp-content\/uploads\/2017\/06\/DSC01608-150x150.jpg\" alt=\"DSC01608\" width=\"150\" height=\"150\" class=\"alignleft size-thumbnail wp-image-4985\" \/><\/a><\/p>\n","protected":false},"excerpt":{"rendered":"<p>Fahrzeugbergung Am 2. Juni wurde die Feuerwehr Matzen um 11:42 mittels Sirene, SMS-Alarm und Pager zu einer Fahrzeugbergung nach Verkehrsunfall auf der Hauptstra\u00dfe alarmiert. Unverz\u00fcglich r\u00fcckten 11 Mann mit 2 Fahrzeugen zum Einsatzort direkt am Hauptplatz aus. 2 Fahrzeuge stie\u00dfen <a class=\"more-link\" href=\"https:\/\/www.feuerwehr-matzen.at\/?page_id=4979\">weiterlesen  <span class=\"screen-reader-text\">  02. Juni 2017<\/span><span class=\"meta-nav\">&rarr;<\/span><\/a><\/p>\n","protected":false},"author":6,"featured_media":0,"parent":0,"menu_order":0,"comment_status":"closed","ping_status":"closed","template":"","meta":{"footnotes":""},"class_list":["post-4979","page","type-page","status-publish","hentry"],"_links":{"self":[{"href":"https:\/\/www.feuerwehr-matzen.at\/index.php?rest_route=\/wp\/v2\/pages\/4979","targetHints":{"allow":["GET"]}}],"collection":[{"href":"https:\/\/www.feuerwehr-matzen.at\/index.php?rest_route=\/wp\/v2\/pages"}],"about":[{"href":"https:\/\/www.feuerwehr-matzen.at\/index.php?rest_route=\/wp\/v2\/types\/page"}],"author":[{"embeddable":true,"href":"https:\/\/www.feuerwehr-matzen.at\/index.php?rest_route=\/wp\/v2\/users\/6"}],"replies":[{"embeddable":true,"href":"https:\/\/www.feuerwehr-matzen.at\/index.php?rest_route=%2Fwp%2Fv2%2Fcomments&post=4979"}],"version-history":[{"count":4,"href":"https:\/\/www.feuerwehr-matzen.at\/index.php?rest_route=\/wp\/v2\/pages\/4979\/revisions"}],"predecessor-version":[{"id":4986,"href":"https:\/\/www.feuerwehr-matzen.at\/index.php?rest_route=\/wp\/v2\/pages\/4979\/revisions\/4986"}],"wp:attachment":[{"href":"https:\/\/www.feuerwehr-matzen.at\/index.php?rest_route=%2Fwp%2Fv2%2Fmedia&parent=4979"}],"curies":[{"name":"wp","href":"https:\/\/api.w.org\/{rel}","templated":true}]}}