{"id":4989,"date":"2017-07-04T17:57:12","date_gmt":"2017-07-04T15:57:12","guid":{"rendered":"http:\/\/www.feuerwehr-matzen.at\/?page_id=4989"},"modified":"2020-09-18T14:15:11","modified_gmt":"2020-09-18T12:15:11","slug":"03-juli-2017","status":"publish","type":"page","link":"https:\/\/www.feuerwehr-matzen.at\/?page_id=4989","title":{"rendered":"03. Juli 2017"},"content":{"rendered":"<p><strong>Flurbrand<\/strong><a title=\"Eins\u00e4tze\" href=\"https:\/\/www.feuerwehr-matzen.at\/?page_id=4827\"><img loading=\"lazy\" decoding=\"async\" class=\"alignright size-full wp-image-1833\" src=\"https:\/\/www.feuerwehr-matzen.at\/wp-content\/uploads\/2013\/07\/return.jpg\" alt=\"return\" width=\"65\" height=\"30\" \/><\/a><\/p>\n<p>Am 3. Juli 2017 wurde die Feuerwehr Matzen um 17:19 Uhr mittels Sirene, SMS-Alarm und Pager zu einem Flurbrand alarmiert. Die Nachbarsfeuerwehr Sch\u00f6nkirchen-Reyersdorf hatte nach der Erkundung aufgrund der raschen Brandausbreitung und der nahegelegenen Wohnhaussiedlung die Alarmstufe auf B3 erh\u00f6hen lassen, worauf die Feuerwehren Prottes und Matzen nachalarmiert wurden. Unverz\u00fcglich r\u00fcckten 14 Mann mit 2 Fahrzeugend zum Einsatzort aus. Bei der Ankunft des ersten L\u00f6schfahrzeuges der FF Matzen war der Brand bereits unter Kontrolle. Mittels HD-Rohr wurden noch nicht verbrannte Teile des Feldes gek\u00fchlt. Ein Landwirt grubberte anschlie\u00dfend das Feld, um eine weiteren Brandausbruch zu verhindern. Nachdem alle Ger\u00e4tschaften versorgt wurden, konnten die Matzner Florianij\u00fcnger kurz nach 18:00 Uhr wieder abr\u00fccken und die Einsatzbereitschaft herstellen.<\/p>\n<p>Im Einsatz befindliche Fahrzeuge: RLF-A 2000, KDO-F<br \/>\nMannschaftsst\u00e4rke: 14<br \/>\nsonstige Kr\u00e4fte: FF Sch\u00f6nkirchen-Reyersdorf, FF Prottes, Polizei<\/p>\n<p><a href=\"https:\/\/www.feuerwehr-matzen.at\/wp-content\/uploads\/2017\/07\/dsc01759.jpg\"><img loading=\"lazy\" decoding=\"async\" src=\"https:\/\/www.feuerwehr-matzen.at\/wp-content\/uploads\/2017\/07\/dsc01759-150x150.jpg\" alt=\"dsc01759\" width=\"150\" height=\"150\" class=\"alignleft size-thumbnail wp-image-4990\" \/><\/a><\/p>\n<p><a href=\"https:\/\/www.feuerwehr-matzen.at\/wp-content\/uploads\/2017\/07\/dsc01765.jpg\"><img loading=\"lazy\" decoding=\"async\" src=\"https:\/\/www.feuerwehr-matzen.at\/wp-content\/uploads\/2017\/07\/dsc01765-150x150.jpg\" alt=\"dsc01765\" width=\"150\" height=\"150\" class=\"alignleft size-thumbnail wp-image-4991\" \/><\/a><\/p>\n<p><a href=\"https:\/\/www.feuerwehr-matzen.at\/wp-content\/uploads\/2017\/07\/dsc01772.jpg\"><img loading=\"lazy\" decoding=\"async\" src=\"https:\/\/www.feuerwehr-matzen.at\/wp-content\/uploads\/2017\/07\/dsc01772-150x150.jpg\" alt=\"dsc01772\" width=\"150\" height=\"150\" class=\"alignleft size-thumbnail wp-image-4992\" \/><\/a><\/p>\n<p><a href=\"https:\/\/www.feuerwehr-matzen.at\/wp-content\/uploads\/2017\/07\/dsc01780.jpg\"><img loading=\"lazy\" decoding=\"async\" src=\"https:\/\/www.feuerwehr-matzen.at\/wp-content\/uploads\/2017\/07\/dsc01780-150x150.jpg\" alt=\"dsc01780\" width=\"150\" height=\"150\" class=\"alignleft size-thumbnail wp-image-4993\" \/><\/a><\/p>\n<p><a href=\"https:\/\/www.feuerwehr-matzen.at\/wp-content\/uploads\/2017\/07\/dsc01782.jpg\"><img loading=\"lazy\" decoding=\"async\" src=\"https:\/\/www.feuerwehr-matzen.at\/wp-content\/uploads\/2017\/07\/dsc01782-150x150.jpg\" alt=\"dsc01782\" width=\"150\" height=\"150\" class=\"alignleft size-thumbnail wp-image-4994\" \/><\/a><\/p>\n<p><a href=\"https:\/\/www.feuerwehr-matzen.at\/wp-content\/uploads\/2017\/07\/dsc01794.jpg\"><img loading=\"lazy\" decoding=\"async\" src=\"https:\/\/www.feuerwehr-matzen.at\/wp-content\/uploads\/2017\/07\/dsc01794-150x150.jpg\" alt=\"dsc01794\" width=\"150\" height=\"150\" class=\"alignleft size-thumbnail wp-image-4996\" \/><\/a><\/p>\n<p><a href=\"https:\/\/www.feuerwehr-matzen.at\/wp-content\/uploads\/2017\/07\/dsc01786.jpg\"><img loading=\"lazy\" decoding=\"async\" src=\"https:\/\/www.feuerwehr-matzen.at\/wp-content\/uploads\/2017\/07\/dsc01786-150x150.jpg\" alt=\"dsc01786\" width=\"150\" height=\"150\" class=\"alignleft size-thumbnail wp-image-4995\" \/><\/a><\/p>\n<p><a href=\"https:\/\/www.feuerwehr-matzen.at\/wp-content\/uploads\/2017\/07\/dsc01796.jpg\"><img loading=\"lazy\" decoding=\"async\" src=\"https:\/\/www.feuerwehr-matzen.at\/wp-content\/uploads\/2017\/07\/dsc01796-150x150.jpg\" alt=\"dsc01796\" width=\"150\" height=\"150\" class=\"alignleft size-thumbnail wp-image-4997\" \/><\/a><\/p>\n","protected":false},"excerpt":{"rendered":"<p>Flurbrand Am 3. Juli 2017 wurde die Feuerwehr Matzen um 17:19 Uhr mittels Sirene, SMS-Alarm und Pager zu einem Flurbrand alarmiert. Die Nachbarsfeuerwehr Sch\u00f6nkirchen-Reyersdorf hatte nach der Erkundung aufgrund der raschen Brandausbreitung und der nahegelegenen Wohnhaussiedlung die Alarmstufe auf B3 <a class=\"more-link\" href=\"https:\/\/www.feuerwehr-matzen.at\/?page_id=4989\">weiterlesen  <span class=\"screen-reader-text\">  03. Juli 2017<\/span><span class=\"meta-nav\">&rarr;<\/span><\/a><\/p>\n","protected":false},"author":6,"featured_media":0,"parent":0,"menu_order":0,"comment_status":"closed","ping_status":"closed","template":"","meta":{"footnotes":""},"class_list":["post-4989","page","type-page","status-publish","hentry"],"_links":{"self":[{"href":"https:\/\/www.feuerwehr-matzen.at\/index.php?rest_route=\/wp\/v2\/pages\/4989","targetHints":{"allow":["GET"]}}],"collection":[{"href":"https:\/\/www.feuerwehr-matzen.at\/index.php?rest_route=\/wp\/v2\/pages"}],"about":[{"href":"https:\/\/www.feuerwehr-matzen.at\/index.php?rest_route=\/wp\/v2\/types\/page"}],"author":[{"embeddable":true,"href":"https:\/\/www.feuerwehr-matzen.at\/index.php?rest_route=\/wp\/v2\/users\/6"}],"replies":[{"embeddable":true,"href":"https:\/\/www.feuerwehr-matzen.at\/index.php?rest_route=%2Fwp%2Fv2%2Fcomments&post=4989"}],"version-history":[{"count":4,"href":"https:\/\/www.feuerwehr-matzen.at\/index.php?rest_route=\/wp\/v2\/pages\/4989\/revisions"}],"predecessor-version":[{"id":5001,"href":"https:\/\/www.feuerwehr-matzen.at\/index.php?rest_route=\/wp\/v2\/pages\/4989\/revisions\/5001"}],"wp:attachment":[{"href":"https:\/\/www.feuerwehr-matzen.at\/index.php?rest_route=%2Fwp%2Fv2%2Fmedia&parent=4989"}],"curies":[{"name":"wp","href":"https:\/\/api.w.org\/{rel}","templated":true}]}}