{"id":5020,"date":"2017-07-08T14:57:05","date_gmt":"2017-07-08T12:57:05","guid":{"rendered":"http:\/\/www.feuerwehr-matzen.at\/?page_id=5020"},"modified":"2020-09-18T14:15:35","modified_gmt":"2020-09-18T12:15:35","slug":"7-juli-2017","status":"publish","type":"page","link":"https:\/\/www.feuerwehr-matzen.at\/?page_id=5020","title":{"rendered":"7. Juli 2017"},"content":{"rendered":"<p><strong>Fahrzeubgerung<\/strong><a title=\"Eins\u00e4tze\" href=\"https:\/\/www.feuerwehr-matzen.at\/?page_id=4827\"><img loading=\"lazy\" decoding=\"async\" class=\"alignright size-full wp-image-1833\" src=\"https:\/\/www.feuerwehr-matzen.at\/wp-content\/uploads\/2013\/07\/return.jpg\" alt=\"return\" width=\"65\" height=\"30\" \/><\/a><\/p>\n<p>Bereits zum dritten Einsatz innerhalb einer Woche wurde die Feuerwehr Matzen am Freitag, den 7. Juli 2017 alarmiert. Der Alarmtext lautete Fahrzeugbergung auf der L19 Richtung Gro\u00df Schweinbarth. Unverz\u00fcglich nach der Alarmierung mittels Sirene, SMS-Alarm und Pager r\u00fcckten 9 Kameraden mit 2 Fahrzeugen zum Unfallort aus. Am Einsatzort angekommen wurden die beiden Verletzten bereits von einem First Responder erstversorgt und die Polizei war mit der Unfallaufnahme besch\u00e4ftigt. In einer Kurve d\u00fcrften sich ein PKW-Lenker und ein Motorradfahrer zu nahe gekommen sein, worauf beide Ihre Fahrzeuge verrissen. In Folge kam der Motoradfahrer zu Sturz und der PKW schleuderte in ein angrenzendes Feld, \u00fcberschlug sich und kam auf der Seite liegend zum Stillstand. Gl\u00fccklicherweise konnte sich das Unfallopfer aus eigener Kraft aus dem Wrack befreien. Nachdem die Unfallstelle abgesichert und die Fahrzeuge durch die Polizei freigegeben wurden, konnte mit der Bergung begonnen werden. Das Wrack wurde wieder auf die R\u00e4der gestellt und mittels Seilwinde aus dem Feld gezogen. Anschlie\u00dfend wurden beide Fahrzeuge auf den von der Polizei zugewiesenen Platz abgestellt. Nach rund 45 Minuten konnten alle Einsatzkr\u00e4fte wieder abr\u00fccken und die Einsatzbereitschaft herstellen.<\/p>\n<p>Im Einsatz befindliche Fahrzeuge: RLF-A 2000, KDO-F<br \/>\nMannschaftsst\u00e4rke: 9<br \/>\nsonstige Kr\u00e4fte: RK G\u00e4nserndorf, First Responder, Polizei<\/p>\n<p><a href=\"https:\/\/www.feuerwehr-matzen.at\/wp-content\/uploads\/2017\/07\/DSC01826.jpg\"><img loading=\"lazy\" decoding=\"async\" src=\"https:\/\/www.feuerwehr-matzen.at\/wp-content\/uploads\/2017\/07\/DSC01826-150x150.jpg\" alt=\"DSC01826\" width=\"150\" height=\"150\" class=\"alignleft size-thumbnail wp-image-5023\" \/><\/a><\/p>\n<p><a href=\"https:\/\/www.feuerwehr-matzen.at\/wp-content\/uploads\/2017\/07\/DSC01828.jpg\"><img loading=\"lazy\" decoding=\"async\" src=\"https:\/\/www.feuerwehr-matzen.at\/wp-content\/uploads\/2017\/07\/DSC01828-150x150.jpg\" alt=\"DSC01828\" width=\"150\" height=\"150\" class=\"alignleft size-thumbnail wp-image-5024\" \/><\/a><\/p>\n<p><a href=\"https:\/\/www.feuerwehr-matzen.at\/wp-content\/uploads\/2017\/07\/DSC01831.jpg\"><img loading=\"lazy\" decoding=\"async\" src=\"https:\/\/www.feuerwehr-matzen.at\/wp-content\/uploads\/2017\/07\/DSC01831-150x150.jpg\" alt=\"DSC01831\" width=\"150\" height=\"150\" class=\"alignleft size-thumbnail wp-image-5025\" \/><\/a><\/p>\n<p><a href=\"https:\/\/www.feuerwehr-matzen.at\/wp-content\/uploads\/2017\/07\/DSC01834.jpg\"><img loading=\"lazy\" decoding=\"async\" src=\"https:\/\/www.feuerwehr-matzen.at\/wp-content\/uploads\/2017\/07\/DSC01834-150x150.jpg\" alt=\"DSC01834\" width=\"150\" height=\"150\" class=\"alignleft size-thumbnail wp-image-5026\" \/><\/a><\/p>\n<p><a href=\"https:\/\/www.feuerwehr-matzen.at\/wp-content\/uploads\/2017\/07\/DSC01836.jpg\"><img loading=\"lazy\" decoding=\"async\" src=\"https:\/\/www.feuerwehr-matzen.at\/wp-content\/uploads\/2017\/07\/DSC01836-150x150.jpg\" alt=\"DSC01836\" width=\"150\" height=\"150\" class=\"alignleft size-thumbnail wp-image-5027\" \/><\/a><\/p>\n<p><a href=\"https:\/\/www.feuerwehr-matzen.at\/wp-content\/uploads\/2017\/07\/DSC01837.jpg\"><img loading=\"lazy\" decoding=\"async\" src=\"https:\/\/www.feuerwehr-matzen.at\/wp-content\/uploads\/2017\/07\/DSC01837-150x150.jpg\" alt=\"DSC01837\" width=\"150\" height=\"150\" class=\"alignleft size-thumbnail wp-image-5028\" \/><\/a><\/p>\n<p><a href=\"https:\/\/www.feuerwehr-matzen.at\/wp-content\/uploads\/2017\/07\/DSC01842.jpg\"><img loading=\"lazy\" decoding=\"async\" src=\"https:\/\/www.feuerwehr-matzen.at\/wp-content\/uploads\/2017\/07\/DSC01842-150x150.jpg\" alt=\"DSC01842\" width=\"150\" height=\"150\" class=\"alignleft size-thumbnail wp-image-5029\" \/><\/a><\/p>\n<p><a href=\"https:\/\/www.feuerwehr-matzen.at\/wp-content\/uploads\/2017\/07\/DSC01845.jpg\"><img loading=\"lazy\" decoding=\"async\" src=\"https:\/\/www.feuerwehr-matzen.at\/wp-content\/uploads\/2017\/07\/DSC01845-150x150.jpg\" alt=\"DSC01845\" width=\"150\" height=\"150\" class=\"alignleft size-thumbnail wp-image-5030\" \/><\/a><\/p>\n","protected":false},"excerpt":{"rendered":"<p>Fahrzeubgerung Bereits zum dritten Einsatz innerhalb einer Woche wurde die Feuerwehr Matzen am Freitag, den 7. Juli 2017 alarmiert. Der Alarmtext lautete Fahrzeugbergung auf der L19 Richtung Gro\u00df Schweinbarth. Unverz\u00fcglich nach der Alarmierung mittels Sirene, SMS-Alarm und Pager r\u00fcckten 9 <a class=\"more-link\" href=\"https:\/\/www.feuerwehr-matzen.at\/?page_id=5020\">weiterlesen  <span class=\"screen-reader-text\">  7. Juli 2017<\/span><span class=\"meta-nav\">&rarr;<\/span><\/a><\/p>\n","protected":false},"author":6,"featured_media":0,"parent":0,"menu_order":0,"comment_status":"closed","ping_status":"closed","template":"","meta":{"footnotes":""},"class_list":["post-5020","page","type-page","status-publish","hentry"],"_links":{"self":[{"href":"https:\/\/www.feuerwehr-matzen.at\/index.php?rest_route=\/wp\/v2\/pages\/5020","targetHints":{"allow":["GET"]}}],"collection":[{"href":"https:\/\/www.feuerwehr-matzen.at\/index.php?rest_route=\/wp\/v2\/pages"}],"about":[{"href":"https:\/\/www.feuerwehr-matzen.at\/index.php?rest_route=\/wp\/v2\/types\/page"}],"author":[{"embeddable":true,"href":"https:\/\/www.feuerwehr-matzen.at\/index.php?rest_route=\/wp\/v2\/users\/6"}],"replies":[{"embeddable":true,"href":"https:\/\/www.feuerwehr-matzen.at\/index.php?rest_route=%2Fwp%2Fv2%2Fcomments&post=5020"}],"version-history":[{"count":2,"href":"https:\/\/www.feuerwehr-matzen.at\/index.php?rest_route=\/wp\/v2\/pages\/5020\/revisions"}],"predecessor-version":[{"id":5031,"href":"https:\/\/www.feuerwehr-matzen.at\/index.php?rest_route=\/wp\/v2\/pages\/5020\/revisions\/5031"}],"wp:attachment":[{"href":"https:\/\/www.feuerwehr-matzen.at\/index.php?rest_route=%2Fwp%2Fv2%2Fmedia&parent=5020"}],"curies":[{"name":"wp","href":"https:\/\/api.w.org\/{rel}","templated":true}]}}