{"id":5037,"date":"2017-07-11T18:43:46","date_gmt":"2017-07-11T16:43:46","guid":{"rendered":"http:\/\/www.feuerwehr-matzen.at\/?page_id=5037"},"modified":"2020-09-18T14:15:23","modified_gmt":"2020-09-18T12:15:23","slug":"10-juli-2017","status":"publish","type":"page","link":"https:\/\/www.feuerwehr-matzen.at\/?page_id=5037","title":{"rendered":"10. Juli 2017"},"content":{"rendered":"<p><strong>Unwettereinsatz<\/strong><a title=\"Eins\u00e4tze\" href=\"https:\/\/www.feuerwehr-matzen.at\/?page_id=4827\"><img loading=\"lazy\" decoding=\"async\" class=\"alignright size-full wp-image-1833\" src=\"https:\/\/www.feuerwehr-matzen.at\/wp-content\/uploads\/2013\/07\/return.jpg\" alt=\"return\" width=\"65\" height=\"30\" \/><\/a><\/p>\n<p>Beim bereits 4. Einsatz binnen einer Woche  wurde die Feuerwehr Matzen am 10. Juli 2017 um 20:42 Uhr mittels Sirene, SMS-Alarm und Pager zur Unterst\u00fctzung der Feuerwehr Oberhausen alarmiert. Aufgrund der immer wiederkehrenden Regenf\u00e4lle, wurden Teile des gesamten Ortsgebietes, sowie etliche Keller im Gemeindegebiet von Oberhausen \u00fcberflutet. Die Aufgabe der Matzner Florianij\u00fcnger bestand gemeinsam mit der \u00f6rtlichen Feuerwehr sowie der aus Weikendorf, einen bis zur Decke gef\u00fcllten Keller wieder auszupumpen. Mit insgesamt 5 Unterwasserpumpen wurden die Wassermassen aus dem Keller bef\u00f6rdert. Da das Kanalnetz nichts mehr aufnehmen konnte, wurde das ausgepumpte Gut \u00fcber eine Schlauchleitung von rund 300 Metern \u00fcber die B3 aus der Ortschaft hinausgepumpt. Zu H\u00f6chstzeiten standen im Einsatzgebiet von Oberhausen rund 20 Feuerwehren aus dem Bezirk G\u00e4nserndorf im Einsatz. Um 1:45 Uhr konnten die Florianij\u00fcnger aus Matzen wieder ins Zeughaus einr\u00fccken und die Einsatzbereitschaft herstellen.<\/p>\n<p>Im Einsatz befindliche Fahrzeuge: RLF-A 2000<br \/>\nMannschaftsst\u00e4rke: 9<br \/>\nsonstige Kr\u00e4fte: ca. 20 Feuerwehren aus dem Bezirk G\u00e4nserndorf<\/p>\n<p><a href=\"https:\/\/www.feuerwehr-matzen.at\/wp-content\/uploads\/2017\/07\/DSC01851.jpg\"><img loading=\"lazy\" decoding=\"async\" src=\"https:\/\/www.feuerwehr-matzen.at\/wp-content\/uploads\/2017\/07\/DSC01851-150x150.jpg\" alt=\"DSC01851\" width=\"150\" height=\"150\" class=\"alignleft size-thumbnail wp-image-5038\" \/><\/a><\/p>\n<p><a href=\"https:\/\/www.feuerwehr-matzen.at\/wp-content\/uploads\/2017\/07\/DSC01856.jpg\"><img loading=\"lazy\" decoding=\"async\" src=\"https:\/\/www.feuerwehr-matzen.at\/wp-content\/uploads\/2017\/07\/DSC01856-150x150.jpg\" alt=\"DSC01856\" width=\"150\" height=\"150\" class=\"alignleft size-thumbnail wp-image-5039\" \/><\/a><\/p>\n<p><a href=\"https:\/\/www.feuerwehr-matzen.at\/wp-content\/uploads\/2017\/07\/DSC01858.jpg\"><img loading=\"lazy\" decoding=\"async\" src=\"https:\/\/www.feuerwehr-matzen.at\/wp-content\/uploads\/2017\/07\/DSC01858-150x150.jpg\" alt=\"DSC01858\" width=\"150\" height=\"150\" class=\"alignleft size-thumbnail wp-image-5040\" \/><\/a><\/p>\n<p><a href=\"https:\/\/www.feuerwehr-matzen.at\/wp-content\/uploads\/2017\/07\/DSC01864.jpg\"><img loading=\"lazy\" decoding=\"async\" src=\"https:\/\/www.feuerwehr-matzen.at\/wp-content\/uploads\/2017\/07\/DSC01864-150x150.jpg\" alt=\"DSC01864\" width=\"150\" height=\"150\" class=\"alignleft size-thumbnail wp-image-5041\" \/><\/a><\/p>\n<p><a href=\"https:\/\/www.feuerwehr-matzen.at\/wp-content\/uploads\/2017\/07\/DSC01866.jpg\"><img loading=\"lazy\" decoding=\"async\" src=\"https:\/\/www.feuerwehr-matzen.at\/wp-content\/uploads\/2017\/07\/DSC01866-150x150.jpg\" alt=\"DSC01866\" width=\"150\" height=\"150\" class=\"alignleft size-thumbnail wp-image-5042\" \/><\/a><\/p>\n<p><a href=\"https:\/\/www.feuerwehr-matzen.at\/wp-content\/uploads\/2017\/07\/DSC01878.jpg\"><img loading=\"lazy\" decoding=\"async\" src=\"https:\/\/www.feuerwehr-matzen.at\/wp-content\/uploads\/2017\/07\/DSC01878-150x150.jpg\" alt=\"DSC01878\" width=\"150\" height=\"150\" class=\"alignleft size-thumbnail wp-image-5043\" \/><\/a><\/p>\n<p><a href=\"https:\/\/www.feuerwehr-matzen.at\/wp-content\/uploads\/2017\/07\/DSC01879.jpg\"><img loading=\"lazy\" decoding=\"async\" src=\"https:\/\/www.feuerwehr-matzen.at\/wp-content\/uploads\/2017\/07\/DSC01879-150x150.jpg\" alt=\"DSC01879\" width=\"150\" height=\"150\" class=\"alignleft size-thumbnail wp-image-5044\" \/><\/a><\/p>\n<p><a href=\"https:\/\/www.feuerwehr-matzen.at\/wp-content\/uploads\/2017\/07\/DSC01884.jpg\"><img loading=\"lazy\" decoding=\"async\" src=\"https:\/\/www.feuerwehr-matzen.at\/wp-content\/uploads\/2017\/07\/DSC01884-150x150.jpg\" alt=\"DSC01884\" width=\"150\" height=\"150\" class=\"alignleft size-thumbnail wp-image-5045\" \/><\/a><\/p>\n","protected":false},"excerpt":{"rendered":"<p>Unwettereinsatz Beim bereits 4. Einsatz binnen einer Woche wurde die Feuerwehr Matzen am 10. Juli 2017 um 20:42 Uhr mittels Sirene, SMS-Alarm und Pager zur Unterst\u00fctzung der Feuerwehr Oberhausen alarmiert. Aufgrund der immer wiederkehrenden Regenf\u00e4lle, wurden Teile des gesamten Ortsgebietes, <a class=\"more-link\" href=\"https:\/\/www.feuerwehr-matzen.at\/?page_id=5037\">weiterlesen  <span class=\"screen-reader-text\">  10. Juli 2017<\/span><span class=\"meta-nav\">&rarr;<\/span><\/a><\/p>\n","protected":false},"author":6,"featured_media":0,"parent":0,"menu_order":0,"comment_status":"closed","ping_status":"closed","template":"","meta":{"footnotes":""},"class_list":["post-5037","page","type-page","status-publish","hentry"],"_links":{"self":[{"href":"https:\/\/www.feuerwehr-matzen.at\/index.php?rest_route=\/wp\/v2\/pages\/5037","targetHints":{"allow":["GET"]}}],"collection":[{"href":"https:\/\/www.feuerwehr-matzen.at\/index.php?rest_route=\/wp\/v2\/pages"}],"about":[{"href":"https:\/\/www.feuerwehr-matzen.at\/index.php?rest_route=\/wp\/v2\/types\/page"}],"author":[{"embeddable":true,"href":"https:\/\/www.feuerwehr-matzen.at\/index.php?rest_route=\/wp\/v2\/users\/6"}],"replies":[{"embeddable":true,"href":"https:\/\/www.feuerwehr-matzen.at\/index.php?rest_route=%2Fwp%2Fv2%2Fcomments&post=5037"}],"version-history":[{"count":1,"href":"https:\/\/www.feuerwehr-matzen.at\/index.php?rest_route=\/wp\/v2\/pages\/5037\/revisions"}],"predecessor-version":[{"id":5046,"href":"https:\/\/www.feuerwehr-matzen.at\/index.php?rest_route=\/wp\/v2\/pages\/5037\/revisions\/5046"}],"wp:attachment":[{"href":"https:\/\/www.feuerwehr-matzen.at\/index.php?rest_route=%2Fwp%2Fv2%2Fmedia&parent=5037"}],"curies":[{"name":"wp","href":"https:\/\/api.w.org\/{rel}","templated":true}]}}