{"id":5106,"date":"2017-08-12T10:27:54","date_gmt":"2017-08-12T08:27:54","guid":{"rendered":"http:\/\/www.feuerwehr-matzen.at\/?page_id=5106"},"modified":"2020-09-18T14:15:23","modified_gmt":"2020-09-18T12:15:23","slug":"10-august-2017","status":"publish","type":"page","link":"https:\/\/www.feuerwehr-matzen.at\/?page_id=5106","title":{"rendered":"10. August 2017"},"content":{"rendered":"<p><strong>Sturmeinsatz<\/strong><a title=\"Eins\u00e4tze\" href=\"https:\/\/www.feuerwehr-matzen.at\/?page_id=4827\"><img loading=\"lazy\" decoding=\"async\" class=\"alignright size-full wp-image-1833\" src=\"https:\/\/www.feuerwehr-matzen.at\/wp-content\/uploads\/2013\/07\/return.jpg\" alt=\"return\" width=\"65\" height=\"30\" \/><\/a><\/p>\n<p>Wie viele andere Feuerwehren in Nieder\u00f6sterreich wurde auch die Feuerwehr Matzen am 10. August 2017 um 22:35 mittels Sirene, SMS Alarm und Pager zu einem Sturmeinsatz auf der L 19 Richtung Prottes alarmiert. Unverz\u00fcglich r\u00fcckten 13 Man zur Einsatzstelle aus. Bei der Erkundung stellte der Einsatzleiter fest, dass eine Telefonleitung abgerissen war und in Folge den Verkehr behinderte. Etwa 100 Meter weiter blockierte ein Baum die Stra\u00dfe. Zeitgleich wurde mit dem Kommando das restliche Einsatzgebiet begutachtet. Im Kreisverkehr mussten einige gr\u00f6\u00dfere \u00c4ste beseitigt werden. Nachdem alle Verkehrswege wieder frei waren, konnten die Matzner Florianij\u00fcnger nach rund 35 Minuten wieder einr\u00fccken.<\/p>\n<p>Im Einsatz befindliche Fahrzeuge: RLF-A 2000. KDO<br \/>\nMannschaftsst\u00e4rke: 13<br \/>\nsonstige Kr\u00e4fte: Polizei<\/p>\n<p><a href=\"https:\/\/www.feuerwehr-matzen.at\/wp-content\/uploads\/2017\/08\/DSC01894.jpg\"><img loading=\"lazy\" decoding=\"async\" src=\"https:\/\/www.feuerwehr-matzen.at\/wp-content\/uploads\/2017\/08\/DSC01894-150x150.jpg\" alt=\"DSC01894\" width=\"150\" height=\"150\" class=\"alignleft size-thumbnail wp-image-5111\" \/><\/a><\/p>\n<p><a href=\"https:\/\/www.feuerwehr-matzen.at\/wp-content\/uploads\/2017\/08\/DSC01890.jpg\"><img loading=\"lazy\" decoding=\"async\" src=\"https:\/\/www.feuerwehr-matzen.at\/wp-content\/uploads\/2017\/08\/DSC01890-150x150.jpg\" alt=\"DSC01890\" width=\"150\" height=\"150\" class=\"alignleft size-thumbnail wp-image-5109\" \/><\/a><\/p>\n<p><a href=\"https:\/\/www.feuerwehr-matzen.at\/wp-content\/uploads\/2017\/08\/DSC01892.jpg\"><img loading=\"lazy\" decoding=\"async\" src=\"https:\/\/www.feuerwehr-matzen.at\/wp-content\/uploads\/2017\/08\/DSC01892-150x150.jpg\" alt=\"DSC01892\" width=\"150\" height=\"150\" class=\"alignleft size-thumbnail wp-image-5110\" \/><\/a><\/p>\n<p><a href=\"https:\/\/www.feuerwehr-matzen.at\/wp-content\/uploads\/2017\/08\/DSC01886.jpg\"><img loading=\"lazy\" decoding=\"async\" src=\"https:\/\/www.feuerwehr-matzen.at\/wp-content\/uploads\/2017\/08\/DSC01886-150x150.jpg\" alt=\"DSC01886\" width=\"150\" height=\"150\" class=\"alignleft size-thumbnail wp-image-5120\" \/><\/a><\/p>\n","protected":false},"excerpt":{"rendered":"<p>Sturmeinsatz Wie viele andere Feuerwehren in Nieder\u00f6sterreich wurde auch die Feuerwehr Matzen am 10. August 2017 um 22:35 mittels Sirene, SMS Alarm und Pager zu einem Sturmeinsatz auf der L 19 Richtung Prottes alarmiert. Unverz\u00fcglich r\u00fcckten 13 Man zur Einsatzstelle <a class=\"more-link\" href=\"https:\/\/www.feuerwehr-matzen.at\/?page_id=5106\">weiterlesen  <span class=\"screen-reader-text\">  10. August 2017<\/span><span class=\"meta-nav\">&rarr;<\/span><\/a><\/p>\n","protected":false},"author":6,"featured_media":0,"parent":0,"menu_order":0,"comment_status":"closed","ping_status":"closed","template":"","meta":{"footnotes":""},"class_list":["post-5106","page","type-page","status-publish","hentry"],"_links":{"self":[{"href":"https:\/\/www.feuerwehr-matzen.at\/index.php?rest_route=\/wp\/v2\/pages\/5106","targetHints":{"allow":["GET"]}}],"collection":[{"href":"https:\/\/www.feuerwehr-matzen.at\/index.php?rest_route=\/wp\/v2\/pages"}],"about":[{"href":"https:\/\/www.feuerwehr-matzen.at\/index.php?rest_route=\/wp\/v2\/types\/page"}],"author":[{"embeddable":true,"href":"https:\/\/www.feuerwehr-matzen.at\/index.php?rest_route=\/wp\/v2\/users\/6"}],"replies":[{"embeddable":true,"href":"https:\/\/www.feuerwehr-matzen.at\/index.php?rest_route=%2Fwp%2Fv2%2Fcomments&post=5106"}],"version-history":[{"count":9,"href":"https:\/\/www.feuerwehr-matzen.at\/index.php?rest_route=\/wp\/v2\/pages\/5106\/revisions"}],"predecessor-version":[{"id":5121,"href":"https:\/\/www.feuerwehr-matzen.at\/index.php?rest_route=\/wp\/v2\/pages\/5106\/revisions\/5121"}],"wp:attachment":[{"href":"https:\/\/www.feuerwehr-matzen.at\/index.php?rest_route=%2Fwp%2Fv2%2Fmedia&parent=5106"}],"curies":[{"name":"wp","href":"https:\/\/api.w.org\/{rel}","templated":true}]}}