{"id":5122,"date":"2017-09-03T11:05:31","date_gmt":"2017-09-03T09:05:31","guid":{"rendered":"http:\/\/www.feuerwehr-matzen.at\/?page_id=5122"},"modified":"2020-09-18T14:15:34","modified_gmt":"2020-09-18T12:15:34","slug":"27-august-2017","status":"publish","type":"page","link":"https:\/\/www.feuerwehr-matzen.at\/?page_id=5122","title":{"rendered":"27. August 2017"},"content":{"rendered":"<p><strong>Sturmeinsatz<\/strong><a title=\"Eins\u00e4tze\" href=\"https:\/\/www.feuerwehr-matzen.at\/?page_id=4827\"><img loading=\"lazy\" decoding=\"async\" class=\"alignright size-full wp-image-1833\" src=\"https:\/\/www.feuerwehr-matzen.at\/wp-content\/uploads\/2013\/07\/return.jpg\" alt=\"return\" width=\"65\" height=\"30\" \/><\/a><\/p>\n<p>Am 27. August wurde die Feuerwehr Matzen um 19:21 Uhr mittels Stillem Alarm zu einem Sturmeinsatz am Scheiben-Berg alarmiert. Kurz darauf r\u00fcckten 9 Mann mit dem ersten Fahrzeug zur Einsatzadresse. Die restlichen Einsatzkr\u00e4fte blieben auf Bereitschaft im Feuerwehrhaus. Am Einsatzort angekommen lag ein ca. 30cm dicker Baum quer \u00fcber die Stra\u00dfe. Mittels Motorkettens\u00e4ge wurde er zerteilt und anschlie\u00dfend entfernt. Nachdem die Verkehrsfl\u00e4che gereinigt wurde, konnten die Florianij\u00fcnger nach rund 30 Minuten wieder abr\u00fccken.<\/p>\n<p>Im Einsatz befindliche Fahrzeuge: RLF-A 2000<br \/>\nMannschaftsst\u00e4rke: 18<\/p>\n<p><a href=\"https:\/\/www.feuerwehr-matzen.at\/wp-content\/uploads\/2017\/09\/DSC01896.jpg\"><img loading=\"lazy\" decoding=\"async\" src=\"https:\/\/www.feuerwehr-matzen.at\/wp-content\/uploads\/2017\/09\/DSC01896-150x150.jpg\" alt=\"DSC01896\" width=\"150\" height=\"150\" class=\"alignleft size-thumbnail wp-image-5123\" \/><\/a><\/p>\n<p><a href=\"https:\/\/www.feuerwehr-matzen.at\/wp-content\/uploads\/2017\/09\/DSC01900.jpg\"><img loading=\"lazy\" decoding=\"async\" src=\"https:\/\/www.feuerwehr-matzen.at\/wp-content\/uploads\/2017\/09\/DSC01900-150x150.jpg\" alt=\"DSC01900\" width=\"150\" height=\"150\" class=\"alignleft size-thumbnail wp-image-5124\" \/><\/a><\/p>\n<p><a href=\"https:\/\/www.feuerwehr-matzen.at\/wp-content\/uploads\/2017\/09\/DSC01902.jpg\"><img loading=\"lazy\" decoding=\"async\" src=\"https:\/\/www.feuerwehr-matzen.at\/wp-content\/uploads\/2017\/09\/DSC01902-150x150.jpg\" alt=\"DSC01902\" width=\"150\" height=\"150\" class=\"alignleft size-thumbnail wp-image-5125\" \/><\/a><\/p>\n","protected":false},"excerpt":{"rendered":"<p>Sturmeinsatz Am 27. August wurde die Feuerwehr Matzen um 19:21 Uhr mittels Stillem Alarm zu einem Sturmeinsatz am Scheiben-Berg alarmiert. Kurz darauf r\u00fcckten 9 Mann mit dem ersten Fahrzeug zur Einsatzadresse. Die restlichen Einsatzkr\u00e4fte blieben auf Bereitschaft im Feuerwehrhaus. Am <a class=\"more-link\" href=\"https:\/\/www.feuerwehr-matzen.at\/?page_id=5122\">weiterlesen  <span class=\"screen-reader-text\">  27. August 2017<\/span><span class=\"meta-nav\">&rarr;<\/span><\/a><\/p>\n","protected":false},"author":6,"featured_media":0,"parent":0,"menu_order":0,"comment_status":"closed","ping_status":"closed","template":"","meta":{"footnotes":""},"class_list":["post-5122","page","type-page","status-publish","hentry"],"_links":{"self":[{"href":"https:\/\/www.feuerwehr-matzen.at\/index.php?rest_route=\/wp\/v2\/pages\/5122","targetHints":{"allow":["GET"]}}],"collection":[{"href":"https:\/\/www.feuerwehr-matzen.at\/index.php?rest_route=\/wp\/v2\/pages"}],"about":[{"href":"https:\/\/www.feuerwehr-matzen.at\/index.php?rest_route=\/wp\/v2\/types\/page"}],"author":[{"embeddable":true,"href":"https:\/\/www.feuerwehr-matzen.at\/index.php?rest_route=\/wp\/v2\/users\/6"}],"replies":[{"embeddable":true,"href":"https:\/\/www.feuerwehr-matzen.at\/index.php?rest_route=%2Fwp%2Fv2%2Fcomments&post=5122"}],"version-history":[{"count":1,"href":"https:\/\/www.feuerwehr-matzen.at\/index.php?rest_route=\/wp\/v2\/pages\/5122\/revisions"}],"predecessor-version":[{"id":5126,"href":"https:\/\/www.feuerwehr-matzen.at\/index.php?rest_route=\/wp\/v2\/pages\/5122\/revisions\/5126"}],"wp:attachment":[{"href":"https:\/\/www.feuerwehr-matzen.at\/index.php?rest_route=%2Fwp%2Fv2%2Fmedia&parent=5122"}],"curies":[{"name":"wp","href":"https:\/\/api.w.org\/{rel}","templated":true}]}}