{"id":5217,"date":"2018-01-07T14:58:08","date_gmt":"2018-01-07T12:58:08","guid":{"rendered":"http:\/\/www.feuerwehr-matzen.at\/?page_id=5217"},"modified":"2020-09-18T14:15:11","modified_gmt":"2020-09-18T12:15:11","slug":"06-jaenner-2018","status":"publish","type":"page","link":"https:\/\/www.feuerwehr-matzen.at\/?page_id=5217","title":{"rendered":"06. J\u00e4nner 2018"},"content":{"rendered":"<p><strong>Feuerwehrball<\/strong><a title=\"Veranstaltungen 2015\" href=\"https:\/\/www.feuerwehr-matzen.at\/?page_id=5213\"><img loading=\"lazy\" decoding=\"async\" class=\"alignright size-full wp-image-1833\" alt=\"return\" src=\"https:\/\/www.feuerwehr-matzen.at\/wp-content\/uploads\/2013\/07\/return.jpg\" width=\"65\" height=\"30\" \/><\/a><\/p>\n<p>Vergangenen Samstag startete die Feuerwehr Matzen am 6. J\u00e4nner 2018 traditionell die Ballsaison. Nach einer Polonaise begr\u00fc\u00dfte Feuerwehrkommandant HBI Neubauer Manfred die G\u00e4ste und lie\u00df den Ball von den Ehrendamen mit den Feuerwehrkameraden per Walzer er\u00f6ffnen. Nach der Er\u00f6ffnung startete die Band \u201eMike\u00b4s Crew\u201c durch und sorgte f\u00fcr eine durchgehend gef\u00fcllte Tanzfl\u00e4che. St\u00e4rken konnten sich die G\u00e4ste mit kulinarischen Schmankerl vom Team Optimum Matzen rund um Karina Fritz. Um Mitternacht wechselten bei den vielen Tombolatreffern die Besitzer und einige G\u00e4ste konnten sich \u00fcber tolle Gewinne freuen. Im Anschluss wurde bis in die fr\u00fchen Morgenstunden gefeiert. Die Feuerwehr Matzen bedankt sich bei allen G\u00e4sten.<\/p>\n<p><a href=\"https:\/\/www.feuerwehr-matzen.at\/wp-content\/uploads\/2018\/01\/DSC_0010.jpg\"><img loading=\"lazy\" decoding=\"async\" src=\"https:\/\/www.feuerwehr-matzen.at\/wp-content\/uploads\/2018\/01\/DSC_0010-150x150.jpg\" alt=\"DSC_0010\" width=\"150\" height=\"150\" class=\"alignleft size-thumbnail wp-image-5218\" \/><\/a><\/p>\n<p><a href=\"https:\/\/www.feuerwehr-matzen.at\/wp-content\/uploads\/2018\/01\/DSC_0023.jpg\"><img loading=\"lazy\" decoding=\"async\" src=\"https:\/\/www.feuerwehr-matzen.at\/wp-content\/uploads\/2018\/01\/DSC_0023-150x150.jpg\" alt=\"DSC_0023\" width=\"150\" height=\"150\" class=\"alignleft size-thumbnail wp-image-5219\" \/><\/a><\/p>\n<p><a href=\"https:\/\/www.feuerwehr-matzen.at\/wp-content\/uploads\/2018\/01\/DSC_0062.jpg\"><img loading=\"lazy\" decoding=\"async\" src=\"https:\/\/www.feuerwehr-matzen.at\/wp-content\/uploads\/2018\/01\/DSC_0062-150x150.jpg\" alt=\"DSC_0062\" width=\"150\" height=\"150\" class=\"alignleft size-thumbnail wp-image-5220\" \/><\/a><\/p>\n<p><a href=\"https:\/\/www.feuerwehr-matzen.at\/wp-content\/uploads\/2018\/01\/DSC_0109.jpg\"><img loading=\"lazy\" decoding=\"async\" src=\"https:\/\/www.feuerwehr-matzen.at\/wp-content\/uploads\/2018\/01\/DSC_0109-150x150.jpg\" alt=\"DSC_0109\" width=\"150\" height=\"150\" class=\"alignleft size-thumbnail wp-image-5221\" \/><\/a><\/p>\n<p><a href=\"https:\/\/www.feuerwehr-matzen.at\/wp-content\/uploads\/2018\/01\/DSC_0126.jpg\"><img loading=\"lazy\" decoding=\"async\" src=\"https:\/\/www.feuerwehr-matzen.at\/wp-content\/uploads\/2018\/01\/DSC_0126-150x150.jpg\" alt=\"DSC_0126\" width=\"150\" height=\"150\" class=\"alignleft size-thumbnail wp-image-5222\" \/><\/a><\/p>\n<p><a href=\"https:\/\/www.feuerwehr-matzen.at\/wp-content\/uploads\/2018\/01\/IMAG0584.jpg\"><img loading=\"lazy\" decoding=\"async\" src=\"https:\/\/www.feuerwehr-matzen.at\/wp-content\/uploads\/2018\/01\/IMAG0584-150x150.jpg\" alt=\"IMAG0584\" width=\"150\" height=\"150\" class=\"alignleft size-thumbnail wp-image-5223\" \/><\/a><\/p>\n","protected":false},"excerpt":{"rendered":"<p>Feuerwehrball Vergangenen Samstag startete die Feuerwehr Matzen am 6. J\u00e4nner 2018 traditionell die Ballsaison. Nach einer Polonaise begr\u00fc\u00dfte Feuerwehrkommandant HBI Neubauer Manfred die G\u00e4ste und lie\u00df den Ball von den Ehrendamen mit den Feuerwehrkameraden per Walzer er\u00f6ffnen. Nach der Er\u00f6ffnung <a class=\"more-link\" href=\"https:\/\/www.feuerwehr-matzen.at\/?page_id=5217\">weiterlesen  <span class=\"screen-reader-text\">  06. J\u00e4nner 2018<\/span><span class=\"meta-nav\">&rarr;<\/span><\/a><\/p>\n","protected":false},"author":6,"featured_media":0,"parent":0,"menu_order":0,"comment_status":"closed","ping_status":"closed","template":"","meta":{"footnotes":""},"class_list":["post-5217","page","type-page","status-publish","hentry"],"_links":{"self":[{"href":"https:\/\/www.feuerwehr-matzen.at\/index.php?rest_route=\/wp\/v2\/pages\/5217","targetHints":{"allow":["GET"]}}],"collection":[{"href":"https:\/\/www.feuerwehr-matzen.at\/index.php?rest_route=\/wp\/v2\/pages"}],"about":[{"href":"https:\/\/www.feuerwehr-matzen.at\/index.php?rest_route=\/wp\/v2\/types\/page"}],"author":[{"embeddable":true,"href":"https:\/\/www.feuerwehr-matzen.at\/index.php?rest_route=\/wp\/v2\/users\/6"}],"replies":[{"embeddable":true,"href":"https:\/\/www.feuerwehr-matzen.at\/index.php?rest_route=%2Fwp%2Fv2%2Fcomments&post=5217"}],"version-history":[{"count":1,"href":"https:\/\/www.feuerwehr-matzen.at\/index.php?rest_route=\/wp\/v2\/pages\/5217\/revisions"}],"predecessor-version":[{"id":5224,"href":"https:\/\/www.feuerwehr-matzen.at\/index.php?rest_route=\/wp\/v2\/pages\/5217\/revisions\/5224"}],"wp:attachment":[{"href":"https:\/\/www.feuerwehr-matzen.at\/index.php?rest_route=%2Fwp%2Fv2%2Fmedia&parent=5217"}],"curies":[{"name":"wp","href":"https:\/\/api.w.org\/{rel}","templated":true}]}}