{"id":5298,"date":"2018-05-06T13:33:28","date_gmt":"2018-05-06T11:33:28","guid":{"rendered":"http:\/\/www.feuerwehr-matzen.at\/?page_id=5298"},"modified":"2020-09-18T14:15:11","modified_gmt":"2020-09-18T12:15:11","slug":"06-mai-2018","status":"publish","type":"page","link":"https:\/\/www.feuerwehr-matzen.at\/?page_id=5298","title":{"rendered":"06. Mai 2018"},"content":{"rendered":"<p><strong>Floriani<\/strong><a title=\"Veranstaltungen 2015\" href=\"https:\/\/www.feuerwehr-matzen.at\/?page_id=5213\"><img loading=\"lazy\" decoding=\"async\" class=\"alignright size-full wp-image-1833\" alt=\"return\" src=\"https:\/\/www.feuerwehr-matzen.at\/wp-content\/uploads\/2013\/07\/return.jpg\" width=\"65\" height=\"30\" \/><\/a><\/p>\n<p>Am 6. Mai 2018 hielt Feuerwehrkurat Thaller der Feuerwehr Auersthal feierlich die Florianimesse in der Fahrzeughalle ab.<br \/>\nUntermalt wurde die Feier vom Musikverein Matzen. Nach der Ansprache unserer B\u00fcrgermeisterin Weber durfte unser Feuerwehrkommandant HBI Neubauer Manfred FM Fritz Leopold zum OFM und LM Gnadenberger Markus zum OLM bef\u00f6rdern.<br \/>\nIm Anschlu\u00df an die bewegenden Worte des Kommandanten f\u00fchrte die Jugendfeuerwehr einen Bewerbslauf vor den zahlreichen G\u00e4ste der Feierlichkeit vor. Nach der Vorstellung wurden die G\u00e4ste von den Kameraden der Feuerwehr Matzen mit Speis und Trank versorgt.<br \/>\nDie Feuerwehr Matzen bedankt sich beim Musikverein, beim Feuerwehrkuraten Thaller und bei Ihnen f\u00fcr die zahlreiche Teilnahme an der diesj\u00e4hrigen Florianifeier.<\/p>\n<p><a href=\"https:\/\/www.feuerwehr-matzen.at\/wp-content\/uploads\/2018\/05\/DSC02380.jpg\"><img loading=\"lazy\" decoding=\"async\" src=\"https:\/\/www.feuerwehr-matzen.at\/wp-content\/uploads\/2018\/05\/DSC02380-150x150.jpg\" alt=\"DSC02380\" width=\"150\" height=\"150\" class=\"alignleft size-thumbnail wp-image-5299\" \/><\/a><\/p>\n<p><a href=\"https:\/\/www.feuerwehr-matzen.at\/wp-content\/uploads\/2018\/05\/DSC02386.jpg\"><img loading=\"lazy\" decoding=\"async\" src=\"https:\/\/www.feuerwehr-matzen.at\/wp-content\/uploads\/2018\/05\/DSC02386-150x150.jpg\" alt=\"DSC02386\" width=\"150\" height=\"150\" class=\"alignleft size-thumbnail wp-image-5300\" \/><\/a><\/p>\n<p><a href=\"https:\/\/www.feuerwehr-matzen.at\/wp-content\/uploads\/2018\/05\/DSC02393.jpg\"><img loading=\"lazy\" decoding=\"async\" src=\"https:\/\/www.feuerwehr-matzen.at\/wp-content\/uploads\/2018\/05\/DSC02393-150x150.jpg\" alt=\"DSC02393\" width=\"150\" height=\"150\" class=\"alignleft size-thumbnail wp-image-5301\" \/><\/a><\/p>\n<p><a href=\"https:\/\/www.feuerwehr-matzen.at\/wp-content\/uploads\/2018\/05\/DSC02394.jpg\"><img loading=\"lazy\" decoding=\"async\" src=\"https:\/\/www.feuerwehr-matzen.at\/wp-content\/uploads\/2018\/05\/DSC02394-150x150.jpg\" alt=\"DSC02394\" width=\"150\" height=\"150\" class=\"alignleft size-thumbnail wp-image-5302\" \/><\/a><\/p>\n<p><a href=\"https:\/\/www.feuerwehr-matzen.at\/wp-content\/uploads\/2018\/05\/DSC02395.jpg\"><img loading=\"lazy\" decoding=\"async\" src=\"https:\/\/www.feuerwehr-matzen.at\/wp-content\/uploads\/2018\/05\/DSC02395-150x150.jpg\" alt=\"DSC02395\" width=\"150\" height=\"150\" class=\"alignleft size-thumbnail wp-image-5303\" \/><\/a><\/p>\n<p><a href=\"https:\/\/www.feuerwehr-matzen.at\/wp-content\/uploads\/2018\/05\/DSC02417.jpg\"><img loading=\"lazy\" decoding=\"async\" src=\"https:\/\/www.feuerwehr-matzen.at\/wp-content\/uploads\/2018\/05\/DSC02417-150x150.jpg\" alt=\"DSC02417\" width=\"150\" height=\"150\" class=\"alignleft size-thumbnail wp-image-5304\" \/><\/a><\/p>\n<p><a href=\"https:\/\/www.feuerwehr-matzen.at\/wp-content\/uploads\/2018\/05\/DSC02422.jpg\"><img loading=\"lazy\" decoding=\"async\" src=\"https:\/\/www.feuerwehr-matzen.at\/wp-content\/uploads\/2018\/05\/DSC02422-150x150.jpg\" alt=\"DSC02422\" width=\"150\" height=\"150\" class=\"alignleft size-thumbnail wp-image-5305\" \/><\/a><\/p>\n<p><a href=\"https:\/\/www.feuerwehr-matzen.at\/wp-content\/uploads\/2018\/05\/DSC02423.jpg\"><img loading=\"lazy\" decoding=\"async\" src=\"https:\/\/www.feuerwehr-matzen.at\/wp-content\/uploads\/2018\/05\/DSC02423-150x150.jpg\" alt=\"DSC02423\" width=\"150\" height=\"150\" class=\"alignleft size-thumbnail wp-image-5306\" \/><\/a><\/p>\n<p><a href=\"https:\/\/www.feuerwehr-matzen.at\/wp-content\/uploads\/2018\/05\/DSC02425.jpg\"><img loading=\"lazy\" decoding=\"async\" src=\"https:\/\/www.feuerwehr-matzen.at\/wp-content\/uploads\/2018\/05\/DSC02425-150x150.jpg\" alt=\"DSC02425\" width=\"150\" height=\"150\" class=\"alignleft size-thumbnail wp-image-5307\" \/><\/a><\/p>\n","protected":false},"excerpt":{"rendered":"<p>Floriani Am 6. Mai 2018 hielt Feuerwehrkurat Thaller der Feuerwehr Auersthal feierlich die Florianimesse in der Fahrzeughalle ab. Untermalt wurde die Feier vom Musikverein Matzen. Nach der Ansprache unserer B\u00fcrgermeisterin Weber durfte unser Feuerwehrkommandant HBI Neubauer Manfred FM Fritz Leopold <a class=\"more-link\" href=\"https:\/\/www.feuerwehr-matzen.at\/?page_id=5298\">weiterlesen  <span class=\"screen-reader-text\">  06. Mai 2018<\/span><span class=\"meta-nav\">&rarr;<\/span><\/a><\/p>\n","protected":false},"author":6,"featured_media":0,"parent":0,"menu_order":0,"comment_status":"closed","ping_status":"closed","template":"","meta":{"footnotes":""},"class_list":["post-5298","page","type-page","status-publish","hentry"],"_links":{"self":[{"href":"https:\/\/www.feuerwehr-matzen.at\/index.php?rest_route=\/wp\/v2\/pages\/5298","targetHints":{"allow":["GET"]}}],"collection":[{"href":"https:\/\/www.feuerwehr-matzen.at\/index.php?rest_route=\/wp\/v2\/pages"}],"about":[{"href":"https:\/\/www.feuerwehr-matzen.at\/index.php?rest_route=\/wp\/v2\/types\/page"}],"author":[{"embeddable":true,"href":"https:\/\/www.feuerwehr-matzen.at\/index.php?rest_route=\/wp\/v2\/users\/6"}],"replies":[{"embeddable":true,"href":"https:\/\/www.feuerwehr-matzen.at\/index.php?rest_route=%2Fwp%2Fv2%2Fcomments&post=5298"}],"version-history":[{"count":1,"href":"https:\/\/www.feuerwehr-matzen.at\/index.php?rest_route=\/wp\/v2\/pages\/5298\/revisions"}],"predecessor-version":[{"id":5308,"href":"https:\/\/www.feuerwehr-matzen.at\/index.php?rest_route=\/wp\/v2\/pages\/5298\/revisions\/5308"}],"wp:attachment":[{"href":"https:\/\/www.feuerwehr-matzen.at\/index.php?rest_route=%2Fwp%2Fv2%2Fmedia&parent=5298"}],"curies":[{"name":"wp","href":"https:\/\/api.w.org\/{rel}","templated":true}]}}