{"id":5324,"date":"2018-06-05T11:45:55","date_gmt":"2018-06-05T09:45:55","guid":{"rendered":"http:\/\/www.feuerwehr-matzen.at\/?page_id=5324"},"modified":"2020-09-18T14:15:23","modified_gmt":"2020-09-18T12:15:23","slug":"19-mai-2018","status":"publish","type":"page","link":"https:\/\/www.feuerwehr-matzen.at\/?page_id=5324","title":{"rendered":"19. Mai 2018"},"content":{"rendered":"<p><strong>Feuerwehrfest<\/strong><a title=\"Veranstaltungen 2015\" href=\"https:\/\/www.feuerwehr-matzen.at\/?page_id=5213\"><img loading=\"lazy\" decoding=\"async\" class=\"alignright size-full wp-image-1833\" alt=\"return\" src=\"https:\/\/www.feuerwehr-matzen.at\/wp-content\/uploads\/2013\/07\/return.jpg\" width=\"65\" height=\"30\" \/><\/a><\/p>\n<p>Das Feuerwehrfest fand 2018 am Pfingswochenende statt. Samstag starteten die Matzner Florianij\u00fcnger mit einem Riesenwuzzlerturnier, in dem 12 Mannschaften um den Turniersieg k\u00e4mpften. Alle Mannschaften wurden mit Urkunden ausgezeichnet, wobei sich am Ende der UTC Matzen durchsetzen konnte. F\u00fcr unsere Kleinsten gab es an beiden Tagen eine H\u00fcpfburg und rundfahrten mit dem Feuerwehrfahrzeug. Im Anschluss an die Siegerehrung sorgte Major 4 f\u00fcr tolle Stimmung und eine, bis in die fr\u00fchen Morgenstunden gef\u00fcllte Tanzfl\u00e4che. Bis die letzten G\u00e4ste das Festgel\u00e4nde verliesen, spielte Dj Reebird Hits der vergangenen Zeit. Trotz des gef\u00fcllten Zeltes, klappte die Versorgung unserer G\u00e4ste reibungslos. Sonntags begann das Fr\u00fchschoppen mit dem Musikverein Matzen. Nachdem alle G\u00e4ste von den Kameraden der Feuerwehr Matzen versorgt wurden, verk\u00fcrzten die Weinberg Musikanten die Zeit bis zur Tombola. Bei der Verlosung wechselten die knapp 100 Tombolatreffer ihre Besitzer. In diesem Zusammenhang m\u00f6chten wir uns bei den vielen Spendern der Tombolatreffer, sowie dem Tombola-Team f\u00fcr die Zusammenstellung dieser Riesentombola recht herzlich bedanken. Nach der Verlosung lie\u00dfen es sich einige G\u00e4ste es sich nicht nehmen, das Festwochende im Kreise Ihrer Feuerwehr ausklingen zu lassen. Die Feuerwehr Matzen bedankt sich bei den zahlreichen Besuchern unserer Veranstaltung.<\/p>\n<p><a href=\"https:\/\/www.feuerwehr-matzen.at\/wp-content\/uploads\/2018\/06\/DSC02441.jpg\"><img loading=\"lazy\" decoding=\"async\" src=\"https:\/\/www.feuerwehr-matzen.at\/wp-content\/uploads\/2018\/06\/DSC02441-150x150.jpg\" alt=\"DSC02441\" width=\"150\" height=\"150\" class=\"alignleft size-thumbnail wp-image-5334\" \/><\/a><\/p>\n<p><a href=\"https:\/\/www.feuerwehr-matzen.at\/wp-content\/uploads\/2018\/06\/DSC02438.jpg\"><img loading=\"lazy\" decoding=\"async\" src=\"https:\/\/www.feuerwehr-matzen.at\/wp-content\/uploads\/2018\/06\/DSC02438-150x150.jpg\" alt=\"DSC02438\" width=\"150\" height=\"150\" class=\"alignleft size-thumbnail wp-image-5333\" \/><\/a><\/p>\n<p><a href=\"https:\/\/www.feuerwehr-matzen.at\/wp-content\/uploads\/2018\/06\/DSC02447.jpg\"><img loading=\"lazy\" decoding=\"async\" src=\"https:\/\/www.feuerwehr-matzen.at\/wp-content\/uploads\/2018\/06\/DSC02447-150x150.jpg\" alt=\"DSC02447\" width=\"150\" height=\"150\" class=\"alignleft size-thumbnail wp-image-5335\" \/><\/a><\/p>\n<p><a href=\"https:\/\/www.feuerwehr-matzen.at\/wp-content\/uploads\/2018\/06\/DSC02457.jpg\"><img loading=\"lazy\" decoding=\"async\" src=\"https:\/\/www.feuerwehr-matzen.at\/wp-content\/uploads\/2018\/06\/DSC02457-150x150.jpg\" alt=\"DSC02457\" width=\"150\" height=\"150\" class=\"alignleft size-thumbnail wp-image-5336\" \/><\/a><\/p>\n<p><a href=\"https:\/\/www.feuerwehr-matzen.at\/wp-content\/uploads\/2018\/06\/DSC02494.jpg\"><img loading=\"lazy\" decoding=\"async\" src=\"https:\/\/www.feuerwehr-matzen.at\/wp-content\/uploads\/2018\/06\/DSC02494-150x150.jpg\" alt=\"DSC02494\" width=\"150\" height=\"150\" class=\"alignleft size-thumbnail wp-image-5337\" \/><\/a><\/p>\n<p><a href=\"https:\/\/www.feuerwehr-matzen.at\/wp-content\/uploads\/2018\/06\/DSC02523.jpg\"><img loading=\"lazy\" decoding=\"async\" src=\"https:\/\/www.feuerwehr-matzen.at\/wp-content\/uploads\/2018\/06\/DSC02523-150x150.jpg\" alt=\"DSC02523\" width=\"150\" height=\"150\" class=\"alignleft size-thumbnail wp-image-5338\" \/><\/a><\/p>\n<p><a href=\"https:\/\/www.feuerwehr-matzen.at\/wp-content\/uploads\/2018\/06\/DSC02525.jpg\"><img loading=\"lazy\" decoding=\"async\" src=\"https:\/\/www.feuerwehr-matzen.at\/wp-content\/uploads\/2018\/06\/DSC02525-150x150.jpg\" alt=\"DSC02525\" width=\"150\" height=\"150\" class=\"alignleft size-thumbnail wp-image-5339\" \/><\/a><\/p>\n<p><a href=\"https:\/\/www.feuerwehr-matzen.at\/wp-content\/uploads\/2018\/06\/DSC02526.jpg\"><img loading=\"lazy\" decoding=\"async\" src=\"https:\/\/www.feuerwehr-matzen.at\/wp-content\/uploads\/2018\/06\/DSC02526-150x150.jpg\" alt=\"DSC02526\" width=\"150\" height=\"150\" class=\"alignleft size-thumbnail wp-image-5340\" \/><\/a><\/p>\n<p><a href=\"https:\/\/www.feuerwehr-matzen.at\/wp-content\/uploads\/2018\/06\/DSC02528.jpg\"><img loading=\"lazy\" decoding=\"async\" src=\"https:\/\/www.feuerwehr-matzen.at\/wp-content\/uploads\/2018\/06\/DSC02528-150x150.jpg\" alt=\"DSC02528\" width=\"150\" height=\"150\" class=\"alignleft size-thumbnail wp-image-5341\" \/><\/a><\/p>\n<p><a href=\"https:\/\/www.feuerwehr-matzen.at\/wp-content\/uploads\/2018\/06\/DSC02533.jpg\"><img loading=\"lazy\" decoding=\"async\" src=\"https:\/\/www.feuerwehr-matzen.at\/wp-content\/uploads\/2018\/06\/DSC02533-150x150.jpg\" alt=\"DSC02533\" width=\"150\" height=\"150\" class=\"alignleft size-thumbnail wp-image-5342\" \/><\/a><\/p>\n<p><a href=\"https:\/\/www.feuerwehr-matzen.at\/wp-content\/uploads\/2018\/06\/DSC02539.jpg\"><img loading=\"lazy\" decoding=\"async\" src=\"https:\/\/www.feuerwehr-matzen.at\/wp-content\/uploads\/2018\/06\/DSC02539-150x150.jpg\" alt=\"DSC02539\" width=\"150\" height=\"150\" class=\"alignleft size-thumbnail wp-image-5343\" \/><\/a><\/p>\n","protected":false},"excerpt":{"rendered":"<p>Feuerwehrfest Das Feuerwehrfest fand 2018 am Pfingswochenende statt. Samstag starteten die Matzner Florianij\u00fcnger mit einem Riesenwuzzlerturnier, in dem 12 Mannschaften um den Turniersieg k\u00e4mpften. Alle Mannschaften wurden mit Urkunden ausgezeichnet, wobei sich am Ende der UTC Matzen durchsetzen konnte. F\u00fcr <a class=\"more-link\" href=\"https:\/\/www.feuerwehr-matzen.at\/?page_id=5324\">weiterlesen  <span class=\"screen-reader-text\">  19. Mai 2018<\/span><span class=\"meta-nav\">&rarr;<\/span><\/a><\/p>\n","protected":false},"author":6,"featured_media":0,"parent":0,"menu_order":0,"comment_status":"closed","ping_status":"closed","template":"","meta":{"footnotes":""},"class_list":["post-5324","page","type-page","status-publish","hentry"],"_links":{"self":[{"href":"https:\/\/www.feuerwehr-matzen.at\/index.php?rest_route=\/wp\/v2\/pages\/5324","targetHints":{"allow":["GET"]}}],"collection":[{"href":"https:\/\/www.feuerwehr-matzen.at\/index.php?rest_route=\/wp\/v2\/pages"}],"about":[{"href":"https:\/\/www.feuerwehr-matzen.at\/index.php?rest_route=\/wp\/v2\/types\/page"}],"author":[{"embeddable":true,"href":"https:\/\/www.feuerwehr-matzen.at\/index.php?rest_route=\/wp\/v2\/users\/6"}],"replies":[{"embeddable":true,"href":"https:\/\/www.feuerwehr-matzen.at\/index.php?rest_route=%2Fwp%2Fv2%2Fcomments&post=5324"}],"version-history":[{"count":7,"href":"https:\/\/www.feuerwehr-matzen.at\/index.php?rest_route=\/wp\/v2\/pages\/5324\/revisions"}],"predecessor-version":[{"id":5548,"href":"https:\/\/www.feuerwehr-matzen.at\/index.php?rest_route=\/wp\/v2\/pages\/5324\/revisions\/5548"}],"wp:attachment":[{"href":"https:\/\/www.feuerwehr-matzen.at\/index.php?rest_route=%2Fwp%2Fv2%2Fmedia&parent=5324"}],"curies":[{"name":"wp","href":"https:\/\/api.w.org\/{rel}","templated":true}]}}