{"id":5330,"date":"2018-06-05T11:55:51","date_gmt":"2018-06-05T09:55:51","guid":{"rendered":"http:\/\/www.feuerwehr-matzen.at\/?page_id=5330"},"modified":"2020-09-18T14:15:45","modified_gmt":"2020-09-18T12:15:45","slug":"uebungen-2018","status":"publish","type":"page","link":"https:\/\/www.feuerwehr-matzen.at\/?page_id=5330","title":{"rendered":"\u00dcbungen 2018"},"content":{"rendered":"<table style=\"table-layout: fixed; text-align: left;\" border=\"0\">\n<tbody>\n<tr>\n<th class=\"ffdatum\">06. Oktober<\/th>\n<td class=\"fftext\">Monats\u00fcbung<\/td>\n<td class=\"fffoto\"><a title=\"06. Oktober2018\" href=\"https:\/\/www.feuerwehr-matzen.at\/?page_id=5550\"><img decoding=\"async\" src=\"https:\/\/www.feuerwehr-matzen.at\/wp-content\/uploads\/2013\/07\/bericht_bilder.png\" alt=\"Bericht und Fotos\" \/><\/a><\/td>\n<\/tr>\n<tr>\n<th class=\"ffdatum\">17. September<\/th>\n<td class=\"fftext\">Monats\u00fcbung<\/td>\n<td class=\"fffoto\"><a title=\"15. September 2018\" href=\"https:\/\/www.feuerwehr-matzen.at\/?page_id=5529\"><img decoding=\"async\" src=\"https:\/\/www.feuerwehr-matzen.at\/wp-content\/uploads\/2013\/07\/bericht_bilder.png\" alt=\"Bericht und Fotos\" \/><\/a><\/td>\n<\/tr>\n<tr>\n<th class=\"ffdatum\">15. September<\/th>\n<td class=\"fftext\">Atemschutzleistungstest<\/td>\n<td class=\"fffoto\"><a title=\"15. September 2018\" href=\"https:\/\/www.feuerwehr-matzen.at\/?page_id=5506\"><img decoding=\"async\" src=\"https:\/\/www.feuerwehr-matzen.at\/wp-content\/uploads\/2013\/07\/bericht_bilder.png\" alt=\"Bericht und Fotos\" \/><\/a><\/td>\n<\/tr>\n<tr>\n<th class=\"ffdatum\">23. Juli<\/th>\n<td class=\"fftext\">ATS-Ausbildung<\/td>\n<td class=\"fffoto\"><\/td>\n<\/tr>\n<tr>\n<th class=\"ffdatum\">05. Juli<\/th>\n<td class=\"fftext\">Technische \u00dcbung<\/td>\n<td class=\"fffoto\"><\/td>\n<\/tr>\n<tr>\n<th class=\"ffdatum\">20. Juni<\/th>\n<td class=\"fftext\">Schadstoff\u00fcbung<\/td>\n<td class=\"fffoto\"><\/td>\n<\/tr>\n<tr>\n<th class=\"ffdatum\">11. Juni<\/th>\n<td class=\"fftext\">Technische \u00dcbung<\/td>\n<td class=\"fffoto\"><\/td>\n<\/tr>\n<tr>\n<th class=\"ffdatum\">26. Mai<\/th>\n<td class=\"fftext\">Gro\u00dfschadens\u00fcbung<\/td>\n<td class=\"fffoto\"><a title=\"13. Oktober 2017\" href=\"https:\/\/www.feuerwehr-matzen.at\/?page_id=5392\"><img decoding=\"async\" src=\"https:\/\/www.feuerwehr-matzen.at\/wp-content\/uploads\/2013\/07\/bericht_bilder.png\" alt=\"Bericht und Fotos\" \/><\/a><\/td>\n<\/tr>\n<tr>\n<th class=\"ffdatum\">16. April<\/th>\n<td class=\"fftext\">Gesamt\u00fcbung<\/td>\n<td class=\"fffoto\"><\/td>\n<\/tr>\n<tr>\n<th class=\"ffdatum\">19. M\u00e4rz<\/th>\n<td class=\"fftext\">UA-ATS-\u00dcbung<\/td>\n<td class=\"fffoto\"><\/td>\n<\/tr>\n<tr>\n<th class=\"ffdatum\">09. M\u00e4rz<\/th>\n<td class=\"fftext\">Chargenschulung<\/td>\n<td class=\"fffoto\"><\/td>\n<\/tr>\n<tr>\n<th class=\"ffdatum\">05. M\u00e4rz<\/th>\n<td class=\"fftext\">Technische \u00dcbung<\/td>\n<td class=\"fffoto\"><\/td>\n<\/tr>\n<tr>\n<th class=\"ffdatum\">19. Februar<\/th>\n<td class=\"fftext\">Winterschulung<\/td>\n<td class=\"fffoto\"><\/td>\n<\/tr>\n<tr>\n<th class=\"ffdatum\">22.J\u00e4nner<\/th>\n<td class=\"fftext\">Winterschulung<\/td>\n<td class=\"fffoto\"><\/td>\n<\/tr>\n<\/tbody>\n<\/table>\n","protected":false},"excerpt":{"rendered":"<p>06. Oktober Monats\u00fcbung 17. September Monats\u00fcbung 15. September Atemschutzleistungstest 23. Juli ATS-Ausbildung 05. Juli Technische \u00dcbung 20. Juni Schadstoff\u00fcbung 11. Juni Technische \u00dcbung 26. Mai Gro\u00dfschadens\u00fcbung 16. April Gesamt\u00fcbung 19. M\u00e4rz UA-ATS-\u00dcbung 09. M\u00e4rz Chargenschulung 05. M\u00e4rz Technische \u00dcbung 19. <a class=\"more-link\" href=\"https:\/\/www.feuerwehr-matzen.at\/?page_id=5330\">weiterlesen  <span class=\"screen-reader-text\">  \u00dcbungen 2018<\/span><span class=\"meta-nav\">&rarr;<\/span><\/a><\/p>\n","protected":false},"author":6,"featured_media":0,"parent":0,"menu_order":0,"comment_status":"closed","ping_status":"closed","template":"","meta":{"footnotes":""},"class_list":["post-5330","page","type-page","status-publish","hentry"],"_links":{"self":[{"href":"https:\/\/www.feuerwehr-matzen.at\/index.php?rest_route=\/wp\/v2\/pages\/5330","targetHints":{"allow":["GET"]}}],"collection":[{"href":"https:\/\/www.feuerwehr-matzen.at\/index.php?rest_route=\/wp\/v2\/pages"}],"about":[{"href":"https:\/\/www.feuerwehr-matzen.at\/index.php?rest_route=\/wp\/v2\/types\/page"}],"author":[{"embeddable":true,"href":"https:\/\/www.feuerwehr-matzen.at\/index.php?rest_route=\/wp\/v2\/users\/6"}],"replies":[{"embeddable":true,"href":"https:\/\/www.feuerwehr-matzen.at\/index.php?rest_route=%2Fwp%2Fv2%2Fcomments&post=5330"}],"version-history":[{"count":7,"href":"https:\/\/www.feuerwehr-matzen.at\/index.php?rest_route=\/wp\/v2\/pages\/5330\/revisions"}],"predecessor-version":[{"id":5562,"href":"https:\/\/www.feuerwehr-matzen.at\/index.php?rest_route=\/wp\/v2\/pages\/5330\/revisions\/5562"}],"wp:attachment":[{"href":"https:\/\/www.feuerwehr-matzen.at\/index.php?rest_route=%2Fwp%2Fv2%2Fmedia&parent=5330"}],"curies":[{"name":"wp","href":"https:\/\/api.w.org\/{rel}","templated":true}]}}