{"id":5389,"date":"2018-07-23T17:35:27","date_gmt":"2018-07-23T15:35:27","guid":{"rendered":"http:\/\/www.feuerwehr-matzen.at\/?page_id=5389"},"modified":"2020-09-18T14:15:23","modified_gmt":"2020-09-18T12:15:23","slug":"14-juli-2018","status":"publish","type":"page","link":"https:\/\/www.feuerwehr-matzen.at\/?page_id=5389","title":{"rendered":"14. Juli 2018"},"content":{"rendered":"<p><strong>Feuerwehr-Beachvolleyballturnier<\/strong><a title=\"Veranstaltungen 2015\" href=\"https:\/\/www.feuerwehr-matzen.at\/?page_id=5213\"><img loading=\"lazy\" decoding=\"async\" class=\"alignright size-full wp-image-1833\" alt=\"return\" src=\"https:\/\/www.feuerwehr-matzen.at\/wp-content\/uploads\/2013\/07\/return.jpg\" width=\"65\" height=\"30\" \/><\/a><\/p>\n<p>Das 2. Feuerwehr-Beachvolleyallturnier startete am 14. Juli 2018 mit der Auslosung der 12 Teams um 09:30 Uhr. Viele bekannte Gesichter k\u00e4mpften um den Turniersieg, den sich am Schluss die Mannschaft \u201eBeachbugs\u201c sicherte. Die Feuerwehrkameraden sorgten den ganzen Tag \u00fcber f\u00fcr Speis und Trank. Die ersten drei Teams wurden mit einem Pokal, gesponsert von der Firma \u201eAquaspring\u201c belohnt. Ein Dank gilt auch der Firma \u201eWograin\u201c f\u00fcr die Spende der Matchb\u00e4lle. Die Kameraden der Feuerwehr Matzen bedanken sich bei allen Spielern sowie allen G\u00e4sten.<\/p>\n<p><a href=\"https:\/\/www.feuerwehr-matzen.at\/wp-content\/uploads\/2018\/06\/DSC_7719.jpg\"><img loading=\"lazy\" decoding=\"async\" src=\"https:\/\/www.feuerwehr-matzen.at\/wp-content\/uploads\/2018\/06\/DSC_7719-150x150.jpg\" alt=\"DSC_7719\" width=\"150\" height=\"150\" class=\"alignleft size-thumbnail wp-image-5364\" \/><\/a><\/p>\n<p><a href=\"https:\/\/www.feuerwehr-matzen.at\/wp-content\/uploads\/2018\/06\/DSC_7720.jpg\"><img loading=\"lazy\" decoding=\"async\" src=\"https:\/\/www.feuerwehr-matzen.at\/wp-content\/uploads\/2018\/06\/DSC_7720-150x150.jpg\" alt=\"DSC_7720\" width=\"150\" height=\"150\" class=\"alignleft size-thumbnail wp-image-5365\" \/><\/a><\/p>\n<p><a href=\"https:\/\/www.feuerwehr-matzen.at\/wp-content\/uploads\/2018\/06\/DSC_7725.jpg\"><img loading=\"lazy\" decoding=\"async\" src=\"https:\/\/www.feuerwehr-matzen.at\/wp-content\/uploads\/2018\/06\/DSC_7725-150x150.jpg\" alt=\"DSC_7725\" width=\"150\" height=\"150\" class=\"alignleft size-thumbnail wp-image-5366\" \/><\/a><\/p>\n<p><a href=\"https:\/\/www.feuerwehr-matzen.at\/wp-content\/uploads\/2018\/06\/DSC_7730.jpg\"><img loading=\"lazy\" decoding=\"async\" src=\"https:\/\/www.feuerwehr-matzen.at\/wp-content\/uploads\/2018\/06\/DSC_7730-150x150.jpg\" alt=\"DSC_7730\" width=\"150\" height=\"150\" class=\"alignleft size-thumbnail wp-image-5367\" \/><\/a><\/p>\n<p><a href=\"https:\/\/www.feuerwehr-matzen.at\/wp-content\/uploads\/2018\/06\/DSC_7746.jpg\"><img loading=\"lazy\" decoding=\"async\" src=\"https:\/\/www.feuerwehr-matzen.at\/wp-content\/uploads\/2018\/06\/DSC_7746-150x150.jpg\" alt=\"DSC_7746\" width=\"150\" height=\"150\" class=\"alignleft size-thumbnail wp-image-5368\" \/><\/a><\/p>\n<p><a href=\"https:\/\/www.feuerwehr-matzen.at\/wp-content\/uploads\/2018\/06\/DSC_7748.jpg\"><img loading=\"lazy\" decoding=\"async\" src=\"https:\/\/www.feuerwehr-matzen.at\/wp-content\/uploads\/2018\/06\/DSC_7748-150x150.jpg\" alt=\"DSC_7748\" width=\"150\" height=\"150\" class=\"alignleft size-thumbnail wp-image-5369\" \/><\/a><\/p>\n<p><a href=\"https:\/\/www.feuerwehr-matzen.at\/wp-content\/uploads\/2018\/06\/DSC_7768.jpg\"><img loading=\"lazy\" decoding=\"async\" src=\"https:\/\/www.feuerwehr-matzen.at\/wp-content\/uploads\/2018\/06\/DSC_7768-150x150.jpg\" alt=\"DSC_7768\" width=\"150\" height=\"150\" class=\"alignleft size-thumbnail wp-image-5370\" \/><\/a><\/p>\n<p><a href=\"https:\/\/www.feuerwehr-matzen.at\/wp-content\/uploads\/2018\/06\/DSC_7783.jpg\"><img loading=\"lazy\" decoding=\"async\" src=\"https:\/\/www.feuerwehr-matzen.at\/wp-content\/uploads\/2018\/06\/DSC_7783-150x150.jpg\" alt=\"DSC_7783\" width=\"150\" height=\"150\" class=\"alignleft size-thumbnail wp-image-5371\" \/><\/a><\/p>\n<p><a href=\"https:\/\/www.feuerwehr-matzen.at\/wp-content\/uploads\/2018\/06\/DSC_7788.jpg\"><img loading=\"lazy\" decoding=\"async\" src=\"https:\/\/www.feuerwehr-matzen.at\/wp-content\/uploads\/2018\/06\/DSC_7788-150x150.jpg\" alt=\"DSC_7788\" width=\"150\" height=\"150\" class=\"alignleft size-thumbnail wp-image-5372\" \/><\/a><\/p>\n<p><a href=\"https:\/\/www.feuerwehr-matzen.at\/wp-content\/uploads\/2018\/06\/DSC_7839.jpg\"><img loading=\"lazy\" decoding=\"async\" src=\"https:\/\/www.feuerwehr-matzen.at\/wp-content\/uploads\/2018\/06\/DSC_7839-150x150.jpg\" alt=\"DSC_7839\" width=\"150\" height=\"150\" class=\"alignleft size-thumbnail wp-image-5373\" \/><\/a><\/p>\n<p><a href=\"https:\/\/www.feuerwehr-matzen.at\/wp-content\/uploads\/2018\/06\/DSC_7877.jpg\"><img loading=\"lazy\" decoding=\"async\" src=\"https:\/\/www.feuerwehr-matzen.at\/wp-content\/uploads\/2018\/06\/DSC_7877-150x150.jpg\" alt=\"DSC_7877\" width=\"150\" height=\"150\" class=\"alignleft size-thumbnail wp-image-5374\" \/><\/a><\/p>\n<p><a href=\"https:\/\/www.feuerwehr-matzen.at\/wp-content\/uploads\/2018\/06\/DSC_7892.jpg\"><img loading=\"lazy\" decoding=\"async\" src=\"https:\/\/www.feuerwehr-matzen.at\/wp-content\/uploads\/2018\/06\/DSC_7892-150x150.jpg\" alt=\"DSC_7892\" width=\"150\" height=\"150\" class=\"alignleft size-thumbnail wp-image-5375\" \/><\/a><\/p>\n<p><a href=\"https:\/\/www.feuerwehr-matzen.at\/wp-content\/uploads\/2018\/06\/DSC_7991.jpg\"><img loading=\"lazy\" decoding=\"async\" src=\"https:\/\/www.feuerwehr-matzen.at\/wp-content\/uploads\/2018\/06\/DSC_7991-150x150.jpg\" alt=\"DSC_7991\" width=\"150\" height=\"150\" class=\"alignleft size-thumbnail wp-image-5376\" \/><\/a><\/p>\n<p><a href=\"https:\/\/www.feuerwehr-matzen.at\/wp-content\/uploads\/2018\/06\/DSC_7994.jpg\"><img loading=\"lazy\" decoding=\"async\" src=\"https:\/\/www.feuerwehr-matzen.at\/wp-content\/uploads\/2018\/06\/DSC_7994-150x150.jpg\" alt=\"DSC_7994\" width=\"150\" height=\"150\" class=\"alignleft size-thumbnail wp-image-5377\" \/><\/a><\/p>\n<p><a href=\"https:\/\/www.feuerwehr-matzen.at\/wp-content\/uploads\/2018\/06\/DSC_8002.jpg\"><img loading=\"lazy\" decoding=\"async\" src=\"https:\/\/www.feuerwehr-matzen.at\/wp-content\/uploads\/2018\/06\/DSC_8002-150x150.jpg\" alt=\"DSC_8002\" width=\"150\" height=\"150\" class=\"alignleft size-thumbnail wp-image-5378\" \/><\/a><\/p>\n<p><a href=\"https:\/\/www.feuerwehr-matzen.at\/wp-content\/uploads\/2018\/06\/DSC_8012.jpg\"><img loading=\"lazy\" decoding=\"async\" src=\"https:\/\/www.feuerwehr-matzen.at\/wp-content\/uploads\/2018\/06\/DSC_8012-150x150.jpg\" alt=\"DSC_8012\" width=\"150\" height=\"150\" class=\"alignleft size-thumbnail wp-image-5380\" \/><\/a><\/p>\n<p><a href=\"https:\/\/www.feuerwehr-matzen.at\/wp-content\/uploads\/2018\/06\/DSC_8027.jpg\"><img loading=\"lazy\" decoding=\"async\" src=\"https:\/\/www.feuerwehr-matzen.at\/wp-content\/uploads\/2018\/06\/DSC_8027-150x150.jpg\" alt=\"DSC_8027\" width=\"150\" height=\"150\" class=\"alignleft size-thumbnail wp-image-5381\" \/><\/a><\/p>\n<p><a href=\"https:\/\/www.feuerwehr-matzen.at\/wp-content\/uploads\/2018\/06\/DSC_8041.jpg\"><img loading=\"lazy\" decoding=\"async\" src=\"https:\/\/www.feuerwehr-matzen.at\/wp-content\/uploads\/2018\/06\/DSC_8041-150x150.jpg\" alt=\"DSC_8041\" width=\"150\" height=\"150\" class=\"alignleft size-thumbnail wp-image-5382\" \/><\/a><\/p>\n<p><a href=\"https:\/\/www.feuerwehr-matzen.at\/wp-content\/uploads\/2018\/06\/DSC_8051.jpg\"><img loading=\"lazy\" decoding=\"async\" src=\"https:\/\/www.feuerwehr-matzen.at\/wp-content\/uploads\/2018\/06\/DSC_8051-150x150.jpg\" alt=\"DSC_8051\" width=\"150\" height=\"150\" class=\"alignleft size-thumbnail wp-image-5383\" \/><\/a><\/p>\n<p><a href=\"https:\/\/www.feuerwehr-matzen.at\/wp-content\/uploads\/2018\/06\/DSC_8076.jpg\"><img loading=\"lazy\" decoding=\"async\" src=\"https:\/\/www.feuerwehr-matzen.at\/wp-content\/uploads\/2018\/06\/DSC_8076-150x150.jpg\" alt=\"DSC_8076\" width=\"150\" height=\"150\" class=\"alignleft size-thumbnail wp-image-5384\" \/><\/a><\/p>\n<p><a href=\"https:\/\/www.feuerwehr-matzen.at\/wp-content\/uploads\/2018\/06\/DSC_8084.jpg\"><img loading=\"lazy\" decoding=\"async\" src=\"https:\/\/www.feuerwehr-matzen.at\/wp-content\/uploads\/2018\/06\/DSC_8084-150x150.jpg\" alt=\"DSC_8084\" width=\"150\" height=\"150\" class=\"alignleft size-thumbnail wp-image-5385\" \/><\/a><\/p>\n","protected":false},"excerpt":{"rendered":"<p>Feuerwehr-Beachvolleyballturnier Das 2. Feuerwehr-Beachvolleyallturnier startete am 14. Juli 2018 mit der Auslosung der 12 Teams um 09:30 Uhr. Viele bekannte Gesichter k\u00e4mpften um den Turniersieg, den sich am Schluss die Mannschaft \u201eBeachbugs\u201c sicherte. Die Feuerwehrkameraden sorgten den ganzen Tag \u00fcber <a class=\"more-link\" href=\"https:\/\/www.feuerwehr-matzen.at\/?page_id=5389\">weiterlesen  <span class=\"screen-reader-text\">  14. Juli 2018<\/span><span class=\"meta-nav\">&rarr;<\/span><\/a><\/p>\n","protected":false},"author":6,"featured_media":0,"parent":0,"menu_order":0,"comment_status":"closed","ping_status":"closed","template":"","meta":{"footnotes":""},"class_list":["post-5389","page","type-page","status-publish","hentry"],"_links":{"self":[{"href":"https:\/\/www.feuerwehr-matzen.at\/index.php?rest_route=\/wp\/v2\/pages\/5389","targetHints":{"allow":["GET"]}}],"collection":[{"href":"https:\/\/www.feuerwehr-matzen.at\/index.php?rest_route=\/wp\/v2\/pages"}],"about":[{"href":"https:\/\/www.feuerwehr-matzen.at\/index.php?rest_route=\/wp\/v2\/types\/page"}],"author":[{"embeddable":true,"href":"https:\/\/www.feuerwehr-matzen.at\/index.php?rest_route=\/wp\/v2\/users\/6"}],"replies":[{"embeddable":true,"href":"https:\/\/www.feuerwehr-matzen.at\/index.php?rest_route=%2Fwp%2Fv2%2Fcomments&post=5389"}],"version-history":[{"count":2,"href":"https:\/\/www.feuerwehr-matzen.at\/index.php?rest_route=\/wp\/v2\/pages\/5389\/revisions"}],"predecessor-version":[{"id":5549,"href":"https:\/\/www.feuerwehr-matzen.at\/index.php?rest_route=\/wp\/v2\/pages\/5389\/revisions\/5549"}],"wp:attachment":[{"href":"https:\/\/www.feuerwehr-matzen.at\/index.php?rest_route=%2Fwp%2Fv2%2Fmedia&parent=5389"}],"curies":[{"name":"wp","href":"https:\/\/api.w.org\/{rel}","templated":true}]}}