{"id":5506,"date":"2018-09-15T11:53:09","date_gmt":"2018-09-15T09:53:09","guid":{"rendered":"http:\/\/www.feuerwehr-matzen.at\/?page_id=5506"},"modified":"2020-09-18T14:15:23","modified_gmt":"2020-09-18T12:15:23","slug":"15-september-2018","status":"publish","type":"page","link":"https:\/\/www.feuerwehr-matzen.at\/?page_id=5506","title":{"rendered":"15. September 2018"},"content":{"rendered":"<p><strong>Atemschutzleistungstest<\/strong><a title=\"\u00dcbungen 2018\" href=\"https:\/\/www.feuerwehr-matzen.at\/?page_id=5330\"><img loading=\"lazy\" decoding=\"async\" class=\"alignright size-full wp-image-1833\" src=\"https:\/\/www.feuerwehr-matzen.at\/wp-content\/uploads\/2013\/07\/return.jpg\" alt=\"return\" width=\"65\" height=\"30\" \/><\/a><\/p>\n<p>Am 15. September 2018 wurde bei der Feuerwehr Matzen die Leistungs\u00fcberpr\u00fcfung f\u00fcr Atemschutzger\u00e4tetr\u00e4ger abgehalten. Im \u201eFinnentest\u201c m\u00fcssen 5 Stationen in einer vorgeschriebenen Zeit bew\u00e4ltigt werden. Gestartet wird mit 2 Mal 100 Meter gehen, davon einmal mit 2 Kanister. Danach m\u00fcssen 90 Stiegen bew\u00e4ltigt werden. Nachdem ein LKW Reifen \u00fcber eine Strecke von 3 Metern mit einem Vorschlaghammer bewegt werden. Im Anschluss m\u00fcssen 3 Hindernisse dreimal untergekrochen und \u00fcberstiegen werden. Als letzte Station muss ein C-Schlauch einfach gerollt werden. Nat\u00fcrlich werden alle Stationen mit vollst\u00e4ndiger Einsatzbekleidung und Atemschutzger\u00e4t absolviert. Alle Atemschutzger\u00e4tetr\u00e4ger der Feuerwehr Matzen konnten den Leistungstest erfolgreich abschlie\u00dfen. Im Anschluss gab es eine St\u00e4rkung f\u00fcr die ersch\u00f6pften Mitglieder.<\/p>\n<p><a href=\"https:\/\/www.feuerwehr-matzen.at\/wp-content\/uploads\/2018\/09\/IMAG0938.jpg\"><img loading=\"lazy\" decoding=\"async\" src=\"https:\/\/www.feuerwehr-matzen.at\/wp-content\/uploads\/2018\/09\/IMAG0938-150x150.jpg\" alt=\"\" width=\"150\" height=\"150\" class=\"alignleft size-thumbnail wp-image-5507\" \/><\/a><\/p>\n<p><a href=\"https:\/\/www.feuerwehr-matzen.at\/wp-content\/uploads\/2018\/09\/IMAG0939.jpg\"><img loading=\"lazy\" decoding=\"async\" src=\"https:\/\/www.feuerwehr-matzen.at\/wp-content\/uploads\/2018\/09\/IMAG0939-150x150.jpg\" alt=\"\" width=\"150\" height=\"150\" class=\"alignleft size-thumbnail wp-image-5508\" \/><\/a><\/p>\n<p><a href=\"https:\/\/www.feuerwehr-matzen.at\/wp-content\/uploads\/2018\/09\/IMAG0940.jpg\"><img loading=\"lazy\" decoding=\"async\" src=\"https:\/\/www.feuerwehr-matzen.at\/wp-content\/uploads\/2018\/09\/IMAG0940-150x150.jpg\" alt=\"\" width=\"150\" height=\"150\" class=\"alignleft size-thumbnail wp-image-5509\" \/><\/a><\/p>\n","protected":false},"excerpt":{"rendered":"<p>Atemschutzleistungstest Am 15. September 2018 wurde bei der Feuerwehr Matzen die Leistungs\u00fcberpr\u00fcfung f\u00fcr Atemschutzger\u00e4tetr\u00e4ger abgehalten. Im \u201eFinnentest\u201c m\u00fcssen 5 Stationen in einer vorgeschriebenen Zeit bew\u00e4ltigt werden. Gestartet wird mit 2 Mal 100 Meter gehen, davon einmal mit 2 Kanister. Danach <a class=\"more-link\" href=\"https:\/\/www.feuerwehr-matzen.at\/?page_id=5506\">weiterlesen  <span class=\"screen-reader-text\">  15. September 2018<\/span><span class=\"meta-nav\">&rarr;<\/span><\/a><\/p>\n","protected":false},"author":6,"featured_media":0,"parent":0,"menu_order":0,"comment_status":"closed","ping_status":"closed","template":"","meta":{"footnotes":""},"class_list":["post-5506","page","type-page","status-publish","hentry"],"_links":{"self":[{"href":"https:\/\/www.feuerwehr-matzen.at\/index.php?rest_route=\/wp\/v2\/pages\/5506","targetHints":{"allow":["GET"]}}],"collection":[{"href":"https:\/\/www.feuerwehr-matzen.at\/index.php?rest_route=\/wp\/v2\/pages"}],"about":[{"href":"https:\/\/www.feuerwehr-matzen.at\/index.php?rest_route=\/wp\/v2\/types\/page"}],"author":[{"embeddable":true,"href":"https:\/\/www.feuerwehr-matzen.at\/index.php?rest_route=\/wp\/v2\/users\/6"}],"replies":[{"embeddable":true,"href":"https:\/\/www.feuerwehr-matzen.at\/index.php?rest_route=%2Fwp%2Fv2%2Fcomments&post=5506"}],"version-history":[{"count":2,"href":"https:\/\/www.feuerwehr-matzen.at\/index.php?rest_route=\/wp\/v2\/pages\/5506\/revisions"}],"predecessor-version":[{"id":5928,"href":"https:\/\/www.feuerwehr-matzen.at\/index.php?rest_route=\/wp\/v2\/pages\/5506\/revisions\/5928"}],"wp:attachment":[{"href":"https:\/\/www.feuerwehr-matzen.at\/index.php?rest_route=%2Fwp%2Fv2%2Fmedia&parent=5506"}],"curies":[{"name":"wp","href":"https:\/\/api.w.org\/{rel}","templated":true}]}}