{"id":5685,"date":"2019-01-09T12:49:17","date_gmt":"2019-01-09T10:49:17","guid":{"rendered":"http:\/\/www.feuerwehr-matzen.at\/?page_id=5685"},"modified":"2020-09-18T14:15:11","modified_gmt":"2020-09-18T12:15:11","slug":"09-jaenner-2019","status":"publish","type":"page","link":"https:\/\/www.feuerwehr-matzen.at\/?page_id=5685","title":{"rendered":"09. J\u00e4nner 2019"},"content":{"rendered":"<p><strong>Fahrzeugbergung<\/strong><a title=\"Eins\u00e4tze\" href=\"https:\/\/www.feuerwehr-matzen.at\/?page_id=5620\"><img loading=\"lazy\" decoding=\"async\" class=\"alignright size-full wp-image-1833\" src=\"https:\/\/www.feuerwehr-matzen.at\/wp-content\/uploads\/2013\/07\/return.jpg\" alt=\"return\" width=\"65\" height=\"30\" \/><\/a><\/p>\n<p>Am 9. J\u00e4nner 2019 wurde die Feuerwehr Matzen um 06:48 Uhr mittels Sirene, BlaulichtSMS und Pager zu einer Fahrzeugbergung auf der L18 Richtung Sch\u00f6nkirchen-Reyersdorf alarmiert. Ein PKW rutschte in den Graben und w\u00e4hlte den Notruf. Nach dem Bremsman\u00f6ver vor der Unfallstelle kam ein zweites Fahrzeug ins Schleudern, rutschte in Folge in den Stra\u00dfengraben und kam nach der Kollision mit der B\u00f6schung auf der Fahrerseite zum Stillstand. Wenige Minuten nach der Alarmierung r\u00fcckten 11 Mann mit 2 Fahrzeugen zum Einsatzort aus. Unverz\u00fcglich wurde die Einsatzstelle abgesichert. Unter Zuhilfenahme von zwei Steckleitern wurde das seitlich liegende Fahrzeug behutsam wieder auf die R\u00e4der  gestellt. Nach der Demontage der durch den Anprall gelockerten Dachgalerie, konnte der PKW-Lenker seine Fahrt fortsetzen. Das zweite Unfallfahrzeug wurde auf die Stra\u00dfe geschoben und musste anschlie\u00dfend aufgrund der Besch\u00e4digungen abtransportiert werden. Noch w\u00e4hrend des Einsatzes traf der alarmierte Streudienst ein. Nach rund 1 Stunde konnten die Matzner Florianij\u00fcnger, sowie das RK G\u00e4nserndorf und die Polizei wieder abr\u00fccken.<\/p>\n<p>Im Einsatz befindliche Fahrzeuge: RLF-A 2000, KDO<br \/>\nMannschaftsst\u00e4rke: 11<br \/>\nsonstige Einsatzkr\u00e4fte: RK G\u00e4nserndorf, Polizei, Stra\u00dfenmeisterei<\/p>\n<p><a href=\"https:\/\/www.feuerwehr-matzen.at\/wp-content\/uploads\/2019\/01\/DSC02966.jpg\"><img loading=\"lazy\" decoding=\"async\" src=\"https:\/\/www.feuerwehr-matzen.at\/wp-content\/uploads\/2019\/01\/DSC02966-150x150.jpg\" alt=\"\" width=\"150\" height=\"150\" class=\"alignleft size-thumbnail wp-image-5686\" \/><\/a><\/p>\n<p><a href=\"https:\/\/www.feuerwehr-matzen.at\/wp-content\/uploads\/2019\/01\/DSC02970.jpg\"><img loading=\"lazy\" decoding=\"async\" src=\"https:\/\/www.feuerwehr-matzen.at\/wp-content\/uploads\/2019\/01\/DSC02970-150x150.jpg\" alt=\"\" width=\"150\" height=\"150\" class=\"alignleft size-thumbnail wp-image-5687\" \/><\/a><\/p>\n<p><a href=\"https:\/\/www.feuerwehr-matzen.at\/wp-content\/uploads\/2019\/01\/DSC02971.jpg\"><img loading=\"lazy\" decoding=\"async\" src=\"https:\/\/www.feuerwehr-matzen.at\/wp-content\/uploads\/2019\/01\/DSC02971-150x150.jpg\" alt=\"\" width=\"150\" height=\"150\" class=\"alignleft size-thumbnail wp-image-5688\" \/><\/a><\/p>\n<p><a href=\"https:\/\/www.feuerwehr-matzen.at\/wp-content\/uploads\/2019\/01\/DSC02973.jpg\"><img loading=\"lazy\" decoding=\"async\" src=\"https:\/\/www.feuerwehr-matzen.at\/wp-content\/uploads\/2019\/01\/DSC02973-150x150.jpg\" alt=\"\" width=\"150\" height=\"150\" class=\"alignleft size-thumbnail wp-image-5689\" \/><\/a><\/p>\n<p><a href=\"https:\/\/www.feuerwehr-matzen.at\/wp-content\/uploads\/2019\/01\/DSC02975.jpg\"><img loading=\"lazy\" decoding=\"async\" src=\"https:\/\/www.feuerwehr-matzen.at\/wp-content\/uploads\/2019\/01\/DSC02975-150x150.jpg\" alt=\"\" width=\"150\" height=\"150\" class=\"alignleft size-thumbnail wp-image-5690\" \/><\/a><\/p>\n<p><a href=\"https:\/\/www.feuerwehr-matzen.at\/wp-content\/uploads\/2019\/01\/DSC02977.jpg\"><img loading=\"lazy\" decoding=\"async\" src=\"https:\/\/www.feuerwehr-matzen.at\/wp-content\/uploads\/2019\/01\/DSC02977-150x150.jpg\" alt=\"\" width=\"150\" height=\"150\" class=\"alignleft size-thumbnail wp-image-5691\" \/><\/a><\/p>\n<p><a href=\"https:\/\/www.feuerwehr-matzen.at\/wp-content\/uploads\/2019\/01\/DSC02978.jpg\"><img loading=\"lazy\" decoding=\"async\" src=\"https:\/\/www.feuerwehr-matzen.at\/wp-content\/uploads\/2019\/01\/DSC02978-150x150.jpg\" alt=\"\" width=\"150\" height=\"150\" class=\"alignleft size-thumbnail wp-image-5692\" \/><\/a><\/p>\n","protected":false},"excerpt":{"rendered":"<p>Fahrzeugbergung Am 9. J\u00e4nner 2019 wurde die Feuerwehr Matzen um 06:48 Uhr mittels Sirene, BlaulichtSMS und Pager zu einer Fahrzeugbergung auf der L18 Richtung Sch\u00f6nkirchen-Reyersdorf alarmiert. Ein PKW rutschte in den Graben und w\u00e4hlte den Notruf. Nach dem Bremsman\u00f6ver vor <a class=\"more-link\" href=\"https:\/\/www.feuerwehr-matzen.at\/?page_id=5685\">weiterlesen  <span class=\"screen-reader-text\">  09. J\u00e4nner 2019<\/span><span class=\"meta-nav\">&rarr;<\/span><\/a><\/p>\n","protected":false},"author":6,"featured_media":0,"parent":0,"menu_order":0,"comment_status":"closed","ping_status":"closed","template":"","meta":{"footnotes":""},"class_list":["post-5685","page","type-page","status-publish","hentry"],"_links":{"self":[{"href":"https:\/\/www.feuerwehr-matzen.at\/index.php?rest_route=\/wp\/v2\/pages\/5685","targetHints":{"allow":["GET"]}}],"collection":[{"href":"https:\/\/www.feuerwehr-matzen.at\/index.php?rest_route=\/wp\/v2\/pages"}],"about":[{"href":"https:\/\/www.feuerwehr-matzen.at\/index.php?rest_route=\/wp\/v2\/types\/page"}],"author":[{"embeddable":true,"href":"https:\/\/www.feuerwehr-matzen.at\/index.php?rest_route=\/wp\/v2\/users\/6"}],"replies":[{"embeddable":true,"href":"https:\/\/www.feuerwehr-matzen.at\/index.php?rest_route=%2Fwp%2Fv2%2Fcomments&post=5685"}],"version-history":[{"count":3,"href":"https:\/\/www.feuerwehr-matzen.at\/index.php?rest_route=\/wp\/v2\/pages\/5685\/revisions"}],"predecessor-version":[{"id":5696,"href":"https:\/\/www.feuerwehr-matzen.at\/index.php?rest_route=\/wp\/v2\/pages\/5685\/revisions\/5696"}],"wp:attachment":[{"href":"https:\/\/www.feuerwehr-matzen.at\/index.php?rest_route=%2Fwp%2Fv2%2Fmedia&parent=5685"}],"curies":[{"name":"wp","href":"https:\/\/api.w.org\/{rel}","templated":true}]}}