{"id":5700,"date":"2019-01-14T14:34:26","date_gmt":"2019-01-14T12:34:26","guid":{"rendered":"http:\/\/www.feuerwehr-matzen.at\/?page_id=5700"},"modified":"2020-09-18T14:15:23","modified_gmt":"2020-09-18T12:15:23","slug":"12-jaenner-2019","status":"publish","type":"page","link":"https:\/\/www.feuerwehr-matzen.at\/?page_id=5700","title":{"rendered":"12. J\u00e4nner 2019"},"content":{"rendered":"<p><strong>Feuerwehrball<\/strong><a title=\"Veranstaltungen 2015\" href=\"https:\/\/www.feuerwehr-matzen.at\/?page_id=5697\"><img loading=\"lazy\" decoding=\"async\" class=\"alignright size-full wp-image-1833\" alt=\"return\" src=\"https:\/\/www.feuerwehr-matzen.at\/wp-content\/uploads\/2013\/07\/return.jpg\" width=\"65\" height=\"30\" \/><\/a><\/p>\n<p>Die Ballsaison 2019 wurde mit dem Feuerwehrball der Silberhelme aus Matzen am 12. J\u00e4nner gestartet. Kurz nach 20:00 Uhr wurde es im Ballsaal finster und aus den Lautsprechern schallte die Sirene, der die Meldung: &#8222;Hier Florian Mistelbach um 20:14 Uhr. Technischer Einsatz f\u00fcr die Feuerwehr Matzen. Personensuche im Optimum Matzen, Ehrendamen werden gesucht.&#8220; folgte. Nur Augenblicke sp\u00e4ter erblickten die G\u00e4ste das Blaulicht durch die Notausg\u00e4nge, dem 2 ausger\u00fcstete Atemschutztrupps folgten. Mittels W\u00e4rmebildkamera und Lampen wurde nach den Ehrendamen gesucht. Mittlerweile wurde das Gel\u00e4chter im Ballsaal lauter, bis die Paare aus Ehrendamen und Feuerwehrkameraden vollst\u00e4ndig waren. Das Licht ging wieder an und zu den Kl\u00e4ngen aus den Lautsprechern wurde die Polonaise aufgef\u00fchrt. Im Anschluss begr\u00fc\u00dfte Feuerwehrkommandant HBI Neubauer Manfred die G\u00e4ste, bevor der Feuerwehrball durch einen Walzer er\u00f6ffnet wurde. Die Musikgruppe &#8222;Soundbox&#8220; sorgte mit ihren Kl\u00e4ngen das die bereits gef\u00fclte Tanzfl\u00e4che den Abend \u00fcber voll blieb. Speis und Trank wurde wie in den vergangenen Jahren vom Team rund um das Cafe Optimum Matzen serviert. Um Mitternacht erfolgte die Verlosung der gro\u00dfen Tombola. In der Bar wurden die G\u00e4ste von den Kameraden der Feuerwehr Matzen mit reichlich Nachschub versorgt. Bis in die fr\u00fchen Morgenstunden feierten unz\u00e4hlige Gemeindeb\u00fcrger im Kreise ihrer Feuerwehr. Auf diesem Wege bedanken sich die Florianij\u00fcnger der Ortsfeuerwehr bei ihren G\u00e4sten, den Tombolaspendern und allen die diesen Ball zu einer unvergessliche Nacht machten.<\/p>\n<p><a href=\"https:\/\/www.feuerwehr-matzen.at\/wp-content\/uploads\/2019\/01\/IMAG0120.jpg\"><img loading=\"lazy\" decoding=\"async\" src=\"https:\/\/www.feuerwehr-matzen.at\/wp-content\/uploads\/2019\/01\/IMAG0120-150x150.jpg\" alt=\"\" width=\"150\" height=\"150\" class=\"alignleft size-thumbnail wp-image-5702\" \/><\/a><\/p>\n<p><a href=\"https:\/\/www.feuerwehr-matzen.at\/wp-content\/uploads\/2019\/01\/IMAG0122.jpg\"><img loading=\"lazy\" decoding=\"async\" src=\"https:\/\/www.feuerwehr-matzen.at\/wp-content\/uploads\/2019\/01\/IMAG0122-150x150.jpg\" alt=\"\" width=\"150\" height=\"150\" class=\"alignleft size-thumbnail wp-image-5703\" \/><\/a><\/p>\n<p><a href=\"https:\/\/www.feuerwehr-matzen.at\/wp-content\/uploads\/2019\/01\/IMAG0128.jpg\"><img loading=\"lazy\" decoding=\"async\" src=\"https:\/\/www.feuerwehr-matzen.at\/wp-content\/uploads\/2019\/01\/IMAG0128-150x150.jpg\" alt=\"\" width=\"150\" height=\"150\" class=\"alignleft size-thumbnail wp-image-5704\" \/><\/a><\/p>\n<p><a href=\"https:\/\/www.feuerwehr-matzen.at\/wp-content\/uploads\/2019\/01\/IMAG0132.jpg\"><img loading=\"lazy\" decoding=\"async\" src=\"https:\/\/www.feuerwehr-matzen.at\/wp-content\/uploads\/2019\/01\/IMAG0132-150x150.jpg\" alt=\"\" width=\"150\" height=\"150\" class=\"alignleft size-thumbnail wp-image-5705\" \/><\/a><\/p>\n<p><a href=\"https:\/\/www.feuerwehr-matzen.at\/wp-content\/uploads\/2019\/01\/IMAG0133.jpg\"><img loading=\"lazy\" decoding=\"async\" src=\"https:\/\/www.feuerwehr-matzen.at\/wp-content\/uploads\/2019\/01\/IMAG0133-150x150.jpg\" alt=\"\" width=\"150\" height=\"150\" class=\"alignleft size-thumbnail wp-image-5706\" \/><\/a><\/p>\n<p><a href=\"https:\/\/www.feuerwehr-matzen.at\/wp-content\/uploads\/2019\/01\/IMAG0135.jpg\"><img loading=\"lazy\" decoding=\"async\" src=\"https:\/\/www.feuerwehr-matzen.at\/wp-content\/uploads\/2019\/01\/IMAG0135-150x150.jpg\" alt=\"\" width=\"150\" height=\"150\" class=\"alignleft size-thumbnail wp-image-5707\" \/><\/a><\/p>\n<p><a href=\"https:\/\/www.feuerwehr-matzen.at\/wp-content\/uploads\/2019\/01\/IMAG0138.jpg\"><img loading=\"lazy\" decoding=\"async\" src=\"https:\/\/www.feuerwehr-matzen.at\/wp-content\/uploads\/2019\/01\/IMAG0138-150x150.jpg\" alt=\"\" width=\"150\" height=\"150\" class=\"alignleft size-thumbnail wp-image-5708\" \/><\/a><\/p>\n<p><a href=\"https:\/\/www.feuerwehr-matzen.at\/wp-content\/uploads\/2019\/01\/IMAG0141.jpg\"><img loading=\"lazy\" decoding=\"async\" src=\"https:\/\/www.feuerwehr-matzen.at\/wp-content\/uploads\/2019\/01\/IMAG0141-150x150.jpg\" alt=\"\" width=\"150\" height=\"150\" class=\"alignleft size-thumbnail wp-image-5709\" \/><\/a><\/p>\n<p><a href=\"https:\/\/www.feuerwehr-matzen.at\/wp-content\/uploads\/2019\/01\/IMAG0143.jpg\"><img loading=\"lazy\" decoding=\"async\" src=\"https:\/\/www.feuerwehr-matzen.at\/wp-content\/uploads\/2019\/01\/IMAG0143-150x150.jpg\" alt=\"\" width=\"150\" height=\"150\" class=\"alignleft size-thumbnail wp-image-5710\" \/><\/a><\/p>\n<p><a href=\"https:\/\/www.feuerwehr-matzen.at\/wp-content\/uploads\/2019\/01\/IMAG0144.jpg\"><img loading=\"lazy\" decoding=\"async\" src=\"https:\/\/www.feuerwehr-matzen.at\/wp-content\/uploads\/2019\/01\/IMAG0144-150x150.jpg\" alt=\"\" width=\"150\" height=\"150\" class=\"alignleft size-thumbnail wp-image-5711\" \/><\/a><\/p>\n<p><a href=\"https:\/\/www.feuerwehr-matzen.at\/wp-content\/uploads\/2019\/01\/IMAG0149.jpg\"><img loading=\"lazy\" decoding=\"async\" src=\"https:\/\/www.feuerwehr-matzen.at\/wp-content\/uploads\/2019\/01\/IMAG0149-150x150.jpg\" alt=\"\" width=\"150\" height=\"150\" class=\"alignleft size-thumbnail wp-image-5712\" \/><\/a><\/p>\n","protected":false},"excerpt":{"rendered":"<p>Feuerwehrball Die Ballsaison 2019 wurde mit dem Feuerwehrball der Silberhelme aus Matzen am 12. J\u00e4nner gestartet. Kurz nach 20:00 Uhr wurde es im Ballsaal finster und aus den Lautsprechern schallte die Sirene, der die Meldung: &#8222;Hier Florian Mistelbach um 20:14 <a class=\"more-link\" href=\"https:\/\/www.feuerwehr-matzen.at\/?page_id=5700\">weiterlesen  <span class=\"screen-reader-text\">  12. J\u00e4nner 2019<\/span><span class=\"meta-nav\">&rarr;<\/span><\/a><\/p>\n","protected":false},"author":6,"featured_media":0,"parent":0,"menu_order":0,"comment_status":"closed","ping_status":"closed","template":"","meta":{"footnotes":""},"class_list":["post-5700","page","type-page","status-publish","hentry"],"_links":{"self":[{"href":"https:\/\/www.feuerwehr-matzen.at\/index.php?rest_route=\/wp\/v2\/pages\/5700","targetHints":{"allow":["GET"]}}],"collection":[{"href":"https:\/\/www.feuerwehr-matzen.at\/index.php?rest_route=\/wp\/v2\/pages"}],"about":[{"href":"https:\/\/www.feuerwehr-matzen.at\/index.php?rest_route=\/wp\/v2\/types\/page"}],"author":[{"embeddable":true,"href":"https:\/\/www.feuerwehr-matzen.at\/index.php?rest_route=\/wp\/v2\/users\/6"}],"replies":[{"embeddable":true,"href":"https:\/\/www.feuerwehr-matzen.at\/index.php?rest_route=%2Fwp%2Fv2%2Fcomments&post=5700"}],"version-history":[{"count":4,"href":"https:\/\/www.feuerwehr-matzen.at\/index.php?rest_route=\/wp\/v2\/pages\/5700\/revisions"}],"predecessor-version":[{"id":5716,"href":"https:\/\/www.feuerwehr-matzen.at\/index.php?rest_route=\/wp\/v2\/pages\/5700\/revisions\/5716"}],"wp:attachment":[{"href":"https:\/\/www.feuerwehr-matzen.at\/index.php?rest_route=%2Fwp%2Fv2%2Fmedia&parent=5700"}],"curies":[{"name":"wp","href":"https:\/\/api.w.org\/{rel}","templated":true}]}}