{"id":5732,"date":"2019-02-02T09:28:17","date_gmt":"2019-02-02T07:28:17","guid":{"rendered":"http:\/\/www.feuerwehr-matzen.at\/?page_id=5732"},"modified":"2020-09-18T14:15:45","modified_gmt":"2020-09-18T12:15:45","slug":"uebungen-2019","status":"publish","type":"page","link":"https:\/\/www.feuerwehr-matzen.at\/?page_id=5732","title":{"rendered":"\u00dcbungen 2019"},"content":{"rendered":"<table style=\"table-layout: fixed; text-align: left;\" border=\"0\">\n<tbody>\n<tr>\n<th class=\"ffdatum\">26. Oktober<\/th>\n<td class=\"fftext\">Ausbildungspr\u00fcfung<\/td>\n<td class=\"fffoto\">\n<td class=\"fffoto\"><a title=\"26. Oktober 2019\" href=\"https:\/\/www.feuerwehr-matzen.at\/?page_id=6179\"><img decoding=\"async\" src=\"https:\/\/www.feuerwehr-matzen.at\/wp-content\/uploads\/2013\/07\/bericht_bilder.png\" alt=\"Bericht und Fotos\" \/><\/a><\/td>\n<\/tr>\n<tr>\n<th class=\"ffdatum\">15. Oktober<\/th>\n<td class=\"fftext\">Sauergas\u00fcbung<\/td>\n<td class=\"fffoto\">\n<td class=\"fffoto\"><a title=\"15. Oktober 2019\" href=\"https:\/\/www.feuerwehr-matzen.at\/?page_id=6155\"><img decoding=\"async\" src=\"https:\/\/www.feuerwehr-matzen.at\/wp-content\/uploads\/2013\/07\/bericht_bilder.png\" alt=\"Bericht und Fotos\" \/><\/a><\/td>\n<\/tr>\n<tr>\n<th class=\"ffdatum\">07. September<\/th>\n<td class=\"fftext\">Finnentest<\/td>\n<td class=\"fffoto\">\n<td class=\"fffoto\"><a title=\"07. September 2019\" href=\"https:\/\/www.feuerwehr-matzen.at\/?page_id=6089\"><img decoding=\"async\" src=\"https:\/\/www.feuerwehr-matzen.at\/wp-content\/uploads\/2013\/07\/bericht_bilder.png\" alt=\"Bericht und Fotos\" \/><\/a><\/td>\n<\/tr>\n<tr>\n<th class=\"ffdatum\">13. April<\/th>\n<td class=\"fftext\">UA-Inspektions\u00fcbung<\/td>\n<td class=\"fffoto\">\n<td class=\"fffoto\"><a title=\"13. April 2019\" href=\"https:\/\/www.feuerwehr-matzen.at\/?page_id=5919\"><img decoding=\"async\" src=\"https:\/\/www.feuerwehr-matzen.at\/wp-content\/uploads\/2013\/07\/bericht_bilder.png\" alt=\"Bericht und Fotos\" \/><\/a><\/td>\n<\/tr>\n<tr>\n<th class=\"ffdatum\">06. April<\/th>\n<td class=\"fftext\">Abschnittsinspektions\u00fcbung<\/td>\n<td class=\"fffoto\">\n<td class=\"fffoto\"><a title=\"06. April 2019\" href=\"https:\/\/www.feuerwehr-matzen.at\/?page_id=5550\"><img decoding=\"async\" src=\"https:\/\/www.feuerwehr-matzen.at\/wp-content\/uploads\/2013\/07\/bericht_bilder.png\" alt=\"Bericht und Fotos\" \/><\/a><\/td>\n<\/tr>\n<tr>\n<th class=\"ffdatum\">02. April<\/th>\n<td class=\"fftext\">Erste-Hilfe Ausbildung<\/td>\n<td class=\"fffoto\"><\/td>\n<\/tr>\n<tr>\n<th class=\"ffdatum\">27.M\u00e4rz<\/th>\n<td class=\"fftext\">Erste-Hilfe Ausbildung<\/td>\n<td class=\"fffoto\"><\/td>\n<\/tr>\n<tr>\n<th class=\"ffdatum\">25.M\u00e4rz<\/th>\n<td class=\"fftext\">Chargenschulung<\/td>\n<td class=\"fffoto\"><\/td>\n<\/tr>\n<tr>\n<th class=\"ffdatum\">21.M\u00e4rz<\/th>\n<td class=\"fftext\">Erste-Hilfe Ausbildung<\/td>\n<td class=\"fffoto\"><\/td>\n<\/tr>\n<tr>\n<th class=\"ffdatum\">16. Februar<\/th>\n<td class=\"fftext\">Atemschutzausbildung<\/td>\n<td class=\"fffoto\"><\/td>\n<\/tr>\n<tr>\n<th class=\"ffdatum\">28.J\u00e4nner<\/th>\n<td class=\"fftext\">Winterschulung<\/td>\n<td class=\"fffoto\"><\/td>\n<\/tr>\n<\/tbody>\n<\/table>\n","protected":false},"excerpt":{"rendered":"<p>26. Oktober Ausbildungspr\u00fcfung 15. Oktober Sauergas\u00fcbung 07. September Finnentest 13. April UA-Inspektions\u00fcbung 06. April Abschnittsinspektions\u00fcbung 02. April Erste-Hilfe Ausbildung 27.M\u00e4rz Erste-Hilfe Ausbildung 25.M\u00e4rz Chargenschulung 21.M\u00e4rz Erste-Hilfe Ausbildung 16. Februar Atemschutzausbildung 28.J\u00e4nner Winterschulung<\/p>\n","protected":false},"author":6,"featured_media":0,"parent":0,"menu_order":0,"comment_status":"closed","ping_status":"closed","template":"","meta":{"footnotes":""},"class_list":["post-5732","page","type-page","status-publish","hentry"],"_links":{"self":[{"href":"https:\/\/www.feuerwehr-matzen.at\/index.php?rest_route=\/wp\/v2\/pages\/5732","targetHints":{"allow":["GET"]}}],"collection":[{"href":"https:\/\/www.feuerwehr-matzen.at\/index.php?rest_route=\/wp\/v2\/pages"}],"about":[{"href":"https:\/\/www.feuerwehr-matzen.at\/index.php?rest_route=\/wp\/v2\/types\/page"}],"author":[{"embeddable":true,"href":"https:\/\/www.feuerwehr-matzen.at\/index.php?rest_route=\/wp\/v2\/users\/6"}],"replies":[{"embeddable":true,"href":"https:\/\/www.feuerwehr-matzen.at\/index.php?rest_route=%2Fwp%2Fv2%2Fcomments&post=5732"}],"version-history":[{"count":9,"href":"https:\/\/www.feuerwehr-matzen.at\/index.php?rest_route=\/wp\/v2\/pages\/5732\/revisions"}],"predecessor-version":[{"id":6362,"href":"https:\/\/www.feuerwehr-matzen.at\/index.php?rest_route=\/wp\/v2\/pages\/5732\/revisions\/6362"}],"wp:attachment":[{"href":"https:\/\/www.feuerwehr-matzen.at\/index.php?rest_route=%2Fwp%2Fv2%2Fmedia&parent=5732"}],"curies":[{"name":"wp","href":"https:\/\/api.w.org\/{rel}","templated":true}]}}