{"id":5735,"date":"2019-02-02T21:51:06","date_gmt":"2019-02-02T19:51:06","guid":{"rendered":"http:\/\/www.feuerwehr-matzen.at\/?page_id=5735"},"modified":"2020-09-18T14:15:11","modified_gmt":"2020-09-18T12:15:11","slug":"02-februar-2019-2","status":"publish","type":"page","link":"https:\/\/www.feuerwehr-matzen.at\/?page_id=5735","title":{"rendered":"02. Februar 2019"},"content":{"rendered":"<p><strong>Zimmerbrand<\/strong><a title=\"Eins\u00e4tze\" href=\"https:\/\/www.feuerwehr-matzen.at\/?page_id=5620\"><img loading=\"lazy\" decoding=\"async\" class=\"alignright size-full wp-image-1833\" src=\"https:\/\/www.feuerwehr-matzen.at\/wp-content\/uploads\/2013\/07\/return.jpg\" alt=\"return\" width=\"65\" height=\"30\" \/><\/a><\/p>\n<p>Zweiter Alarm am heutigen Tag. Dieses Mal wurde die Feuerwehr Matzen am 2. Februar 2019 um 19:43 Uhr mittels Sirene, BlaulichtSMS und Pager zu einem Zimmerbrand auf der Hauptstra\u00dfe in Matzen mit der Zusatzinfo Ofenbrand alarmiert. Unverz\u00fcglich r\u00fcckten 16 Mann mit 3 Fahrzeugen zum Einsatzort aus. Aufgrund der Alarmstufe wurden zeitgleich die Feuerwehren Raggendorf und Gro\u00df Schweinbarth mitalarmiert. Bei der Erkundung durch den Einsatzleiter wurde festgestellt, dass es sich um einen Kabelbrand handelte, der vom Besitzer bereits mittels Pulverl\u00f6scher erfolgreich bek\u00e4mpft wurde. Da die Nachbarfeuerwehren nicht mehr ben\u00f6tigt wurden, konnte diese nach der Ankunft am Einsatzort wieder abr\u00fccken. Nachdem die Brandstelle mittels W\u00e4rmebildkamera kontrolliert und die verrauchten R\u00e4ume mit dem Druckbel\u00fcfter entraucht wurden, konnten auch die Silberhelme aus Matzen nach rund 45 Minuten wieder abr\u00fccken.<\/p>\n<p>Im Einsatz befindliche Fahrzeuge: RLF-A 2000, KDOF, LAST<br \/>\nMannschaftsst\u00e4rke: 16<br \/>\nSonstige Einsatzkr\u00e4fte: FF Gro\u00df Schweinbarth, FF Raggendorf, Polizei<\/p>\n<p><a href=\"https:\/\/www.feuerwehr-matzen.at\/wp-content\/uploads\/2019\/02\/DSC03041.jpg\"><img loading=\"lazy\" decoding=\"async\" src=\"https:\/\/www.feuerwehr-matzen.at\/wp-content\/uploads\/2019\/02\/DSC03041-150x150.jpg\" alt=\"\" width=\"150\" height=\"150\" class=\"alignleft size-thumbnail wp-image-5736\" \/><\/a><\/p>\n<p><a href=\"https:\/\/www.feuerwehr-matzen.at\/wp-content\/uploads\/2019\/02\/DSC03042.jpg\"><img loading=\"lazy\" decoding=\"async\" src=\"https:\/\/www.feuerwehr-matzen.at\/wp-content\/uploads\/2019\/02\/DSC03042-150x150.jpg\" alt=\"\" width=\"150\" height=\"150\" class=\"alignleft size-thumbnail wp-image-5737\" \/><\/a><\/p>\n<p><a href=\"https:\/\/www.feuerwehr-matzen.at\/wp-content\/uploads\/2019\/02\/DSC03044.jpg\"><img loading=\"lazy\" decoding=\"async\" src=\"https:\/\/www.feuerwehr-matzen.at\/wp-content\/uploads\/2019\/02\/DSC03044-150x150.jpg\" alt=\"\" width=\"150\" height=\"150\" class=\"alignleft size-thumbnail wp-image-5738\" \/><\/a><\/p>\n<p><a href=\"https:\/\/www.feuerwehr-matzen.at\/wp-content\/uploads\/2019\/02\/DSC03045.jpg\"><img loading=\"lazy\" decoding=\"async\" src=\"https:\/\/www.feuerwehr-matzen.at\/wp-content\/uploads\/2019\/02\/DSC03045-150x150.jpg\" alt=\"\" width=\"150\" height=\"150\" class=\"alignleft size-thumbnail wp-image-5739\" \/><\/a><\/p>\n<p><a href=\"https:\/\/www.feuerwehr-matzen.at\/wp-content\/uploads\/2019\/02\/DSC03046.jpg\"><img loading=\"lazy\" decoding=\"async\" src=\"https:\/\/www.feuerwehr-matzen.at\/wp-content\/uploads\/2019\/02\/DSC03046-150x150.jpg\" alt=\"\" width=\"150\" height=\"150\" class=\"alignleft size-thumbnail wp-image-5740\" \/><\/a><\/p>\n<p><a href=\"https:\/\/www.feuerwehr-matzen.at\/wp-content\/uploads\/2019\/02\/DSC03048.jpg\"><img loading=\"lazy\" decoding=\"async\" src=\"https:\/\/www.feuerwehr-matzen.at\/wp-content\/uploads\/2019\/02\/DSC03048-150x150.jpg\" alt=\"\" width=\"150\" height=\"150\" class=\"alignleft size-thumbnail wp-image-5741\" \/><\/a><\/p>\n","protected":false},"excerpt":{"rendered":"<p>Zimmerbrand Zweiter Alarm am heutigen Tag. Dieses Mal wurde die Feuerwehr Matzen am 2. Februar 2019 um 19:43 Uhr mittels Sirene, BlaulichtSMS und Pager zu einem Zimmerbrand auf der Hauptstra\u00dfe in Matzen mit der Zusatzinfo Ofenbrand alarmiert. Unverz\u00fcglich r\u00fcckten 16 <a class=\"more-link\" href=\"https:\/\/www.feuerwehr-matzen.at\/?page_id=5735\">weiterlesen  <span class=\"screen-reader-text\">  02. Februar 2019<\/span><span class=\"meta-nav\">&rarr;<\/span><\/a><\/p>\n","protected":false},"author":6,"featured_media":0,"parent":0,"menu_order":0,"comment_status":"closed","ping_status":"closed","template":"","meta":{"footnotes":""},"class_list":["post-5735","page","type-page","status-publish","hentry"],"_links":{"self":[{"href":"https:\/\/www.feuerwehr-matzen.at\/index.php?rest_route=\/wp\/v2\/pages\/5735","targetHints":{"allow":["GET"]}}],"collection":[{"href":"https:\/\/www.feuerwehr-matzen.at\/index.php?rest_route=\/wp\/v2\/pages"}],"about":[{"href":"https:\/\/www.feuerwehr-matzen.at\/index.php?rest_route=\/wp\/v2\/types\/page"}],"author":[{"embeddable":true,"href":"https:\/\/www.feuerwehr-matzen.at\/index.php?rest_route=\/wp\/v2\/users\/6"}],"replies":[{"embeddable":true,"href":"https:\/\/www.feuerwehr-matzen.at\/index.php?rest_route=%2Fwp%2Fv2%2Fcomments&post=5735"}],"version-history":[{"count":3,"href":"https:\/\/www.feuerwehr-matzen.at\/index.php?rest_route=\/wp\/v2\/pages\/5735\/revisions"}],"predecessor-version":[{"id":5745,"href":"https:\/\/www.feuerwehr-matzen.at\/index.php?rest_route=\/wp\/v2\/pages\/5735\/revisions\/5745"}],"wp:attachment":[{"href":"https:\/\/www.feuerwehr-matzen.at\/index.php?rest_route=%2Fwp%2Fv2%2Fmedia&parent=5735"}],"curies":[{"name":"wp","href":"https:\/\/api.w.org\/{rel}","templated":true}]}}