{"id":5864,"date":"2019-04-08T21:48:10","date_gmt":"2019-04-08T19:48:10","guid":{"rendered":"https:\/\/www.feuerwehr-matzen.at\/?page_id=5864"},"modified":"2020-09-18T14:15:11","modified_gmt":"2020-09-18T12:15:11","slug":"08-april-2019","status":"publish","type":"page","link":"https:\/\/www.feuerwehr-matzen.at\/?page_id=5864","title":{"rendered":"08. April 2019"},"content":{"rendered":"<p><strong>Fahrzeugbrand<\/strong><a title=\"Eins\u00e4tze\" href=\"https:\/\/www.feuerwehr-matzen.at\/?page_id=5620\"><img loading=\"lazy\" decoding=\"async\" class=\"alignright size-full wp-image-1833\" src=\"https:\/\/www.feuerwehr-matzen.at\/wp-content\/uploads\/2013\/07\/return.jpg\" alt=\"return\" width=\"65\" height=\"30\" \/><\/a><\/p>\n<p>Am 8. April 2019 wurde die Freiwillige Feuerwehr Matzen um 16:49 Uhr mittels Sirene, BlaulichtSMS und Pager zu einem Fahrzeugbrand Richtung Gro\u00df Schweinbarth alarmiert. Unverz\u00fcglich r\u00fcckten alle drei Fahrzeuge der Matzner Silberhelme Richtung Einsatzort aus. Da es sich bei diesem Fahrzeugbrand um die Alarmstufe B2 handelte, wurde die Feuerwehr Matzen zur Unterst\u00fctzung der zust\u00e4ndigen Feuerwehr Gro\u00df Schweinbarth mitalarmiert. Bereits auf der Anfahrt war die Rauchs\u00e4ule von Weitem zu sehen. An der Einsatzstelle angekommen waren die Flammen bereits niedergeschlagen und die Kameraden der benachbarten Feuerwehr bedeckten das Fahrzeug mit einer Schaumdecke. Die Florianij\u00fcnger der Feuerwehr Matzen hielten sich in Bereitschaft. Zur Nachkontrolle wurde anschlie\u00dfend mit der W\u00e4rmebildkamera auf noch vorhandene Glutnester kontrolliert. Nach rund 45 Minuten konnten die Einsatzkr\u00e4fte aus Matzen wieder abr\u00fccken und die Einsatzbereitschaft herstellen.<\/p>\n<p>Im Einsatz befindliche Fahrzeuge: RLF-A 2000, KDOF, LAST<br \/>\nMannschaftsst\u00e4rke: 16<br \/>\nSonstige Einsatzkr\u00e4fte: FF Gro\u00df Schweinbarth, Polizei<\/p>\n<p><a href=\"https:\/\/www.feuerwehr-matzen.at\/wp-content\/uploads\/2019\/04\/DSC03049.jpg\"><img loading=\"lazy\" decoding=\"async\" src=\"https:\/\/www.feuerwehr-matzen.at\/wp-content\/uploads\/2019\/04\/DSC03049-150x150.jpg\" alt=\"\" width=\"150\" height=\"150\" class=\"alignleft size-thumbnail wp-image-5867\" \/><\/a><\/p>\n<p><a href=\"https:\/\/www.feuerwehr-matzen.at\/wp-content\/uploads\/2019\/04\/DSC03051.jpg\"><img loading=\"lazy\" decoding=\"async\" src=\"https:\/\/www.feuerwehr-matzen.at\/wp-content\/uploads\/2019\/04\/DSC03051-150x150.jpg\" alt=\"\" width=\"150\" height=\"150\" class=\"alignleft size-thumbnail wp-image-5868\" \/><\/a><\/p>\n<p><a href=\"https:\/\/www.feuerwehr-matzen.at\/wp-content\/uploads\/2019\/04\/DSC03053.jpg\"><img loading=\"lazy\" decoding=\"async\" src=\"https:\/\/www.feuerwehr-matzen.at\/wp-content\/uploads\/2019\/04\/DSC03053-150x150.jpg\" alt=\"\" width=\"150\" height=\"150\" class=\"alignleft size-thumbnail wp-image-5869\" \/><\/a><\/p>\n<p><a href=\"https:\/\/www.feuerwehr-matzen.at\/wp-content\/uploads\/2019\/04\/DSC03055.jpg\"><img loading=\"lazy\" decoding=\"async\" src=\"https:\/\/www.feuerwehr-matzen.at\/wp-content\/uploads\/2019\/04\/DSC03055-150x150.jpg\" alt=\"\" width=\"150\" height=\"150\" class=\"alignleft size-thumbnail wp-image-5870\" \/><\/a><\/p>\n<p><a href=\"https:\/\/www.feuerwehr-matzen.at\/wp-content\/uploads\/2019\/04\/DSC03058.jpg\"><img loading=\"lazy\" decoding=\"async\" src=\"https:\/\/www.feuerwehr-matzen.at\/wp-content\/uploads\/2019\/04\/DSC03058-150x150.jpg\" alt=\"\" width=\"150\" height=\"150\" class=\"alignleft size-thumbnail wp-image-5871\" \/><\/a><\/p>\n<p><a href=\"https:\/\/www.feuerwehr-matzen.at\/wp-content\/uploads\/2019\/04\/DSC03059.jpg\"><img loading=\"lazy\" decoding=\"async\" src=\"https:\/\/www.feuerwehr-matzen.at\/wp-content\/uploads\/2019\/04\/DSC03059-150x150.jpg\" alt=\"\" width=\"150\" height=\"150\" class=\"alignleft size-thumbnail wp-image-5872\" \/><\/a><\/p>\n<p><a href=\"https:\/\/www.feuerwehr-matzen.at\/wp-content\/uploads\/2019\/04\/DSC03063.jpg\"><img loading=\"lazy\" decoding=\"async\" src=\"https:\/\/www.feuerwehr-matzen.at\/wp-content\/uploads\/2019\/04\/DSC03063-150x150.jpg\" alt=\"\" width=\"150\" height=\"150\" class=\"alignleft size-thumbnail wp-image-5873\" \/><\/a><\/p>\n<p><a href=\"https:\/\/www.feuerwehr-matzen.at\/wp-content\/uploads\/2019\/04\/DSC03065.jpg\"><img loading=\"lazy\" decoding=\"async\" src=\"https:\/\/www.feuerwehr-matzen.at\/wp-content\/uploads\/2019\/04\/DSC03065-150x150.jpg\" alt=\"\" width=\"150\" height=\"150\" class=\"alignleft size-thumbnail wp-image-5874\" \/><\/a><\/p>\n","protected":false},"excerpt":{"rendered":"<p>Fahrzeugbrand Am 8. April 2019 wurde die Freiwillige Feuerwehr Matzen um 16:49 Uhr mittels Sirene, BlaulichtSMS und Pager zu einem Fahrzeugbrand Richtung Gro\u00df Schweinbarth alarmiert. Unverz\u00fcglich r\u00fcckten alle drei Fahrzeuge der Matzner Silberhelme Richtung Einsatzort aus. Da es sich bei <a class=\"more-link\" href=\"https:\/\/www.feuerwehr-matzen.at\/?page_id=5864\">weiterlesen  <span class=\"screen-reader-text\">  08. April 2019<\/span><span class=\"meta-nav\">&rarr;<\/span><\/a><\/p>\n","protected":false},"author":6,"featured_media":0,"parent":0,"menu_order":0,"comment_status":"closed","ping_status":"closed","template":"","meta":{"footnotes":""},"class_list":["post-5864","page","type-page","status-publish","hentry"],"_links":{"self":[{"href":"https:\/\/www.feuerwehr-matzen.at\/index.php?rest_route=\/wp\/v2\/pages\/5864","targetHints":{"allow":["GET"]}}],"collection":[{"href":"https:\/\/www.feuerwehr-matzen.at\/index.php?rest_route=\/wp\/v2\/pages"}],"about":[{"href":"https:\/\/www.feuerwehr-matzen.at\/index.php?rest_route=\/wp\/v2\/types\/page"}],"author":[{"embeddable":true,"href":"https:\/\/www.feuerwehr-matzen.at\/index.php?rest_route=\/wp\/v2\/users\/6"}],"replies":[{"embeddable":true,"href":"https:\/\/www.feuerwehr-matzen.at\/index.php?rest_route=%2Fwp%2Fv2%2Fcomments&post=5864"}],"version-history":[{"count":2,"href":"https:\/\/www.feuerwehr-matzen.at\/index.php?rest_route=\/wp\/v2\/pages\/5864\/revisions"}],"predecessor-version":[{"id":5875,"href":"https:\/\/www.feuerwehr-matzen.at\/index.php?rest_route=\/wp\/v2\/pages\/5864\/revisions\/5875"}],"wp:attachment":[{"href":"https:\/\/www.feuerwehr-matzen.at\/index.php?rest_route=%2Fwp%2Fv2%2Fmedia&parent=5864"}],"curies":[{"name":"wp","href":"https:\/\/api.w.org\/{rel}","templated":true}]}}