{"id":5876,"date":"2019-04-15T21:55:06","date_gmt":"2019-04-15T19:55:06","guid":{"rendered":"https:\/\/www.feuerwehr-matzen.at\/?page_id=5876"},"modified":"2020-09-18T14:15:23","modified_gmt":"2020-09-18T12:15:23","slug":"15-april-2019","status":"publish","type":"page","link":"https:\/\/www.feuerwehr-matzen.at\/?page_id=5876","title":{"rendered":"15. April 2019"},"content":{"rendered":"<p><strong>Traktorunfall<\/strong><a title=\"Eins\u00e4tze\" href=\"https:\/\/www.feuerwehr-matzen.at\/?page_id=5620\"><img loading=\"lazy\" decoding=\"async\" class=\"alignright size-full wp-image-1833\" src=\"https:\/\/www.feuerwehr-matzen.at\/wp-content\/uploads\/2013\/07\/return.jpg\" alt=\"return\" width=\"65\" height=\"30\" \/><\/a><\/p>\n<p>In den Nachmittagsstunden des 15. Aprils 2019 kam es zu einem schweren Traktorunfall in Matzen. Um 15:07 wurden die \u00f6rtlichen Silberhelme zu einer Fahrzeugbergung beim \u201eHahnkreuz\u201c mittels Sirene, BlaulichtSMS und Pager alarmiert. Unverz\u00fcglich r\u00fcckten 13 Mann mit 2 Fahrzeugen zum Unfallort aus. Bereits bei der Ausr\u00fcckemeldung wurde dem Einsatzleiter mitgeteilt, dass es sich bei dem Einsatz, um einen umgest\u00fcrzten Traktor mit einer verletzten Person handelt.<br \/>\nAm Ungl\u00fccksort eingetroffen, wurde der Verletzte bereits vom eingetroffenen Notarzt des Roten Kreuzes G\u00e4nserndorf versorgt. Aus noch unbekannter Ursache rollte der Traktor rund 30 Meter \u00fcber einen Abhang, querte eine Stra\u00dfe und st\u00fcrzte in Folge \u00fcber eine B\u00f6schung. Durch die Wucht des Aufpralls wurde der Fahrer durch das Dach des Traktors katapultiert. Nach der Erstversorgung durch die Mannschaft des Roten Kreuzes wurde der Notarzthubschrauber C9 zum Transport des Schwerverletzten in ein Krankenhaus angefordert.<br \/>\nGemeinsam mit den Feuerwehrkr\u00e4ften wurde der Ungl\u00fcckslenker zur Stabilisierung ins Rettungsfahrzeug verbracht. In der Zwischenzeit wurde die Feuerwehr Auersthal mit dem Wechselladefahrzeug zur Bergung des schwer besch\u00e4digten Traktors nachalarmiert. Nachdem der Lenker mit dem Notarzthubschrauber abtransportiert und der Unfallort von der Exekutive freigegeben wurde, konnte mit der Bergung des Unfallfahrzeuges begonnen werden. Mittels Ladekran des Wechselladefahrzeuges der Feuerwehr  Auersthal wurde das Wrack angehoben und aufs Plateau verladen. Nach rund 2 Stunden konnten alle Einsatzkr\u00e4fte wieder abr\u00fccken und die Einsatzbereitschaft herstellen. <\/p>\n<p>Im Einsatz befindliche Fahrzeuge: RLF-A 2000, LAST<br \/>\nMannschaftsst\u00e4rke: 16<br \/>\nSonstige Einsatzkr\u00e4fte: FF Auersthal, RK G\u00e4nserndorf, First Responder, Notarzthubschrauber C9, Polizei<\/p>\n<p><a href=\"https:\/\/www.feuerwehr-matzen.at\/wp-content\/uploads\/2019\/04\/DSC03071.jpg\"><img loading=\"lazy\" decoding=\"async\" src=\"https:\/\/www.feuerwehr-matzen.at\/wp-content\/uploads\/2019\/04\/DSC03071-150x150.jpg\" alt=\"\" width=\"150\" height=\"150\" class=\"alignleft size-thumbnail wp-image-5877\" \/><\/a><\/p>\n<p><a href=\"https:\/\/www.feuerwehr-matzen.at\/wp-content\/uploads\/2019\/04\/DSC03076.jpg\"><img loading=\"lazy\" decoding=\"async\" src=\"https:\/\/www.feuerwehr-matzen.at\/wp-content\/uploads\/2019\/04\/DSC03076-150x150.jpg\" alt=\"\" width=\"150\" height=\"150\" class=\"alignleft size-thumbnail wp-image-5878\" \/><\/a><\/p>\n<p><a href=\"https:\/\/www.feuerwehr-matzen.at\/wp-content\/uploads\/2019\/04\/DSC03078.jpg\"><img loading=\"lazy\" decoding=\"async\" src=\"https:\/\/www.feuerwehr-matzen.at\/wp-content\/uploads\/2019\/04\/DSC03078-150x150.jpg\" alt=\"\" width=\"150\" height=\"150\" class=\"alignleft size-thumbnail wp-image-5879\" \/><\/a><\/p>\n<p><a href=\"https:\/\/www.feuerwehr-matzen.at\/wp-content\/uploads\/2019\/04\/DSC03092.jpg\"><img loading=\"lazy\" decoding=\"async\" src=\"https:\/\/www.feuerwehr-matzen.at\/wp-content\/uploads\/2019\/04\/DSC03092-150x150.jpg\" alt=\"\" width=\"150\" height=\"150\" class=\"alignleft size-thumbnail wp-image-5880\" \/><\/a><\/p>\n<p><a href=\"https:\/\/www.feuerwehr-matzen.at\/wp-content\/uploads\/2019\/04\/DSC03099.jpg\"><img loading=\"lazy\" decoding=\"async\" src=\"https:\/\/www.feuerwehr-matzen.at\/wp-content\/uploads\/2019\/04\/DSC03099-150x150.jpg\" alt=\"\" width=\"150\" height=\"150\" class=\"alignleft size-thumbnail wp-image-5881\" \/><\/a><\/p>\n<p><a href=\"https:\/\/www.feuerwehr-matzen.at\/wp-content\/uploads\/2019\/04\/DSC03107.jpg\"><img loading=\"lazy\" decoding=\"async\" src=\"https:\/\/www.feuerwehr-matzen.at\/wp-content\/uploads\/2019\/04\/DSC03107-150x150.jpg\" alt=\"\" width=\"150\" height=\"150\" class=\"alignleft size-thumbnail wp-image-5882\" \/><\/a><\/p>\n<p><a href=\"https:\/\/www.feuerwehr-matzen.at\/wp-content\/uploads\/2019\/04\/DSC03109.jpg\"><img loading=\"lazy\" decoding=\"async\" src=\"https:\/\/www.feuerwehr-matzen.at\/wp-content\/uploads\/2019\/04\/DSC03109-150x150.jpg\" alt=\"\" width=\"150\" height=\"150\" class=\"alignleft size-thumbnail wp-image-5883\" \/><\/a><\/p>\n<p><a href=\"https:\/\/www.feuerwehr-matzen.at\/wp-content\/uploads\/2019\/04\/DSC03111.jpg\"><img loading=\"lazy\" decoding=\"async\" src=\"https:\/\/www.feuerwehr-matzen.at\/wp-content\/uploads\/2019\/04\/DSC03111-150x150.jpg\" alt=\"\" width=\"150\" height=\"150\" class=\"alignleft size-thumbnail wp-image-5884\" \/><\/a><\/p>\n<p><a href=\"https:\/\/www.feuerwehr-matzen.at\/wp-content\/uploads\/2019\/04\/DSC03125.jpg\"><img loading=\"lazy\" decoding=\"async\" src=\"https:\/\/www.feuerwehr-matzen.at\/wp-content\/uploads\/2019\/04\/DSC03125-150x150.jpg\" alt=\"\" width=\"150\" height=\"150\" class=\"alignleft size-thumbnail wp-image-5885\" \/><\/a><\/p>\n<p><a href=\"https:\/\/www.feuerwehr-matzen.at\/wp-content\/uploads\/2019\/04\/DSC03131.jpg\"><img loading=\"lazy\" decoding=\"async\" src=\"https:\/\/www.feuerwehr-matzen.at\/wp-content\/uploads\/2019\/04\/DSC03131-150x150.jpg\" alt=\"\" width=\"150\" height=\"150\" class=\"alignleft size-thumbnail wp-image-5886\" \/><\/a><\/p>\n<p><a href=\"https:\/\/www.feuerwehr-matzen.at\/wp-content\/uploads\/2019\/04\/DSC03140.jpg\"><img loading=\"lazy\" decoding=\"async\" src=\"https:\/\/www.feuerwehr-matzen.at\/wp-content\/uploads\/2019\/04\/DSC03140-150x150.jpg\" alt=\"\" width=\"150\" height=\"150\" class=\"alignleft size-thumbnail wp-image-5887\" \/><\/a><\/p>\n<p><a href=\"https:\/\/www.feuerwehr-matzen.at\/wp-content\/uploads\/2019\/04\/DSC03150.jpg\"><img loading=\"lazy\" decoding=\"async\" src=\"https:\/\/www.feuerwehr-matzen.at\/wp-content\/uploads\/2019\/04\/DSC03150-150x150.jpg\" alt=\"\" width=\"150\" height=\"150\" class=\"alignleft size-thumbnail wp-image-5888\" \/><\/a><\/p>\n","protected":false},"excerpt":{"rendered":"<p>Traktorunfall In den Nachmittagsstunden des 15. Aprils 2019 kam es zu einem schweren Traktorunfall in Matzen. Um 15:07 wurden die \u00f6rtlichen Silberhelme zu einer Fahrzeugbergung beim \u201eHahnkreuz\u201c mittels Sirene, BlaulichtSMS und Pager alarmiert. Unverz\u00fcglich r\u00fcckten 13 Mann mit 2 Fahrzeugen <a class=\"more-link\" href=\"https:\/\/www.feuerwehr-matzen.at\/?page_id=5876\">weiterlesen  <span class=\"screen-reader-text\">  15. April 2019<\/span><span class=\"meta-nav\">&rarr;<\/span><\/a><\/p>\n","protected":false},"author":6,"featured_media":0,"parent":0,"menu_order":0,"comment_status":"closed","ping_status":"closed","template":"","meta":{"footnotes":""},"class_list":["post-5876","page","type-page","status-publish","hentry"],"_links":{"self":[{"href":"https:\/\/www.feuerwehr-matzen.at\/index.php?rest_route=\/wp\/v2\/pages\/5876","targetHints":{"allow":["GET"]}}],"collection":[{"href":"https:\/\/www.feuerwehr-matzen.at\/index.php?rest_route=\/wp\/v2\/pages"}],"about":[{"href":"https:\/\/www.feuerwehr-matzen.at\/index.php?rest_route=\/wp\/v2\/types\/page"}],"author":[{"embeddable":true,"href":"https:\/\/www.feuerwehr-matzen.at\/index.php?rest_route=\/wp\/v2\/users\/6"}],"replies":[{"embeddable":true,"href":"https:\/\/www.feuerwehr-matzen.at\/index.php?rest_route=%2Fwp%2Fv2%2Fcomments&post=5876"}],"version-history":[{"count":9,"href":"https:\/\/www.feuerwehr-matzen.at\/index.php?rest_route=\/wp\/v2\/pages\/5876\/revisions"}],"predecessor-version":[{"id":5898,"href":"https:\/\/www.feuerwehr-matzen.at\/index.php?rest_route=\/wp\/v2\/pages\/5876\/revisions\/5898"}],"wp:attachment":[{"href":"https:\/\/www.feuerwehr-matzen.at\/index.php?rest_route=%2Fwp%2Fv2%2Fmedia&parent=5876"}],"curies":[{"name":"wp","href":"https:\/\/api.w.org\/{rel}","templated":true}]}}