{"id":5919,"date":"2019-04-23T13:38:54","date_gmt":"2019-04-23T11:38:54","guid":{"rendered":"https:\/\/www.feuerwehr-matzen.at\/?page_id=5919"},"modified":"2020-09-18T14:15:23","modified_gmt":"2020-09-18T12:15:23","slug":"13-april-2019","status":"publish","type":"page","link":"https:\/\/www.feuerwehr-matzen.at\/?page_id=5919","title":{"rendered":"13. April 2019"},"content":{"rendered":"<p><strong>Unterabschnitts-Inspektions\u00fcbung<\/strong><a title=\"\u00dcbungen 2019\" href=\"https:\/\/www.feuerwehr-matzen.at\/?page_id=5732\"><img loading=\"lazy\" decoding=\"async\" class=\"alignright size-full wp-image-1833\" src=\"https:\/\/www.feuerwehr-matzen.at\/wp-content\/uploads\/2013\/07\/return.jpg\" alt=\"return\" width=\"65\" height=\"30\" \/><\/a><\/p>\n<p>Am 13. April 2019 fand die Unterabschnitts-Atemschutz\u00fcbung in Matzen statt. Beim Ausr\u00fccken wurde dem \u00dcbungsleiter die Alarmmeldung \u201eRauchentwicklung in der Winzergenossenschaft\u201c mitgeteilt. Am \u00dcbungsort angekommen bekam der \u00dcbungsleiter w\u00e4hrend seiner Erkundung vom Hausbesitzer die Information, dass es 6 Vermisste g\u00e4be. Unverz\u00fcglich wurde der Gruppenkommandant des R\u00fcstl\u00f6schfahrzeuges mit der Menschenrettung beauftragt. Nach Eintreffen des Kommandofahrzeuges wurde die Einrichtung einer \u201eEinsatzleitung\u201c befohlen. Kurz darauf r\u00fcckte das HLF der Feuerwehr Raggendorf an. Ebenfalls mit der Menschenrettung beauftragt, machte sich ein Atemschutztrupp ins Brandobjekt auf. Nach mehreren Durchg\u00e4ngen der ATS-Trupps konnten alle Vermissten gerettet werden. Nach einer ausf\u00fchrlichen Nachbesprechung konnten alle Einsatzkr\u00e4fte zu einer St\u00e4rkung ins Feuerwehrhaus Matzen einr\u00fccken.<\/p>\n","protected":false},"excerpt":{"rendered":"<p>Unterabschnitts-Inspektions\u00fcbung Am 13. April 2019 fand die Unterabschnitts-Atemschutz\u00fcbung in Matzen statt. Beim Ausr\u00fccken wurde dem \u00dcbungsleiter die Alarmmeldung \u201eRauchentwicklung in der Winzergenossenschaft\u201c mitgeteilt. Am \u00dcbungsort angekommen bekam der \u00dcbungsleiter w\u00e4hrend seiner Erkundung vom Hausbesitzer die Information, dass es 6 Vermisste <a class=\"more-link\" href=\"https:\/\/www.feuerwehr-matzen.at\/?page_id=5919\">weiterlesen  <span class=\"screen-reader-text\">  13. April 2019<\/span><span class=\"meta-nav\">&rarr;<\/span><\/a><\/p>\n","protected":false},"author":6,"featured_media":0,"parent":0,"menu_order":0,"comment_status":"closed","ping_status":"closed","template":"","meta":{"footnotes":""},"class_list":["post-5919","page","type-page","status-publish","hentry"],"_links":{"self":[{"href":"https:\/\/www.feuerwehr-matzen.at\/index.php?rest_route=\/wp\/v2\/pages\/5919","targetHints":{"allow":["GET"]}}],"collection":[{"href":"https:\/\/www.feuerwehr-matzen.at\/index.php?rest_route=\/wp\/v2\/pages"}],"about":[{"href":"https:\/\/www.feuerwehr-matzen.at\/index.php?rest_route=\/wp\/v2\/types\/page"}],"author":[{"embeddable":true,"href":"https:\/\/www.feuerwehr-matzen.at\/index.php?rest_route=\/wp\/v2\/users\/6"}],"replies":[{"embeddable":true,"href":"https:\/\/www.feuerwehr-matzen.at\/index.php?rest_route=%2Fwp%2Fv2%2Fcomments&post=5919"}],"version-history":[{"count":3,"href":"https:\/\/www.feuerwehr-matzen.at\/index.php?rest_route=\/wp\/v2\/pages\/5919\/revisions"}],"predecessor-version":[{"id":5922,"href":"https:\/\/www.feuerwehr-matzen.at\/index.php?rest_route=\/wp\/v2\/pages\/5919\/revisions\/5922"}],"wp:attachment":[{"href":"https:\/\/www.feuerwehr-matzen.at\/index.php?rest_route=%2Fwp%2Fv2%2Fmedia&parent=5919"}],"curies":[{"name":"wp","href":"https:\/\/api.w.org\/{rel}","templated":true}]}}