{"id":5947,"date":"2019-04-27T13:57:01","date_gmt":"2019-04-27T11:57:01","guid":{"rendered":"https:\/\/www.feuerwehr-matzen.at\/?page_id=5947"},"modified":"2020-09-18T14:15:34","modified_gmt":"2020-09-18T12:15:34","slug":"26-april-2019","status":"publish","type":"page","link":"https:\/\/www.feuerwehr-matzen.at\/?page_id=5947","title":{"rendered":"26. April 2019"},"content":{"rendered":"<p><strong>Menschenrettung<\/strong><a title=\"Eins\u00e4tze\" href=\"https:\/\/www.feuerwehr-matzen.at\/?page_id=5620\"><img loading=\"lazy\" decoding=\"async\" class=\"alignright size-full wp-image-1833\" src=\"https:\/\/www.feuerwehr-matzen.at\/wp-content\/uploads\/2013\/07\/return.jpg\" alt=\"return\" width=\"65\" height=\"30\" \/><\/a><\/p>\n<p>Am 26. April 2019 wurde die Feuerwehr Matzen um 23:42 zu einem Verkehrsunfall mit einer eingeklemmten Person mittels Sirene, BlaulichtSMS und Pager alarmiert. Binnen 4 Minuten r\u00fcckte das erste Fahrzeug Richtung Einsatzort auf der L19 Fahrtrichtung Prottes aus. Ein Pkw kam von Prottes kommend ins Bankett und kollidierte in Folge seitlich mit einem Baum. Unverz\u00fcglich wurde vom Einsatzleiter und dem Gruppenkommandanten die m\u00f6glichen Rettungswege erkundet. W\u00e4hrend das Rote Kreuz den Verunfallten, der massiv im Fahrzeug eingeklemmt war, versorgte, wurde von den Silberhelmen die Menschenrettung vorbereitet. Gleichzeitig wurde die Einsatzstelle abgesichert und ein Brandschutz aufgebaut. F\u00fcr die Rettung des PKW Fahrers musste der Baum gef\u00e4llt werden. Mittels Seilwinde der Feuerwehr Prottes wurde das Fahrzeug gegen Abrutschen gesichert. W\u00e4hrend die Feuerwehr Matzen die beiden T\u00fcren der Fahrerseite entfernte, wurde von der Nachbarfeuerwehr mittels Rettungszylinder zeitgleich das Armaturenbrett zur\u00fcckgedr\u00fcckt. Gemeinsam konnte der Verunfallte von den Einsatzkr\u00e4ften aus dem schwer besch\u00e4digten Fahrzeug in das Rettungsfahrzeug transportiert werden. Zwischenzeitlich wurde der Rettungshubschrauber alarmiert und der schwer verletzte PKW-Lenker im RTW stabilisiert. Nach der Ankunft des Rettungshubschraubers wurde die Fahrzeugbergung des Unfallwracks vorbereitet. Mittels Seilwinde wurde das schwer besch\u00e4digte Fahrzeug wieder auf die Stra\u00dfe gezogen und mittels Abschleppachse auf einen von der Polizei zugewiesenen Platz verbracht. Nach \u00fcber 2 Stunden konnten die Einsatzkr\u00e4fte wieder einr\u00fccken und die Einsatzbereitschaft herstellen.<\/p>\n<p>Im Einsatz befindliche Fahrzeuge: RLF-A 2000, KDO, LAST<br \/>\nMannschaftsst\u00e4rke: 16<br \/>\nSonstige Einsatzkr\u00e4fte: FF Prottes, RK G\u00e4nserndorf, First Responder, Notarzthubschrauber, Polizei<\/p>\n<p><a href=\"https:\/\/www.feuerwehr-matzen.at\/wp-content\/uploads\/2019\/04\/DSC03161.jpg\"><img loading=\"lazy\" decoding=\"async\" src=\"https:\/\/www.feuerwehr-matzen.at\/wp-content\/uploads\/2019\/04\/DSC03161-150x150.jpg\" alt=\"\" width=\"150\" height=\"150\" class=\"alignleft size-thumbnail wp-image-5948\" \/><\/a><\/p>\n<p><a href=\"https:\/\/www.feuerwehr-matzen.at\/wp-content\/uploads\/2019\/04\/DSC03171.jpg\"><img loading=\"lazy\" decoding=\"async\" src=\"https:\/\/www.feuerwehr-matzen.at\/wp-content\/uploads\/2019\/04\/DSC03171-150x150.jpg\" alt=\"\" width=\"150\" height=\"150\" class=\"alignleft size-thumbnail wp-image-5949\" \/><\/a><\/p>\n<p><a href=\"https:\/\/www.feuerwehr-matzen.at\/wp-content\/uploads\/2019\/04\/DSC03178.jpg\"><img loading=\"lazy\" decoding=\"async\" src=\"https:\/\/www.feuerwehr-matzen.at\/wp-content\/uploads\/2019\/04\/DSC03178-150x150.jpg\" alt=\"\" width=\"150\" height=\"150\" class=\"alignleft size-thumbnail wp-image-5950\" \/><\/a><\/p>\n<p><a href=\"https:\/\/www.feuerwehr-matzen.at\/wp-content\/uploads\/2019\/04\/DSC03179.jpg\"><img loading=\"lazy\" decoding=\"async\" src=\"https:\/\/www.feuerwehr-matzen.at\/wp-content\/uploads\/2019\/04\/DSC03179-150x150.jpg\" alt=\"\" width=\"150\" height=\"150\" class=\"alignleft size-thumbnail wp-image-5951\" \/><\/a><\/p>\n<p><a href=\"https:\/\/www.feuerwehr-matzen.at\/wp-content\/uploads\/2019\/04\/DSC03182.jpg\"><img loading=\"lazy\" decoding=\"async\" src=\"https:\/\/www.feuerwehr-matzen.at\/wp-content\/uploads\/2019\/04\/DSC03182-150x150.jpg\" alt=\"\" width=\"150\" height=\"150\" class=\"alignleft size-thumbnail wp-image-5952\" \/><\/a><\/p>\n<p><a href=\"https:\/\/www.feuerwehr-matzen.at\/wp-content\/uploads\/2019\/04\/DSC03188.jpg\"><img loading=\"lazy\" decoding=\"async\" src=\"https:\/\/www.feuerwehr-matzen.at\/wp-content\/uploads\/2019\/04\/DSC03188-150x150.jpg\" alt=\"\" width=\"150\" height=\"150\" class=\"alignleft size-thumbnail wp-image-5953\" \/><\/a><\/p>\n<p><a href=\"https:\/\/www.feuerwehr-matzen.at\/wp-content\/uploads\/2019\/04\/DSC03213.jpg\"><img loading=\"lazy\" decoding=\"async\" src=\"https:\/\/www.feuerwehr-matzen.at\/wp-content\/uploads\/2019\/04\/DSC03213-150x150.jpg\" alt=\"\" width=\"150\" height=\"150\" class=\"alignleft size-thumbnail wp-image-5954\" \/><\/a><\/p>\n<p><a href=\"https:\/\/www.feuerwehr-matzen.at\/wp-content\/uploads\/2019\/04\/DSC03218.jpg\"><img loading=\"lazy\" decoding=\"async\" src=\"https:\/\/www.feuerwehr-matzen.at\/wp-content\/uploads\/2019\/04\/DSC03218-150x150.jpg\" alt=\"\" width=\"150\" height=\"150\" class=\"alignleft size-thumbnail wp-image-5955\" \/><\/a><\/p>\n","protected":false},"excerpt":{"rendered":"<p>Menschenrettung Am 26. April 2019 wurde die Feuerwehr Matzen um 23:42 zu einem Verkehrsunfall mit einer eingeklemmten Person mittels Sirene, BlaulichtSMS und Pager alarmiert. Binnen 4 Minuten r\u00fcckte das erste Fahrzeug Richtung Einsatzort auf der L19 Fahrtrichtung Prottes aus. Ein <a class=\"more-link\" href=\"https:\/\/www.feuerwehr-matzen.at\/?page_id=5947\">weiterlesen  <span class=\"screen-reader-text\">  26. April 2019<\/span><span class=\"meta-nav\">&rarr;<\/span><\/a><\/p>\n","protected":false},"author":6,"featured_media":0,"parent":0,"menu_order":0,"comment_status":"closed","ping_status":"closed","template":"","meta":{"footnotes":""},"class_list":["post-5947","page","type-page","status-publish","hentry"],"_links":{"self":[{"href":"https:\/\/www.feuerwehr-matzen.at\/index.php?rest_route=\/wp\/v2\/pages\/5947","targetHints":{"allow":["GET"]}}],"collection":[{"href":"https:\/\/www.feuerwehr-matzen.at\/index.php?rest_route=\/wp\/v2\/pages"}],"about":[{"href":"https:\/\/www.feuerwehr-matzen.at\/index.php?rest_route=\/wp\/v2\/types\/page"}],"author":[{"embeddable":true,"href":"https:\/\/www.feuerwehr-matzen.at\/index.php?rest_route=\/wp\/v2\/users\/6"}],"replies":[{"embeddable":true,"href":"https:\/\/www.feuerwehr-matzen.at\/index.php?rest_route=%2Fwp%2Fv2%2Fcomments&post=5947"}],"version-history":[{"count":2,"href":"https:\/\/www.feuerwehr-matzen.at\/index.php?rest_route=\/wp\/v2\/pages\/5947\/revisions"}],"predecessor-version":[{"id":5958,"href":"https:\/\/www.feuerwehr-matzen.at\/index.php?rest_route=\/wp\/v2\/pages\/5947\/revisions\/5958"}],"wp:attachment":[{"href":"https:\/\/www.feuerwehr-matzen.at\/index.php?rest_route=%2Fwp%2Fv2%2Fmedia&parent=5947"}],"curies":[{"name":"wp","href":"https:\/\/api.w.org\/{rel}","templated":true}]}}