{"id":5991,"date":"2019-07-07T20:52:30","date_gmt":"2019-07-07T18:52:30","guid":{"rendered":"https:\/\/www.feuerwehr-matzen.at\/?page_id=5991"},"modified":"2020-09-18T14:15:11","modified_gmt":"2020-09-18T12:15:11","slug":"01-juli-2019","status":"publish","type":"page","link":"https:\/\/www.feuerwehr-matzen.at\/?page_id=5991","title":{"rendered":"01. Juli 2019"},"content":{"rendered":"<p><strong>Sturmeinsatz<\/strong><a title=\"Eins\u00e4tze\" href=\"https:\/\/www.feuerwehr-matzen.at\/?page_id=5620\"><img loading=\"lazy\" decoding=\"async\" class=\"alignright size-full wp-image-1833\" src=\"https:\/\/www.feuerwehr-matzen.at\/wp-content\/uploads\/2013\/07\/return.jpg\" alt=\"return\" width=\"65\" height=\"30\" \/><\/a><\/p>\n<p>Am 1. Juli 2019 wurde die Feuerwehr Matzen um 19:44 Uhr noch w\u00e4hrend des anhaltenden Sturmes mittels Sirene, BlaulichtSMS und Pager zu einem Sturmschaden alarmiert. Aufgrund der starken Windb\u00f6en brach ein gro\u00dfer Ast in der Friedhofgasse und landete im Friedhof. Unverz\u00fcglich fanden sich 17 Mann im Feuerwehrhaus ein. Da sich wettertechnisch keine Besserung zeigte und um keine Kameraden zu gef\u00e4hrden, wurde beschlossen die Einsatzstelle abzusichern und die Stra\u00dfe gro\u00dfr\u00e4umig zu sperren. In Absprache mit dem Bauhof wurden die Aufr\u00e4umarbeiten an die Bauhofmitarbeiter abgegeben. Nach rund 30 Minuten konnte der Einsatz beendet werden.<\/p>\n<p>Mannschaftsst\u00e4rke: 17<\/p>\n<p><a href=\"https:\/\/www.feuerwehr-matzen.at\/wp-content\/uploads\/2019\/07\/IMAG0482.jpg\"><img loading=\"lazy\" decoding=\"async\" src=\"https:\/\/www.feuerwehr-matzen.at\/wp-content\/uploads\/2019\/07\/IMAG0482-150x150.jpg\" alt=\"\" width=\"150\" height=\"150\" class=\"alignleft size-thumbnail wp-image-5992\" \/><\/a><\/p>\n<p><a href=\"https:\/\/www.feuerwehr-matzen.at\/wp-content\/uploads\/2019\/07\/IMAG0483.jpg\"><img loading=\"lazy\" decoding=\"async\" src=\"https:\/\/www.feuerwehr-matzen.at\/wp-content\/uploads\/2019\/07\/IMAG0483-150x150.jpg\" alt=\"\" width=\"150\" height=\"150\" class=\"alignleft size-thumbnail wp-image-5993\" \/><\/a><\/p>\n","protected":false},"excerpt":{"rendered":"<p>Sturmeinsatz Am 1. Juli 2019 wurde die Feuerwehr Matzen um 19:44 Uhr noch w\u00e4hrend des anhaltenden Sturmes mittels Sirene, BlaulichtSMS und Pager zu einem Sturmschaden alarmiert. Aufgrund der starken Windb\u00f6en brach ein gro\u00dfer Ast in der Friedhofgasse und landete im <a class=\"more-link\" href=\"https:\/\/www.feuerwehr-matzen.at\/?page_id=5991\">weiterlesen  <span class=\"screen-reader-text\">  01. Juli 2019<\/span><span class=\"meta-nav\">&rarr;<\/span><\/a><\/p>\n","protected":false},"author":6,"featured_media":0,"parent":0,"menu_order":0,"comment_status":"closed","ping_status":"closed","template":"","meta":{"footnotes":""},"class_list":["post-5991","page","type-page","status-publish","hentry"],"_links":{"self":[{"href":"https:\/\/www.feuerwehr-matzen.at\/index.php?rest_route=\/wp\/v2\/pages\/5991","targetHints":{"allow":["GET"]}}],"collection":[{"href":"https:\/\/www.feuerwehr-matzen.at\/index.php?rest_route=\/wp\/v2\/pages"}],"about":[{"href":"https:\/\/www.feuerwehr-matzen.at\/index.php?rest_route=\/wp\/v2\/types\/page"}],"author":[{"embeddable":true,"href":"https:\/\/www.feuerwehr-matzen.at\/index.php?rest_route=\/wp\/v2\/users\/6"}],"replies":[{"embeddable":true,"href":"https:\/\/www.feuerwehr-matzen.at\/index.php?rest_route=%2Fwp%2Fv2%2Fcomments&post=5991"}],"version-history":[{"count":1,"href":"https:\/\/www.feuerwehr-matzen.at\/index.php?rest_route=\/wp\/v2\/pages\/5991\/revisions"}],"predecessor-version":[{"id":5994,"href":"https:\/\/www.feuerwehr-matzen.at\/index.php?rest_route=\/wp\/v2\/pages\/5991\/revisions\/5994"}],"wp:attachment":[{"href":"https:\/\/www.feuerwehr-matzen.at\/index.php?rest_route=%2Fwp%2Fv2%2Fmedia&parent=5991"}],"curies":[{"name":"wp","href":"https:\/\/api.w.org\/{rel}","templated":true}]}}