{"id":5996,"date":"2019-07-11T11:59:55","date_gmt":"2019-07-11T09:59:55","guid":{"rendered":"https:\/\/www.feuerwehr-matzen.at\/?page_id=5996"},"modified":"2020-09-18T14:15:23","modified_gmt":"2020-09-18T12:15:23","slug":"11-juli-2019","status":"publish","type":"page","link":"https:\/\/www.feuerwehr-matzen.at\/?page_id=5996","title":{"rendered":"11. Juli 2019"},"content":{"rendered":"<p><strong>Brandeinsatz<\/strong><a title=\"Eins\u00e4tze\" href=\"https:\/\/www.feuerwehr-matzen.at\/?page_id=5620\"><img loading=\"lazy\" decoding=\"async\" class=\"alignright size-full wp-image-1833\" src=\"https:\/\/www.feuerwehr-matzen.at\/wp-content\/uploads\/2013\/07\/return.jpg\" alt=\"return\" width=\"65\" height=\"30\" \/><\/a><\/p>\n<p>Am 11. Juli 2019 wurde die Feuerwehr Matzen mittels Sirene, BlaulichtSMS und Pager zu einem Brandeinsatz nach Ebenthal alarmiert. Der mehrere hundert Quadratmeter gro\u00dfe Gemeindebauhof stand in Vollbrand. Sozialr\u00e4ume und die Hackschnitzelanlage waren ebenfalls betroffen. Von den bereits eingesetzten Einsatzkr\u00e4ften wurde die Alarmstufe erh\u00f6ht, worauf nach dem Alarmplan B4 zus\u00e4tzliche Kr\u00e4fte nachalarmiert wurden. An der Einsatzstelle angekommen, erhielt die Mannschaft der Feuerwehr Matzen den Befehl die eingesetzten Atemschutztrupps zu unterst\u00fctzen und mit dem R\u00fcstl\u00f6schfahrzeug den Wassertransport mittels Pendelverkehr gemeinsam mit anderen Fahrzeugen sicherzustellen. Das nachkommende Kommandofahrzeug errichtete mit 4 Mann die Einsatzleitung und unterst\u00fctzte den \u00f6rtlichen Einsatzleiter. Nachdem ein \u00dcbergreifen auf den benachbarten Wald verhindert werden konnte und Brand aus gegeben wurde, konnten die Florianij\u00fcnger aus Matzen nach rund 3 Stunden wieder abr\u00fccken. Die Feuerwehr Ebenthal blieb zur Bek\u00e4mpfung letzter Glutnester noch vor Ort. Insgesamt standen 16 Feuerwehren mit ca. 120 Mann, der Polizei, sowie dem Roten Kreuz im Einsatz.<\/p>\n<p>Im Einsatz befindliche Fahrzeuge: RLF-A 2000, KDO<br \/>\nMannschaftsst\u00e4rke: 10<br \/>\nSonstige Einsatzkr\u00e4fte: FF Ebenthal, FF Angern, FF D\u00f6rfles, FF D\u00fcrnkrut, FFErdpre\u00df, FF G\u00e4nserndorf, FF Loidesthal, FF Ollersdorf, BTF OMV-G\u00e4nserndorf, FF Prottes, FF Spannberg, FF Stillfried-Grub, FF Velm-G\u00f6tzendorf, FF Waidendorf, FF Zistersdorf, RK G\u00e4nserndorf, Polizei<\/p>\n<p><a href=\"https:\/\/www.feuerwehr-matzen.at\/wp-content\/uploads\/2019\/07\/20130420_XXL.jpg\"><img loading=\"lazy\" decoding=\"async\" src=\"https:\/\/www.feuerwehr-matzen.at\/wp-content\/uploads\/2019\/07\/20130420_XXL-150x150.jpg\" alt=\"\" width=\"150\" height=\"150\" class=\"alignleft size-thumbnail wp-image-5997\" \/><\/a><\/p>\n<p><a href=\"https:\/\/www.feuerwehr-matzen.at\/wp-content\/uploads\/2019\/07\/20130423_XXL.jpg\"><img loading=\"lazy\" decoding=\"async\" src=\"https:\/\/www.feuerwehr-matzen.at\/wp-content\/uploads\/2019\/07\/20130423_XXL-150x150.jpg\" alt=\"\" width=\"150\" height=\"150\" class=\"alignleft size-thumbnail wp-image-5998\" \/><\/a><\/p>\n<p><a href=\"https:\/\/www.feuerwehr-matzen.at\/wp-content\/uploads\/2019\/07\/20130426_XXL.jpg\"><img loading=\"lazy\" decoding=\"async\" src=\"https:\/\/www.feuerwehr-matzen.at\/wp-content\/uploads\/2019\/07\/20130426_XXL-150x150.jpg\" alt=\"\" width=\"150\" height=\"150\" class=\"alignleft size-thumbnail wp-image-5999\" \/><\/a><\/p>\n<p><a href=\"https:\/\/www.feuerwehr-matzen.at\/wp-content\/uploads\/2019\/07\/20130429_XXL.jpg\"><img loading=\"lazy\" decoding=\"async\" src=\"https:\/\/www.feuerwehr-matzen.at\/wp-content\/uploads\/2019\/07\/20130429_XXL-150x150.jpg\" alt=\"\" width=\"150\" height=\"150\" class=\"alignleft size-thumbnail wp-image-6000\" \/><\/a><\/p>\n<p><a href=\"https:\/\/www.feuerwehr-matzen.at\/wp-content\/uploads\/2019\/07\/20130435_XXL.jpg\"><img loading=\"lazy\" decoding=\"async\" src=\"https:\/\/www.feuerwehr-matzen.at\/wp-content\/uploads\/2019\/07\/20130435_XXL-150x150.jpg\" alt=\"\" width=\"150\" height=\"150\" class=\"alignleft size-thumbnail wp-image-6001\" \/><\/a><\/p>\n<p><a href=\"https:\/\/www.feuerwehr-matzen.at\/wp-content\/uploads\/2019\/07\/20130444_XXL.jpg\"><img loading=\"lazy\" decoding=\"async\" src=\"https:\/\/www.feuerwehr-matzen.at\/wp-content\/uploads\/2019\/07\/20130444_XXL-150x150.jpg\" alt=\"\" width=\"150\" height=\"150\" class=\"alignleft size-thumbnail wp-image-6002\" \/><\/a><\/p>\n<p><a href=\"https:\/\/www.feuerwehr-matzen.at\/wp-content\/uploads\/2019\/07\/DSC03234.jpg\"><img loading=\"lazy\" decoding=\"async\" src=\"https:\/\/www.feuerwehr-matzen.at\/wp-content\/uploads\/2019\/07\/DSC03234-150x150.jpg\" alt=\"\" width=\"150\" height=\"150\" class=\"alignleft size-thumbnail wp-image-6072\" \/><\/a><\/p>\n<p><a href=\"https:\/\/www.feuerwehr-matzen.at\/wp-content\/uploads\/2019\/07\/DSC03236.jpg\"><img loading=\"lazy\" decoding=\"async\" src=\"https:\/\/www.feuerwehr-matzen.at\/wp-content\/uploads\/2019\/07\/DSC03236-150x150.jpg\" alt=\"\" width=\"150\" height=\"150\" class=\"alignleft size-thumbnail wp-image-6073\" \/><\/a><\/p>\n<p><a href=\"https:\/\/www.feuerwehr-matzen.at\/wp-content\/uploads\/2019\/07\/DSC03237.jpg\"><img loading=\"lazy\" decoding=\"async\" src=\"https:\/\/www.feuerwehr-matzen.at\/wp-content\/uploads\/2019\/07\/DSC03237-150x150.jpg\" alt=\"\" width=\"150\" height=\"150\" class=\"alignleft size-thumbnail wp-image-6074\" \/><\/a><\/p>\n<p><a href=\"https:\/\/www.feuerwehr-matzen.at\/wp-content\/uploads\/2019\/07\/DSC03239.jpg\"><img loading=\"lazy\" decoding=\"async\" src=\"https:\/\/www.feuerwehr-matzen.at\/wp-content\/uploads\/2019\/07\/DSC03239-150x150.jpg\" alt=\"\" width=\"150\" height=\"150\" class=\"alignleft size-thumbnail wp-image-6075\" \/><\/a><\/p>\n<p><a href=\"https:\/\/www.feuerwehr-matzen.at\/wp-content\/uploads\/2019\/07\/DSC03242.jpg\"><img loading=\"lazy\" decoding=\"async\" src=\"https:\/\/www.feuerwehr-matzen.at\/wp-content\/uploads\/2019\/07\/DSC03242-150x150.jpg\" alt=\"\" width=\"150\" height=\"150\" class=\"alignleft size-thumbnail wp-image-6076\" \/><\/a><\/p>\n","protected":false},"excerpt":{"rendered":"<p>Brandeinsatz Am 11. Juli 2019 wurde die Feuerwehr Matzen mittels Sirene, BlaulichtSMS und Pager zu einem Brandeinsatz nach Ebenthal alarmiert. Der mehrere hundert Quadratmeter gro\u00dfe Gemeindebauhof stand in Vollbrand. Sozialr\u00e4ume und die Hackschnitzelanlage waren ebenfalls betroffen. Von den bereits eingesetzten <a class=\"more-link\" href=\"https:\/\/www.feuerwehr-matzen.at\/?page_id=5996\">weiterlesen  <span class=\"screen-reader-text\">  11. Juli 2019<\/span><span class=\"meta-nav\">&rarr;<\/span><\/a><\/p>\n","protected":false},"author":6,"featured_media":0,"parent":0,"menu_order":0,"comment_status":"closed","ping_status":"closed","template":"","meta":{"footnotes":""},"class_list":["post-5996","page","type-page","status-publish","hentry"],"_links":{"self":[{"href":"https:\/\/www.feuerwehr-matzen.at\/index.php?rest_route=\/wp\/v2\/pages\/5996","targetHints":{"allow":["GET"]}}],"collection":[{"href":"https:\/\/www.feuerwehr-matzen.at\/index.php?rest_route=\/wp\/v2\/pages"}],"about":[{"href":"https:\/\/www.feuerwehr-matzen.at\/index.php?rest_route=\/wp\/v2\/types\/page"}],"author":[{"embeddable":true,"href":"https:\/\/www.feuerwehr-matzen.at\/index.php?rest_route=\/wp\/v2\/users\/6"}],"replies":[{"embeddable":true,"href":"https:\/\/www.feuerwehr-matzen.at\/index.php?rest_route=%2Fwp%2Fv2%2Fcomments&post=5996"}],"version-history":[{"count":5,"href":"https:\/\/www.feuerwehr-matzen.at\/index.php?rest_route=\/wp\/v2\/pages\/5996\/revisions"}],"predecessor-version":[{"id":6077,"href":"https:\/\/www.feuerwehr-matzen.at\/index.php?rest_route=\/wp\/v2\/pages\/5996\/revisions\/6077"}],"wp:attachment":[{"href":"https:\/\/www.feuerwehr-matzen.at\/index.php?rest_route=%2Fwp%2Fv2%2Fmedia&parent=5996"}],"curies":[{"name":"wp","href":"https:\/\/api.w.org\/{rel}","templated":true}]}}