{"id":6008,"date":"2019-07-11T19:35:05","date_gmt":"2019-07-11T17:35:05","guid":{"rendered":"https:\/\/www.feuerwehr-matzen.at\/?page_id=6008"},"modified":"2020-09-18T14:15:23","modified_gmt":"2020-09-18T12:15:23","slug":"11-juli-2019-2","status":"publish","type":"page","link":"https:\/\/www.feuerwehr-matzen.at\/?page_id=6008","title":{"rendered":"11. Juli 2019"},"content":{"rendered":"<p><strong>Dachstuhlbrand<\/strong><a title=\"Eins\u00e4tze\" href=\"https:\/\/www.feuerwehr-matzen.at\/?page_id=5620\"><img loading=\"lazy\" decoding=\"async\" class=\"alignright size-full wp-image-1833\" src=\"https:\/\/www.feuerwehr-matzen.at\/wp-content\/uploads\/2013\/07\/return.jpg\" alt=\"return\" width=\"65\" height=\"30\" \/><\/a><\/p>\n<p>Am 11. Juli 2019 wurde die Feuerwehr Matzen mittels Sirene, BlaulichtSMS und Pager um 17:35 Uhr zu einem Dachstuhlbrand in Matzen alarmiert. Nach dem Gro\u00dfbrand in Ebenthal am Vormittag, war das bereits der zweite Brandeinsatz an diesem Tag. Laut Alarmplan B3 wurden zeitgleich die Feuerwehren aus den Nachbarortschaften Raggendorf, Prottes, Gro\u00df Schweinbarth, Sch\u00f6nkirchen-Reyersdorf und G\u00e4nserndorf mitalarmiert. Bereits bei der Ankunft waren Rauch und Feuer aus der Dachhaut gut sichtbar. Unverz\u00fcglich wurde der Einsatzort gro\u00dfr\u00e4umig abgesperrt und eine Einsatzleitung aufgebaut. Unter Vornahme mehrerer Rohre konnten die Flammen rasch bek\u00e4mpft werden. Da im Dachbereich eine Gasleitung vermutet wurde, konnte nicht sofort ein Innenangriff gestartet werden. Nachdem die Gaszufuhr gestoppt wurde, konnte der Brand mit 3 eingesetzten Atemschutztrupps im Brandobjekt rasch bek\u00e4mpft werden. Da im Nachbarobjekt der Dachboden ebenfalls verraucht war, wurden zur Kontrolle ebenfalls 2 Atemschutztrupps entsendet. Nachdem Brand Aus gegeben werden konnte, wurden die Brandr\u00e4ume mittels Druckbel\u00fcfter wieder rauchfrei gemacht. Mittels W\u00e4rmebildkamera wurde das Brandobjekt anschlie\u00dfend auf Glutnester kontrolliert. Nachdem alle R\u00e4ume untersucht wurden, konnten alle 84 Mann der eingesetzten Feuerwehren wieder abr\u00fccken. <\/p>\n<p>Im Einsatz befindliche Fahrzeuge: RLF-A 2000, KDO,LAST<br \/>\nMannschaftsst\u00e4rke: 16<br \/>\nSonstige Einsatzkr\u00e4fte: FF Raggendorf, FF Prottes, FF Gro\u00df Schweinbarth, FF Sch\u00f6nkirchen-Reyersdorf, FF G\u00e4nserndorf, RK G\u00e4nserndorf, Polizei<\/p>\n<p><a href=\"https:\/\/www.feuerwehr-matzen.at\/wp-content\/uploads\/2019\/07\/IMG0815.jpg\"><img loading=\"lazy\" decoding=\"async\" src=\"https:\/\/www.feuerwehr-matzen.at\/wp-content\/uploads\/2019\/07\/IMG0815-150x150.jpg\" alt=\"\" width=\"150\" height=\"150\" class=\"alignleft size-thumbnail wp-image-6020\" \/><\/a><\/p>\n<p><a href=\"https:\/\/www.feuerwehr-matzen.at\/wp-content\/uploads\/2019\/07\/66434917_2290826467619507_7063404847365619712_o.jpg\"><img loading=\"lazy\" decoding=\"async\" src=\"https:\/\/www.feuerwehr-matzen.at\/wp-content\/uploads\/2019\/07\/66434917_2290826467619507_7063404847365619712_o-150x150.jpg\" alt=\"\" width=\"150\" height=\"150\" class=\"alignleft size-thumbnail wp-image-6026\" \/><\/a><\/p>\n<p><a href=\"https:\/\/www.feuerwehr-matzen.at\/wp-content\/uploads\/2019\/07\/DSC03251.jpg\"><img loading=\"lazy\" decoding=\"async\" src=\"https:\/\/www.feuerwehr-matzen.at\/wp-content\/uploads\/2019\/07\/DSC03251-150x150.jpg\" alt=\"\" width=\"150\" height=\"150\" class=\"alignleft size-thumbnail wp-image-6029\" \/><\/a><\/p>\n<p><a href=\"https:\/\/www.feuerwehr-matzen.at\/wp-content\/uploads\/2019\/07\/DSC03256.jpg\"><img loading=\"lazy\" decoding=\"async\" src=\"https:\/\/www.feuerwehr-matzen.at\/wp-content\/uploads\/2019\/07\/DSC03256-150x150.jpg\" alt=\"\" width=\"150\" height=\"150\" class=\"alignleft size-thumbnail wp-image-6030\" \/><\/a><\/p>\n<p><a href=\"https:\/\/www.feuerwehr-matzen.at\/wp-content\/uploads\/2019\/07\/DSC03260.jpg\"><img loading=\"lazy\" decoding=\"async\" src=\"https:\/\/www.feuerwehr-matzen.at\/wp-content\/uploads\/2019\/07\/DSC03260-150x150.jpg\" alt=\"\" width=\"150\" height=\"150\" class=\"alignleft size-thumbnail wp-image-6031\" \/><\/a><\/p>\n<p><a href=\"https:\/\/www.feuerwehr-matzen.at\/wp-content\/uploads\/2019\/07\/DSC03264.jpg\"><img loading=\"lazy\" decoding=\"async\" src=\"https:\/\/www.feuerwehr-matzen.at\/wp-content\/uploads\/2019\/07\/DSC03264-150x150.jpg\" alt=\"\" width=\"150\" height=\"150\" class=\"alignleft size-thumbnail wp-image-6032\" \/><\/a><\/p>\n<p><a href=\"https:\/\/www.feuerwehr-matzen.at\/wp-content\/uploads\/2019\/07\/DSC03266.jpg\"><img loading=\"lazy\" decoding=\"async\" src=\"https:\/\/www.feuerwehr-matzen.at\/wp-content\/uploads\/2019\/07\/DSC03266-150x150.jpg\" alt=\"\" width=\"150\" height=\"150\" class=\"alignleft size-thumbnail wp-image-6078\" \/><\/a><\/p>\n<p><a href=\"https:\/\/www.feuerwehr-matzen.at\/wp-content\/uploads\/2019\/07\/DSC03267.jpg\"><img loading=\"lazy\" decoding=\"async\" src=\"https:\/\/www.feuerwehr-matzen.at\/wp-content\/uploads\/2019\/07\/DSC03267-150x150.jpg\" alt=\"\" width=\"150\" height=\"150\" class=\"alignleft size-thumbnail wp-image-6033\" \/><\/a><\/p>\n<p><a href=\"https:\/\/www.feuerwehr-matzen.at\/wp-content\/uploads\/2019\/07\/DSC03268.jpg\"><img loading=\"lazy\" decoding=\"async\" src=\"https:\/\/www.feuerwehr-matzen.at\/wp-content\/uploads\/2019\/07\/DSC03268-150x150.jpg\" alt=\"\" width=\"150\" height=\"150\" class=\"alignleft size-thumbnail wp-image-6079\" \/><\/a><\/p>\n<p><a href=\"https:\/\/www.feuerwehr-matzen.at\/wp-content\/uploads\/2019\/07\/DSC03273.jpg\"><img loading=\"lazy\" decoding=\"async\" src=\"https:\/\/www.feuerwehr-matzen.at\/wp-content\/uploads\/2019\/07\/DSC03273-150x150.jpg\" alt=\"\" width=\"150\" height=\"150\" class=\"alignleft size-thumbnail wp-image-6034\" \/><\/a><\/p>\n<p><a href=\"https:\/\/www.feuerwehr-matzen.at\/wp-content\/uploads\/2019\/07\/66355424_2848722721835775_774925281176584192_o-001.jpg\"><img loading=\"lazy\" decoding=\"async\" src=\"https:\/\/www.feuerwehr-matzen.at\/wp-content\/uploads\/2019\/07\/66355424_2848722721835775_774925281176584192_o-001-150x150.jpg\" alt=\"\" width=\"150\" height=\"150\" class=\"alignleft size-thumbnail wp-image-6036\" \/><\/a><\/p>\n<p><a href=\"https:\/\/www.feuerwehr-matzen.at\/wp-content\/uploads\/2019\/07\/66390147_2848722735169107_2260939229213229056_o-001.jpg\"><img loading=\"lazy\" decoding=\"async\" src=\"https:\/\/www.feuerwehr-matzen.at\/wp-content\/uploads\/2019\/07\/66390147_2848722735169107_2260939229213229056_o-001-150x150.jpg\" alt=\"\" width=\"150\" height=\"150\" class=\"alignleft size-thumbnail wp-image-6037\" \/><\/a><\/p>\n<p><a href=\"https:\/\/www.feuerwehr-matzen.at\/wp-content\/uploads\/2019\/07\/66396922_2848722448502469_3472392062798659584_o-001.jpg\"><img loading=\"lazy\" decoding=\"async\" src=\"https:\/\/www.feuerwehr-matzen.at\/wp-content\/uploads\/2019\/07\/66396922_2848722448502469_3472392062798659584_o-001-150x150.jpg\" alt=\"\" width=\"150\" height=\"150\" class=\"alignleft size-thumbnail wp-image-6038\" \/><\/a><\/p>\n<p><a href=\"https:\/\/www.feuerwehr-matzen.at\/wp-content\/uploads\/2019\/07\/66397361_2848722308502483_3342414661520719872_o-001.jpg\"><img loading=\"lazy\" decoding=\"async\" src=\"https:\/\/www.feuerwehr-matzen.at\/wp-content\/uploads\/2019\/07\/66397361_2848722308502483_3342414661520719872_o-001-150x150.jpg\" alt=\"\" width=\"150\" height=\"150\" class=\"alignleft size-thumbnail wp-image-6039\" \/><\/a><\/p>\n<p><a href=\"https:\/\/www.feuerwehr-matzen.at\/wp-content\/uploads\/2019\/07\/66402515_2848722611835786_3404561854746329088_o-001.jpg\"><img loading=\"lazy\" decoding=\"async\" src=\"https:\/\/www.feuerwehr-matzen.at\/wp-content\/uploads\/2019\/07\/66402515_2848722611835786_3404561854746329088_o-001-150x150.jpg\" alt=\"\" width=\"150\" height=\"150\" class=\"alignleft size-thumbnail wp-image-6040\" \/><\/a><\/p>\n<p><a href=\"https:\/\/www.feuerwehr-matzen.at\/wp-content\/uploads\/2019\/07\/66425933_2848723061835741_3059848359389954048_o-001.jpg\"><img loading=\"lazy\" decoding=\"async\" src=\"https:\/\/www.feuerwehr-matzen.at\/wp-content\/uploads\/2019\/07\/66425933_2848723061835741_3059848359389954048_o-001-150x150.jpg\" alt=\"\" width=\"150\" height=\"150\" class=\"alignleft size-thumbnail wp-image-6041\" \/><\/a><\/p>\n<p><a href=\"https:\/\/www.feuerwehr-matzen.at\/wp-content\/uploads\/2019\/07\/66428012_2848722655169115_5341592672178012160_o-001.jpg\"><img loading=\"lazy\" decoding=\"async\" src=\"https:\/\/www.feuerwehr-matzen.at\/wp-content\/uploads\/2019\/07\/66428012_2848722655169115_5341592672178012160_o-001-150x150.jpg\" alt=\"\" width=\"150\" height=\"150\" class=\"alignleft size-thumbnail wp-image-6042\" \/><\/a><\/p>\n<p><a href=\"https:\/\/www.feuerwehr-matzen.at\/wp-content\/uploads\/2019\/07\/66639431_2848722738502440_1547637580453904384_o-001.jpg\"><img loading=\"lazy\" decoding=\"async\" src=\"https:\/\/www.feuerwehr-matzen.at\/wp-content\/uploads\/2019\/07\/66639431_2848722738502440_1547637580453904384_o-001-150x150.jpg\" alt=\"\" width=\"150\" height=\"150\" class=\"alignleft size-thumbnail wp-image-6043\" \/><\/a><\/p>\n<p><a href=\"https:\/\/www.feuerwehr-matzen.at\/wp-content\/uploads\/2019\/07\/66642175_2848722321835815_8241293821497835520_o-001.jpg\"><img loading=\"lazy\" decoding=\"async\" src=\"https:\/\/www.feuerwehr-matzen.at\/wp-content\/uploads\/2019\/07\/66642175_2848722321835815_8241293821497835520_o-001-150x150.jpg\" alt=\"\" width=\"150\" height=\"150\" class=\"alignleft size-thumbnail wp-image-6044\" \/><\/a><\/p>\n<p><a href=\"https:\/\/www.feuerwehr-matzen.at\/wp-content\/uploads\/2019\/07\/66855630_2848722688502445_6376152823796596736_o-001.jpg\"><img loading=\"lazy\" decoding=\"async\" src=\"https:\/\/www.feuerwehr-matzen.at\/wp-content\/uploads\/2019\/07\/66855630_2848722688502445_6376152823796596736_o-001-150x150.jpg\" alt=\"\" width=\"150\" height=\"150\" class=\"alignleft size-thumbnail wp-image-6045\" \/><\/a><\/p>\n<p><a href=\"https:\/\/www.feuerwehr-matzen.at\/wp-content\/uploads\/2019\/07\/67112416_2848722585169122_1841636050439503872_o-001.jpg\"><img loading=\"lazy\" decoding=\"async\" src=\"https:\/\/www.feuerwehr-matzen.at\/wp-content\/uploads\/2019\/07\/67112416_2848722585169122_1841636050439503872_o-001-150x150.jpg\" alt=\"\" width=\"150\" height=\"150\" class=\"alignleft size-thumbnail wp-image-6046\" \/><\/a><\/p>\n","protected":false},"excerpt":{"rendered":"<p>Dachstuhlbrand Am 11. Juli 2019 wurde die Feuerwehr Matzen mittels Sirene, BlaulichtSMS und Pager um 17:35 Uhr zu einem Dachstuhlbrand in Matzen alarmiert. Nach dem Gro\u00dfbrand in Ebenthal am Vormittag, war das bereits der zweite Brandeinsatz an diesem Tag. Laut <a class=\"more-link\" href=\"https:\/\/www.feuerwehr-matzen.at\/?page_id=6008\">weiterlesen  <span class=\"screen-reader-text\">  11. Juli 2019<\/span><span class=\"meta-nav\">&rarr;<\/span><\/a><\/p>\n","protected":false},"author":6,"featured_media":0,"parent":0,"menu_order":0,"comment_status":"closed","ping_status":"closed","template":"","meta":{"footnotes":""},"class_list":["post-6008","page","type-page","status-publish","hentry"],"_links":{"self":[{"href":"https:\/\/www.feuerwehr-matzen.at\/index.php?rest_route=\/wp\/v2\/pages\/6008","targetHints":{"allow":["GET"]}}],"collection":[{"href":"https:\/\/www.feuerwehr-matzen.at\/index.php?rest_route=\/wp\/v2\/pages"}],"about":[{"href":"https:\/\/www.feuerwehr-matzen.at\/index.php?rest_route=\/wp\/v2\/types\/page"}],"author":[{"embeddable":true,"href":"https:\/\/www.feuerwehr-matzen.at\/index.php?rest_route=\/wp\/v2\/users\/6"}],"replies":[{"embeddable":true,"href":"https:\/\/www.feuerwehr-matzen.at\/index.php?rest_route=%2Fwp%2Fv2%2Fcomments&post=6008"}],"version-history":[{"count":10,"href":"https:\/\/www.feuerwehr-matzen.at\/index.php?rest_route=\/wp\/v2\/pages\/6008\/revisions"}],"predecessor-version":[{"id":6080,"href":"https:\/\/www.feuerwehr-matzen.at\/index.php?rest_route=\/wp\/v2\/pages\/6008\/revisions\/6080"}],"wp:attachment":[{"href":"https:\/\/www.feuerwehr-matzen.at\/index.php?rest_route=%2Fwp%2Fv2%2Fmedia&parent=6008"}],"curies":[{"name":"wp","href":"https:\/\/api.w.org\/{rel}","templated":true}]}}