{"id":6016,"date":"2019-07-11T20:47:15","date_gmt":"2019-07-11T18:47:15","guid":{"rendered":"https:\/\/www.feuerwehr-matzen.at\/?page_id=6016"},"modified":"2026-02-14T14:03:04","modified_gmt":"2026-02-14T12:03:04","slug":"ueberoertliche-funktionen","status":"publish","type":"page","link":"https:\/\/www.feuerwehr-matzen.at\/?page_id=6016","title":{"rendered":"\u00fcberregionale Funktionen"},"content":{"rendered":"<p><strong>EHBI Manfred Neubauer<\/strong><\/p>\n<ul>\n<li>Unterabschnittsfeuerwehrkommandant<\/li>\n<li>Mitarbeiter Atemschutzbezirkspr\u00fcfstelle<\/li>\n<li>Ausbilder Feuerwehr Basiswissen<\/li>\n<\/ul>\n<p><strong>V Klemens Widhalm<\/strong><\/p>\n<ul>\n<li>Bezirksausbilder Vorbereitung &#8218;FLA in Gold&#8216;<\/li>\n<li>BF\u00dcST Leiter Sachgebiet 6<\/li>\n<\/ul>\n<p><strong>LM Christoph Wetska<\/strong><\/p>\n<ul>\n<li>VBSBTN1<\/li>\n<\/ul>\n<p><strong>OFM Andreas Wetska<\/strong><\/p>\n<ul>\n<li>BF\u00dcST Mitarbeiter Sachgebiet 4<\/li>\n<\/ul>\n","protected":false},"excerpt":{"rendered":"<p>EHBI Manfred Neubauer Unterabschnittsfeuerwehrkommandant Mitarbeiter Atemschutzbezirkspr\u00fcfstelle Ausbilder Feuerwehr Basiswissen V Klemens Widhalm Bezirksausbilder Vorbereitung &#8218;FLA in Gold&#8216; BF\u00dcST Leiter Sachgebiet 6 LM Christoph Wetska VBSBTN1 OFM Andreas Wetska BF\u00dcST Mitarbeiter Sachgebiet 4<\/p>\n","protected":false},"author":6,"featured_media":0,"parent":0,"menu_order":0,"comment_status":"closed","ping_status":"closed","template":"","meta":{"footnotes":""},"class_list":["post-6016","page","type-page","status-publish","hentry"],"_links":{"self":[{"href":"https:\/\/www.feuerwehr-matzen.at\/index.php?rest_route=\/wp\/v2\/pages\/6016","targetHints":{"allow":["GET"]}}],"collection":[{"href":"https:\/\/www.feuerwehr-matzen.at\/index.php?rest_route=\/wp\/v2\/pages"}],"about":[{"href":"https:\/\/www.feuerwehr-matzen.at\/index.php?rest_route=\/wp\/v2\/types\/page"}],"author":[{"embeddable":true,"href":"https:\/\/www.feuerwehr-matzen.at\/index.php?rest_route=\/wp\/v2\/users\/6"}],"replies":[{"embeddable":true,"href":"https:\/\/www.feuerwehr-matzen.at\/index.php?rest_route=%2Fwp%2Fv2%2Fcomments&post=6016"}],"version-history":[{"count":9,"href":"https:\/\/www.feuerwehr-matzen.at\/index.php?rest_route=\/wp\/v2\/pages\/6016\/revisions"}],"predecessor-version":[{"id":11778,"href":"https:\/\/www.feuerwehr-matzen.at\/index.php?rest_route=\/wp\/v2\/pages\/6016\/revisions\/11778"}],"wp:attachment":[{"href":"https:\/\/www.feuerwehr-matzen.at\/index.php?rest_route=%2Fwp%2Fv2%2Fmedia&parent=6016"}],"curies":[{"name":"wp","href":"https:\/\/api.w.org\/{rel}","templated":true}]}}