{"id":6081,"date":"2019-08-23T17:23:36","date_gmt":"2019-08-23T15:23:36","guid":{"rendered":"https:\/\/www.feuerwehr-matzen.at\/?page_id=6081"},"modified":"2020-09-18T14:15:34","modified_gmt":"2020-09-18T12:15:34","slug":"23-august-2019","status":"publish","type":"page","link":"https:\/\/www.feuerwehr-matzen.at\/?page_id=6081","title":{"rendered":"23. August 2019"},"content":{"rendered":"<p><strong>Schadstoffeinsatz<\/strong><a title=\"Eins\u00e4tze\" href=\"https:\/\/www.feuerwehr-matzen.at\/?page_id=5620\"><img loading=\"lazy\" decoding=\"async\" class=\"alignright size-full wp-image-1833\" src=\"https:\/\/www.feuerwehr-matzen.at\/wp-content\/uploads\/2013\/07\/return.jpg\" alt=\"return\" width=\"65\" height=\"30\" \/><\/a><\/p>\n<p>Am 23. August 2019 wurde die Feuerwehr Matzen mittels Sirene, BlaulichtSMS und Pager um 12:08 zu einem Schadstoffeinsatz \u2013 Binden einer \u00d6lspur alarmiert. Eine Spazierg\u00e4ngerin meldete die Verunreinigung bei der B\u00fcrgermeisterin, worauf diese die Einsatzkr\u00e4fte verst\u00e4ndigte. Kurz nach der Alarmierung r\u00fcckten 12 Mann mit 2 Fahrzeugen zum Einsatzort auf dem Raggendorferweg aus. Angekommen wurde eine ca. 200m lange \u00d6lspur vorgefunden. Da sich der Vorfall bereits am Vortag ereignete und das Aufbringen von \u00d6lbindemittel nicht den gew\u00fcnschten Einsatzerfolg gebracht h\u00e4tte, wurde vom bereits anwesenden Verursacher die Firma Wilding mit der Verkehrsfl\u00e4chenreinigung beauftragt. Durch den Einsatzleiter wurde angeordnet den Verkehr bis zum Eintreffen der Spezialfirma umzuleiten. Nach Absicherung der Einsatzstelle wurden verunreinigte Stellen im angrenzenden Acker ausgesteckt und die Stra\u00dfe f\u00fcr die Verkehrsfl\u00e4chenreinigung ges\u00e4ubert. Nach dem Eintreffen der Firma konnten die Matzner Florianij\u00fcnger nach \u00fcber 2 Stunden wieder einr\u00fccken und die Einsatzbereitschaft herstellen.<\/p>\n<p>Im Einsatz befindliche Fahrzeuge: RLF-A 2000,LAST<br \/>\nMannschaftsst\u00e4rke: 12<br \/>\nSonstige Einsatzkr\u00e4fte: Polizei<\/p>\n<p><a href=\"https:\/\/www.feuerwehr-matzen.at\/wp-content\/uploads\/2019\/08\/IMAG0678.jpg\"><img loading=\"lazy\" decoding=\"async\" src=\"https:\/\/www.feuerwehr-matzen.at\/wp-content\/uploads\/2019\/08\/IMAG0678-150x150.jpg\" alt=\"\" width=\"150\" height=\"150\" class=\"alignleft size-thumbnail wp-image-6084\" \/><\/a><\/p>\n<p><a href=\"https:\/\/www.feuerwehr-matzen.at\/wp-content\/uploads\/2019\/08\/IMAG0685.jpg\"><img loading=\"lazy\" decoding=\"async\" src=\"https:\/\/www.feuerwehr-matzen.at\/wp-content\/uploads\/2019\/08\/IMAG0685-150x150.jpg\" alt=\"\" width=\"150\" height=\"150\" class=\"alignleft size-thumbnail wp-image-6085\" \/><\/a><\/p>\n<p><a href=\"https:\/\/www.feuerwehr-matzen.at\/wp-content\/uploads\/2019\/08\/IMAG0686.jpg\"><img loading=\"lazy\" decoding=\"async\" src=\"https:\/\/www.feuerwehr-matzen.at\/wp-content\/uploads\/2019\/08\/IMAG0686-150x150.jpg\" alt=\"\" width=\"150\" height=\"150\" class=\"alignleft size-thumbnail wp-image-6086\" \/><\/a><\/p>\n","protected":false},"excerpt":{"rendered":"<p>Schadstoffeinsatz Am 23. August 2019 wurde die Feuerwehr Matzen mittels Sirene, BlaulichtSMS und Pager um 12:08 zu einem Schadstoffeinsatz \u2013 Binden einer \u00d6lspur alarmiert. Eine Spazierg\u00e4ngerin meldete die Verunreinigung bei der B\u00fcrgermeisterin, worauf diese die Einsatzkr\u00e4fte verst\u00e4ndigte. Kurz nach der <a class=\"more-link\" href=\"https:\/\/www.feuerwehr-matzen.at\/?page_id=6081\">weiterlesen  <span class=\"screen-reader-text\">  23. August 2019<\/span><span class=\"meta-nav\">&rarr;<\/span><\/a><\/p>\n","protected":false},"author":6,"featured_media":0,"parent":0,"menu_order":0,"comment_status":"closed","ping_status":"closed","template":"","meta":{"footnotes":""},"class_list":["post-6081","page","type-page","status-publish","hentry"],"_links":{"self":[{"href":"https:\/\/www.feuerwehr-matzen.at\/index.php?rest_route=\/wp\/v2\/pages\/6081","targetHints":{"allow":["GET"]}}],"collection":[{"href":"https:\/\/www.feuerwehr-matzen.at\/index.php?rest_route=\/wp\/v2\/pages"}],"about":[{"href":"https:\/\/www.feuerwehr-matzen.at\/index.php?rest_route=\/wp\/v2\/types\/page"}],"author":[{"embeddable":true,"href":"https:\/\/www.feuerwehr-matzen.at\/index.php?rest_route=\/wp\/v2\/users\/6"}],"replies":[{"embeddable":true,"href":"https:\/\/www.feuerwehr-matzen.at\/index.php?rest_route=%2Fwp%2Fv2%2Fcomments&post=6081"}],"version-history":[{"count":3,"href":"https:\/\/www.feuerwehr-matzen.at\/index.php?rest_route=\/wp\/v2\/pages\/6081\/revisions"}],"predecessor-version":[{"id":6087,"href":"https:\/\/www.feuerwehr-matzen.at\/index.php?rest_route=\/wp\/v2\/pages\/6081\/revisions\/6087"}],"wp:attachment":[{"href":"https:\/\/www.feuerwehr-matzen.at\/index.php?rest_route=%2Fwp%2Fv2%2Fmedia&parent=6081"}],"curies":[{"name":"wp","href":"https:\/\/api.w.org\/{rel}","templated":true}]}}