{"id":6089,"date":"2019-09-07T15:34:22","date_gmt":"2019-09-07T13:34:22","guid":{"rendered":"https:\/\/www.feuerwehr-matzen.at\/?page_id=6089"},"modified":"2020-09-18T14:15:11","modified_gmt":"2020-09-18T12:15:11","slug":"07-september-2019","status":"publish","type":"page","link":"https:\/\/www.feuerwehr-matzen.at\/?page_id=6089","title":{"rendered":"07. September 2019"},"content":{"rendered":"<p><strong>Finnentest<\/strong><a title=\"\u00dcbungen 2019\" href=\"https:\/\/www.feuerwehr-matzen.at\/?page_id=5732\"><img loading=\"lazy\" decoding=\"async\" class=\"alignright size-full wp-image-1833\" src=\"https:\/\/www.feuerwehr-matzen.at\/wp-content\/uploads\/2013\/07\/return.jpg\" alt=\"return\" width=\"65\" height=\"30\" \/><\/a><\/p>\n<p>Am 07. September fand die j\u00e4hrliche Atemschutz Leistungs\u00fcberpr\u00fcfung statt. Die als Finnentest bekannte k\u00f6rperliche Leistungskontrolle beinhaltet 5 Stationen welche unter schwerem Atemschutz durchgef\u00fchrt werden m\u00fcssen. Neben 200 Meter gehen (100 Meter mit 32 Kilo Zusatzgewicht) muss jeder aktive Atemschutztr\u00e4ger 180 Stufen steigen, einen 47 kg schweren Autoreifen mit dem Hammer schlagen, 18 St\u00fcck Hindernisse \u00fcberwinden sowie einen C-Schlauch Rollen. Insgesamt darf die Zeit von 14:30 Minuten nicht \u00fcberschritten werden.<\/p>\n<p><a href=\"https:\/\/www.feuerwehr-matzen.at\/wp-content\/uploads\/2019\/09\/61d6997a-6b53-4742-ae18-58f70e93637f.jpg\"><img loading=\"lazy\" decoding=\"async\" src=\"https:\/\/www.feuerwehr-matzen.at\/wp-content\/uploads\/2019\/09\/61d6997a-6b53-4742-ae18-58f70e93637f-150x150.jpg\" alt=\"\" width=\"150\" height=\"150\" class=\"alignleft size-thumbnail wp-image-6090\" \/><\/a><\/p>\n<p><a href=\"https:\/\/www.feuerwehr-matzen.at\/wp-content\/uploads\/2019\/09\/85f6f153-e676-4d23-b697-be818c21bf56.jpg\"><img loading=\"lazy\" decoding=\"async\" src=\"https:\/\/www.feuerwehr-matzen.at\/wp-content\/uploads\/2019\/09\/85f6f153-e676-4d23-b697-be818c21bf56-150x150.jpg\" alt=\"\" width=\"150\" height=\"150\" class=\"alignleft size-thumbnail wp-image-6091\" \/><\/a><\/p>\n<p><a href=\"https:\/\/www.feuerwehr-matzen.at\/wp-content\/uploads\/2019\/09\/a28b5802-28f3-45db-bd8b-06f69e4b3123.jpg\"><img loading=\"lazy\" decoding=\"async\" src=\"https:\/\/www.feuerwehr-matzen.at\/wp-content\/uploads\/2019\/09\/a28b5802-28f3-45db-bd8b-06f69e4b3123-150x150.jpg\" alt=\"\" width=\"150\" height=\"150\" class=\"alignleft size-thumbnail wp-image-6092\" \/><\/a><\/p>\n<p><a href=\"https:\/\/www.feuerwehr-matzen.at\/wp-content\/uploads\/2019\/09\/d755aa16-bde2-462a-9a60-88e698796435.jpg\"><img loading=\"lazy\" decoding=\"async\" src=\"https:\/\/www.feuerwehr-matzen.at\/wp-content\/uploads\/2019\/09\/d755aa16-bde2-462a-9a60-88e698796435-150x150.jpg\" alt=\"\" width=\"150\" height=\"150\" class=\"alignleft size-thumbnail wp-image-6093\" \/><\/a><\/p>\n<p><a href=\"https:\/\/www.feuerwehr-matzen.at\/wp-content\/uploads\/2019\/09\/f153b02b-9c2b-4d5c-a6a6-c68b42e1e8e5.jpg\"><img loading=\"lazy\" decoding=\"async\" src=\"https:\/\/www.feuerwehr-matzen.at\/wp-content\/uploads\/2019\/09\/f153b02b-9c2b-4d5c-a6a6-c68b42e1e8e5-150x150.jpg\" alt=\"\" width=\"150\" height=\"150\" class=\"alignleft size-thumbnail wp-image-6094\" \/><\/a><\/p>\n","protected":false},"excerpt":{"rendered":"<p>Finnentest Am 07. September fand die j\u00e4hrliche Atemschutz Leistungs\u00fcberpr\u00fcfung statt. Die als Finnentest bekannte k\u00f6rperliche Leistungskontrolle beinhaltet 5 Stationen welche unter schwerem Atemschutz durchgef\u00fchrt werden m\u00fcssen. Neben 200 Meter gehen (100 Meter mit 32 Kilo Zusatzgewicht) muss jeder aktive Atemschutztr\u00e4ger <a class=\"more-link\" href=\"https:\/\/www.feuerwehr-matzen.at\/?page_id=6089\">weiterlesen  <span class=\"screen-reader-text\">  07. September 2019<\/span><span class=\"meta-nav\">&rarr;<\/span><\/a><\/p>\n","protected":false},"author":6,"featured_media":0,"parent":0,"menu_order":0,"comment_status":"closed","ping_status":"closed","template":"","meta":{"footnotes":""},"class_list":["post-6089","page","type-page","status-publish","hentry"],"_links":{"self":[{"href":"https:\/\/www.feuerwehr-matzen.at\/index.php?rest_route=\/wp\/v2\/pages\/6089","targetHints":{"allow":["GET"]}}],"collection":[{"href":"https:\/\/www.feuerwehr-matzen.at\/index.php?rest_route=\/wp\/v2\/pages"}],"about":[{"href":"https:\/\/www.feuerwehr-matzen.at\/index.php?rest_route=\/wp\/v2\/types\/page"}],"author":[{"embeddable":true,"href":"https:\/\/www.feuerwehr-matzen.at\/index.php?rest_route=\/wp\/v2\/users\/6"}],"replies":[{"embeddable":true,"href":"https:\/\/www.feuerwehr-matzen.at\/index.php?rest_route=%2Fwp%2Fv2%2Fcomments&post=6089"}],"version-history":[{"count":1,"href":"https:\/\/www.feuerwehr-matzen.at\/index.php?rest_route=\/wp\/v2\/pages\/6089\/revisions"}],"predecessor-version":[{"id":6095,"href":"https:\/\/www.feuerwehr-matzen.at\/index.php?rest_route=\/wp\/v2\/pages\/6089\/revisions\/6095"}],"wp:attachment":[{"href":"https:\/\/www.feuerwehr-matzen.at\/index.php?rest_route=%2Fwp%2Fv2%2Fmedia&parent=6089"}],"curies":[{"name":"wp","href":"https:\/\/api.w.org\/{rel}","templated":true}]}}