{"id":6137,"date":"2019-09-07T18:38:36","date_gmt":"2019-09-07T16:38:36","guid":{"rendered":"https:\/\/www.feuerwehr-matzen.at\/?page_id=6137"},"modified":"2020-09-18T14:15:11","modified_gmt":"2020-09-18T12:15:11","slug":"07-september-2019-2","status":"publish","type":"page","link":"https:\/\/www.feuerwehr-matzen.at\/?page_id=6137","title":{"rendered":"07. September 2019"},"content":{"rendered":"<p><strong>Menschenrettung<\/strong><a title=\"Eins\u00e4tze\" href=\"https:\/\/www.feuerwehr-matzen.at\/?page_id=5620\"><img loading=\"lazy\" decoding=\"async\" class=\"alignright size-full wp-image-1833\" src=\"https:\/\/www.feuerwehr-matzen.at\/wp-content\/uploads\/2013\/07\/return.jpg\" alt=\"return\" width=\"65\" height=\"30\" \/><\/a><\/p>\n<p>Mit dem Meldebild T2 \u2013 Verkehrsunfall mit einer eingeklemmten Person wurde die Feuerwehr Matzen am 07. September 2019 um 17:11 Uhr mittels Sirene, BlaulichtSMS und Pager alarmiert. Laut Meldebild wurde automatisch die Nachbarfeuerwehr Prottes mitalarmiert. Unverz\u00fcglich r\u00fcckten 17 Mann mit 3 Fahrzeugen zum Einsatzort auf die L19 Richtung Prottes aus. Ein PKW kam auf regennasser Fahrbahn in einer Rechtkurve ins Schleudern, rutschte in Folge ins Bankett und kam seitlich im angrenzenden Acker zum Stillstand. Da sich der Fahrer aus eigener Kraft nicht aus dem Fahrzeug befreien konnte, wurden die Feuerwehren mit dem Meldebild Menschenrettung alarmiert. Unverz\u00fcglich nach Eintreffen der Einsatzkr\u00e4fte wurde die Einsatzstelle abgesichert und ein Zugang mittels Steckleitern zum Fahrer aufgebaut. Gl\u00fccklicherweise konnte der Pkw-Lenker unverletzt mittels Leitern aus dem Wrack gerettet werden. Nachdem es sich nicht um eine eingeklemmte Person handelte konnte die Feuerwehr Prottes wieder abr\u00fccken. Nach der Unfallaufnahme durch die Polizei und der Freigabe des Unfallfahrzeuges durch Diese, konnte mit der Fahrzeugbergung begonnen werden. Nachdem das Fahrzeug wieder auf die R\u00e4der gestellt wurde, schoben die Florianij\u00fcnger das Fahrzeug wieder auf die Stra\u00dfe. Mittels Abschleppachse wurde Dieses dann auf einen von der Polizei zugewiesenen Platz verbracht. Nach rund einer dreiviertel Stunde konnten alle Einsatzkr\u00e4fte wieder einr\u00fccken.<\/p>\n<p>Im Einsatz befindliche Fahrzeuge: RLF-A 2000,LAST<br \/>\nMannschaftsst\u00e4rke: 17<br \/>\nSonstige Einsatzkr\u00e4fte: Feuerwehr Prottes, RK G\u00e4nserndorf, First Responder, Polizei<\/p>\n<p><a href=\"https:\/\/www.feuerwehr-matzen.at\/wp-content\/uploads\/2019\/09\/IMAG0698.jpg\"><img loading=\"lazy\" decoding=\"async\" src=\"https:\/\/www.feuerwehr-matzen.at\/wp-content\/uploads\/2019\/09\/IMAG0698-150x150.jpg\" alt=\"\" width=\"150\" height=\"150\" class=\"alignleft size-thumbnail wp-image-6138\" \/><\/a><\/p>\n<p><a href=\"https:\/\/www.feuerwehr-matzen.at\/wp-content\/uploads\/2019\/09\/IMAG0700.jpg\"><img loading=\"lazy\" decoding=\"async\" src=\"https:\/\/www.feuerwehr-matzen.at\/wp-content\/uploads\/2019\/09\/IMAG0700-150x150.jpg\" alt=\"\" width=\"150\" height=\"150\" class=\"alignleft size-thumbnail wp-image-6139\" \/><\/a><\/p>\n<p><a href=\"https:\/\/www.feuerwehr-matzen.at\/wp-content\/uploads\/2019\/09\/IMAG0703.jpg\"><img loading=\"lazy\" decoding=\"async\" src=\"https:\/\/www.feuerwehr-matzen.at\/wp-content\/uploads\/2019\/09\/IMAG0703-150x150.jpg\" alt=\"\" width=\"150\" height=\"150\" class=\"alignleft size-thumbnail wp-image-6140\" \/><\/a><\/p>\n<p><a href=\"https:\/\/www.feuerwehr-matzen.at\/wp-content\/uploads\/2019\/09\/IMAG0710.jpg\"><img loading=\"lazy\" decoding=\"async\" src=\"https:\/\/www.feuerwehr-matzen.at\/wp-content\/uploads\/2019\/09\/IMAG0710-150x150.jpg\" alt=\"\" width=\"150\" height=\"150\" class=\"alignleft size-thumbnail wp-image-6141\" \/><\/a><\/p>\n<p><a href=\"https:\/\/www.feuerwehr-matzen.at\/wp-content\/uploads\/2019\/09\/IMAG0714.jpg\"><img loading=\"lazy\" decoding=\"async\" src=\"https:\/\/www.feuerwehr-matzen.at\/wp-content\/uploads\/2019\/09\/IMAG0714-150x150.jpg\" alt=\"\" width=\"150\" height=\"150\" class=\"alignleft size-thumbnail wp-image-6142\" \/><\/a><\/p>\n","protected":false},"excerpt":{"rendered":"<p>Menschenrettung Mit dem Meldebild T2 \u2013 Verkehrsunfall mit einer eingeklemmten Person wurde die Feuerwehr Matzen am 07. September 2019 um 17:11 Uhr mittels Sirene, BlaulichtSMS und Pager alarmiert. Laut Meldebild wurde automatisch die Nachbarfeuerwehr Prottes mitalarmiert. Unverz\u00fcglich r\u00fcckten 17 Mann <a class=\"more-link\" href=\"https:\/\/www.feuerwehr-matzen.at\/?page_id=6137\">weiterlesen  <span class=\"screen-reader-text\">  07. September 2019<\/span><span class=\"meta-nav\">&rarr;<\/span><\/a><\/p>\n","protected":false},"author":6,"featured_media":0,"parent":0,"menu_order":0,"comment_status":"closed","ping_status":"closed","template":"","meta":{"footnotes":""},"class_list":["post-6137","page","type-page","status-publish","hentry"],"_links":{"self":[{"href":"https:\/\/www.feuerwehr-matzen.at\/index.php?rest_route=\/wp\/v2\/pages\/6137","targetHints":{"allow":["GET"]}}],"collection":[{"href":"https:\/\/www.feuerwehr-matzen.at\/index.php?rest_route=\/wp\/v2\/pages"}],"about":[{"href":"https:\/\/www.feuerwehr-matzen.at\/index.php?rest_route=\/wp\/v2\/types\/page"}],"author":[{"embeddable":true,"href":"https:\/\/www.feuerwehr-matzen.at\/index.php?rest_route=\/wp\/v2\/users\/6"}],"replies":[{"embeddable":true,"href":"https:\/\/www.feuerwehr-matzen.at\/index.php?rest_route=%2Fwp%2Fv2%2Fcomments&post=6137"}],"version-history":[{"count":1,"href":"https:\/\/www.feuerwehr-matzen.at\/index.php?rest_route=\/wp\/v2\/pages\/6137\/revisions"}],"predecessor-version":[{"id":6143,"href":"https:\/\/www.feuerwehr-matzen.at\/index.php?rest_route=\/wp\/v2\/pages\/6137\/revisions\/6143"}],"wp:attachment":[{"href":"https:\/\/www.feuerwehr-matzen.at\/index.php?rest_route=%2Fwp%2Fv2%2Fmedia&parent=6137"}],"curies":[{"name":"wp","href":"https:\/\/api.w.org\/{rel}","templated":true}]}}