{"id":6145,"date":"2019-10-06T10:10:58","date_gmt":"2019-10-06T08:10:58","guid":{"rendered":"https:\/\/www.feuerwehr-matzen.at\/?page_id=6145"},"modified":"2020-09-18T14:15:11","modified_gmt":"2020-09-18T12:15:11","slug":"06-oktober-2019","status":"publish","type":"page","link":"https:\/\/www.feuerwehr-matzen.at\/?page_id=6145","title":{"rendered":"06. Oktober 2019"},"content":{"rendered":"<p><strong>TUS-Alarm<\/strong><a title=\"Eins\u00e4tze\" href=\"https:\/\/www.feuerwehr-matzen.at\/?page_id=5620\"><img loading=\"lazy\" decoding=\"async\" class=\"alignright size-full wp-image-1833\" src=\"https:\/\/www.feuerwehr-matzen.at\/wp-content\/uploads\/2013\/07\/return.jpg\" alt=\"return\" width=\"65\" height=\"30\" \/><\/a><\/p>\n<p>Am 06. Oktober 2019 wurde die Feuerwehr Matzen um 9:26 Uhr mittels Sirene, SMS-Alarm und Pager zu einem TUS-Alarm auf der Tankstelle in Matzen alarmiert. Das Kommandofahrzeug wurde r\u00fcckte mit dem Einsatzleiter zur Erkundung als erstes Fahrzeug aus. Noch w\u00e4hrend der Anfahrt des R\u00fcstl\u00f6schfahrzeuges konnte dieses storniert werden. Der Handmelder, der direkt an die Bezirksalarmzentrale angeschlossen ist, wurde bet\u00e4tigt und der Verursacher war nicht mehr aufzufinden. Nachdem kein Einsatzgrund auffindbar war, r\u00fcckten die Kameraden wieder ab.<\/p>\n<p>Im Einsatz befindliche Fahrzeuge: RLF-A 2000, KDO<br \/>\nMannschaftsst\u00e4rke: 12 Mann<\/p>\n<p><a href=\"https:\/\/www.feuerwehr-matzen.at\/wp-content\/uploads\/2018\/10\/DSC02898.jpg\"><img loading=\"lazy\" decoding=\"async\" src=\"https:\/\/www.feuerwehr-matzen.at\/wp-content\/uploads\/2018\/10\/DSC02898-150x150.jpg\" alt=\"\" width=\"150\" height=\"150\" class=\"alignleft size-thumbnail wp-image-5573\" \/><\/a><\/p>\n","protected":false},"excerpt":{"rendered":"<p>TUS-Alarm Am 06. Oktober 2019 wurde die Feuerwehr Matzen um 9:26 Uhr mittels Sirene, SMS-Alarm und Pager zu einem TUS-Alarm auf der Tankstelle in Matzen alarmiert. Das Kommandofahrzeug wurde r\u00fcckte mit dem Einsatzleiter zur Erkundung als erstes Fahrzeug aus. Noch <a class=\"more-link\" href=\"https:\/\/www.feuerwehr-matzen.at\/?page_id=6145\">weiterlesen  <span class=\"screen-reader-text\">  06. Oktober 2019<\/span><span class=\"meta-nav\">&rarr;<\/span><\/a><\/p>\n","protected":false},"author":6,"featured_media":0,"parent":0,"menu_order":0,"comment_status":"closed","ping_status":"closed","template":"","meta":{"footnotes":""},"class_list":["post-6145","page","type-page","status-publish","hentry"],"_links":{"self":[{"href":"https:\/\/www.feuerwehr-matzen.at\/index.php?rest_route=\/wp\/v2\/pages\/6145","targetHints":{"allow":["GET"]}}],"collection":[{"href":"https:\/\/www.feuerwehr-matzen.at\/index.php?rest_route=\/wp\/v2\/pages"}],"about":[{"href":"https:\/\/www.feuerwehr-matzen.at\/index.php?rest_route=\/wp\/v2\/types\/page"}],"author":[{"embeddable":true,"href":"https:\/\/www.feuerwehr-matzen.at\/index.php?rest_route=\/wp\/v2\/users\/6"}],"replies":[{"embeddable":true,"href":"https:\/\/www.feuerwehr-matzen.at\/index.php?rest_route=%2Fwp%2Fv2%2Fcomments&post=6145"}],"version-history":[{"count":4,"href":"https:\/\/www.feuerwehr-matzen.at\/index.php?rest_route=\/wp\/v2\/pages\/6145\/revisions"}],"predecessor-version":[{"id":6154,"href":"https:\/\/www.feuerwehr-matzen.at\/index.php?rest_route=\/wp\/v2\/pages\/6145\/revisions\/6154"}],"wp:attachment":[{"href":"https:\/\/www.feuerwehr-matzen.at\/index.php?rest_route=%2Fwp%2Fv2%2Fmedia&parent=6145"}],"curies":[{"name":"wp","href":"https:\/\/api.w.org\/{rel}","templated":true}]}}